{"id":10166,"date":"2019-10-07T21:28:34","date_gmt":"2019-10-07T20:28:34","guid":{"rendered":"https:\/\/www.berghoch.de\/?page_id=10166"},"modified":"2025-08-26T21:34:21","modified_gmt":"2025-08-26T19:34:21","slug":"batterien-recycling","status":"publish","type":"page","link":"https:\/\/www.berghoch.de\/en\/batterien-recycling\/","title":{"rendered":"Batteries &amp; Recycling"},"content":{"rendered":"<div data-elementor-type=\"wp-page\" data-elementor-id=\"10166\" class=\"elementor elementor-10166\" data-elementor-post-type=\"page\">\n\t\t\t\t\t\t<section class=\"elementor-section elementor-top-section elementor-element elementor-element-c3a4434 elementor-section-boxed elementor-section-height-default elementor-section-height-default\" data-id=\"c3a4434\" data-element_type=\"section\" data-e-type=\"section\">\n\t\t\t\t\t\t<div class=\"elementor-container elementor-column-gap-default\">\n\t\t\t\t\t<div class=\"elementor-column elementor-col-100 elementor-top-column elementor-element elementor-element-f0a95cb\" data-id=\"f0a95cb\" data-element_type=\"column\" data-e-type=\"column\">\n\t\t\t<div class=\"elementor-widget-wrap elementor-element-populated\">\n\t\t\t\t\t\t<div class=\"elementor-element elementor-element-a79ea0f elementor-widget elementor-widget-text-editor\" data-id=\"a79ea0f\" data-element_type=\"widget\" data-e-type=\"widget\" data-widget_type=\"text-editor.default\">\n\t\t\t\t<div class=\"elementor-widget-container\">\n\t\t\t\t\t\t\t\t\t<h2 data-start=\"236\" data-end=\"274\">Hinweise zur Entsorgung von Batterien, Elektroger\u00e4ten und Verpackungen<\/h2><h2 data-start=\"236\" data-end=\"274\"><strong data-start=\"236\" data-end=\"272\"><br \/>Batterieentsorgung und Recycling (BattG)<\/strong><\/h2><p data-start=\"276\" data-end=\"596\">Das Symbol der durchgestrichenen M\u00fclltonne bedeutet, dass Batterien und Akkus nicht \u00fcber den Hausm\u00fcll entsorgt werden d\u00fcrfen. Verbraucher sind gesetzlich verpflichtet, Altbatterien an einer geeigneten Sammelstelle (z. B. kommunale Sammelstellen, Wertstoffh\u00f6fe) oder im Handel abzugeben. Die R\u00fcckgabe ist unentgeltlich.<\/p><p data-start=\"598\" data-end=\"677\">Unter dem M\u00fclltonnensymbol k\u00f6nnen sich zus\u00e4tzlich chemische Symbole befinden:<\/p><ul data-start=\"678\" data-end=\"765\"><li data-start=\"678\" data-end=\"706\"><p data-start=\"680\" data-end=\"706\"><strong data-start=\"680\" data-end=\"686\">Cd<\/strong> = enth\u00e4lt Cadmium<\/p><\/li><li data-start=\"707\" data-end=\"739\"><p data-start=\"709\" data-end=\"739\"><strong data-start=\"709\" data-end=\"715\">Hg<\/strong> = enth\u00e4lt Quecksilber<\/p><\/li><li data-start=\"740\" data-end=\"765\"><p data-start=\"742\" data-end=\"765\"><strong data-start=\"742\" data-end=\"748\">Pb<\/strong> = enth\u00e4lt Blei<\/p><\/li><\/ul><p data-start=\"767\" data-end=\"853\">Diese chemischen Zeichen weisen auf die in der Batterie enthaltenen Schadstoffe hin.<\/p><p data-start=\"855\" data-end=\"1134\">Sie k\u00f6nnen Batterien, die wir als Neubatterien in unserem Sortiment f\u00fchren oder gef\u00fchrt haben, auch unentgeltlich an uns zur\u00fccksenden. Bitte senden Sie Batterien ausreichend frankiert an unsere Versandadresse. Das Porto erstatten wir Ihnen nach Eingang der Altbatterien zur\u00fcck.<\/p><p data-start=\"1136\" data-end=\"1285\">Durch die getrennte Sammlung und Entsorgung leisten Sie einen wichtigen Beitrag zum Umweltschutz und zur Vermeidung von Schadstoffen in der Umwelt.<\/p><h2 data-start=\"1136\" data-end=\"1285\">\u00a0<\/h2><h2 data-start=\"1664\" data-end=\"1726\"><strong data-start=\"1664\" data-end=\"1724\">Entsorgung von Elektro- und Elektronikger\u00e4ten (ElektroG)<\/strong><\/h2><p data-start=\"1728\" data-end=\"2029\">Das Symbol der durchgestrichenen M\u00fclltonne bedeutet, dass Elektro- und Elektronikger\u00e4te nicht \u00fcber den Hausm\u00fcll entsorgt werden d\u00fcrfen. Verbraucher sind gesetzlich verpflichtet, Altger\u00e4te bei den kommunalen Sammelstellen (z. B. Wertstoffhof) oder im Handel abzugeben. Die R\u00fcckgabe ist unentgeltlich.<\/p><p data-start=\"2031\" data-end=\"2152\">Bitte entfernen Sie Batterien und Akkus, soweit m\u00f6glich, vor der Abgabe eines Ger\u00e4tes und entsorgen Sie diese getrennt.<\/p><p data-start=\"2154\" data-end=\"2233\">Unter dem M\u00fclltonnensymbol k\u00f6nnen sich zus\u00e4tzlich chemische Zeichen befinden:<\/p><ul data-start=\"2234\" data-end=\"2321\"><li data-start=\"2234\" data-end=\"2262\"><p data-start=\"2236\" data-end=\"2262\"><strong data-start=\"2236\" data-end=\"2242\">Cd<\/strong> = enth\u00e4lt Cadmium<\/p><\/li><li data-start=\"2263\" data-end=\"2295\"><p data-start=\"2265\" data-end=\"2295\"><strong data-start=\"2265\" data-end=\"2271\">Hg<\/strong> = enth\u00e4lt Quecksilber<\/p><\/li><li data-start=\"2296\" data-end=\"2321\"><p data-start=\"2298\" data-end=\"2321\"><strong data-start=\"2298\" data-end=\"2304\">Pb<\/strong> = enth\u00e4lt Blei<\/p><\/li><\/ul><p data-start=\"2323\" data-end=\"2400\">Diese Zeichen weisen darauf hin, dass bestimmte Schadstoffe enthalten sind.<\/p><p data-start=\"2402\" data-end=\"2520\">Verbraucher sind zudem selbst verantwortlich, pers\u00f6nliche Daten auf Elektroaltger\u00e4ten vor der Entsorgung zu l\u00f6schen.<\/p><h2 data-start=\"1136\" data-end=\"1285\"><strong data-start=\"1192\" data-end=\"1229\"><br \/>Hinweis zur Verpackungsentsorgung (VerpackG)<br \/><\/strong><\/h2><p data-start=\"1136\" data-end=\"1285\"><br data-start=\"1229\" data-end=\"1232\" \/>Wir sind gem\u00e4\u00df den Regelungen des Verpackungsgesetzes dazu verpflichtet, Verpackungen unserer Produkte, die nicht das Zeichen eines Systems der fl\u00e4chendeckenden Entsorgung (wie z. B. dem \u201eGr\u00fcnen Punkt\u201c) tragen, zur\u00fcckzunehmen und f\u00fcr deren Wiederverwendung oder Entsorgung zu sorgen.<\/p><p data-start=\"1136\" data-end=\"1285\">Verbraucher haben die M\u00f6glichkeit, Verpackungen an uns zur\u00fcckzusenden. Wir sorgen daf\u00fcr, dass die Verpackungen wiederverwendet oder ordnungsgem\u00e4\u00df entsorgt werden.<br data-start=\"1694\" data-end=\"1697\" \/>Alternativ k\u00f6nnen Verpackungen auch \u00fcber die kommunalen Sammelstellen (Altpapiercontainer, Wertstoffh\u00f6fe) entsorgt werden.<\/p>\t\t\t\t\t\t\t\t<\/div>\n\t\t\t\t<\/div>\n\t\t\t\t\t<\/div>\n\t\t<\/div>\n\t\t\t\t\t<\/div>\n\t\t<\/section>\n\t\t<div class=\"elementor-element elementor-element-e75aee3 e-flex e-con-boxed e-con e-parent\" data-id=\"e75aee3\" data-element_type=\"container\" data-e-type=\"container\">\n\t\t\t\t\t<div class=\"e-con-inner\">\n\t\t\t\t<div class=\"elementor-element elementor-element-bfb786a elementor-widget elementor-widget-spacer\" data-id=\"bfb786a\" data-element_type=\"widget\" data-e-type=\"widget\" data-widget_type=\"spacer.default\">\n\t\t\t\t<div class=\"elementor-widget-container\">\n\t\t\t\t\t\t\t<div class=\"elementor-spacer\">\n\t\t\t<div class=\"elementor-spacer-inner\"><\/div>\n\t\t<\/div>\n\t\t\t\t\t\t<\/div>\n\t\t\t\t<\/div>\n\t\t\t\t\t<\/div>\n\t\t\t\t<\/div>\n\t\t\t\t<\/div>\n\t\t<script language='javascript' type='text\/javascript'>function getWR360PopupSkin(){return 'light_clean';}<\/script>","protected":false},"excerpt":{"rendered":"<p>Hinweise zur Entsorgung von Batterien, Elektroger\u00e4ten und Verpackungen Batterieentsorgung und Recycling (BattG) Das Symbol der durchgestrichenen M\u00fclltonne bedeutet, dass Batterien und Akkus nicht \u00fcber den Hausm\u00fcll entsorgt werden d\u00fcrfen. Verbraucher<\/p>","protected":false},"author":2,"featured_media":0,"parent":0,"menu_order":0,"comment_status":"closed","ping_status":"closed","template":"","meta":{"_glsr_average":0,"_glsr_ranking":0,"_glsr_reviews":0,"footnotes":""},"class_list":["post-10166","page","type-page","status-publish","hentry"],"_links":{"self":[{"href":"https:\/\/www.berghoch.de\/en\/wp-json\/wp\/v2\/pages\/10166","targetHints":{"allow":["GET"]}}],"collection":[{"href":"https:\/\/www.berghoch.de\/en\/wp-json\/wp\/v2\/pages"}],"about":[{"href":"https:\/\/www.berghoch.de\/en\/wp-json\/wp\/v2\/types\/page"}],"author":[{"embeddable":true,"href":"https:\/\/www.berghoch.de\/en\/wp-json\/wp\/v2\/users\/2"}],"replies":[{"embeddable":true,"href":"https:\/\/www.berghoch.de\/en\/wp-json\/wp\/v2\/comments?post=10166"}],"version-history":[{"count":0,"href":"https:\/\/www.berghoch.de\/en\/wp-json\/wp\/v2\/pages\/10166\/revisions"}],"wp:attachment":[{"href":"https:\/\/www.berghoch.de\/en\/wp-json\/wp\/v2\/media?parent=10166"}],"curies":[{"name":"wp","href":"https:\/\/api.w.org\/{rel}","templated":true}]}}