{"id":1486,"date":"2018-12-03T11:12:57","date_gmt":"2018-12-03T10:12:57","guid":{"rendered":"http:\/\/www.dvrshop.test\/datenschutzbelehrung\/"},"modified":"2025-08-26T21:42:59","modified_gmt":"2025-08-26T19:42:59","slug":"datenschutzbelehrung","status":"publish","type":"page","link":"https:\/\/www.berghoch.de\/en\/datenschutzbelehrung\/","title":{"rendered":"Privacy Policy"},"content":{"rendered":"<div data-elementor-type=\"wp-post\" data-elementor-id=\"1486\" class=\"elementor elementor-1486\" data-elementor-post-type=\"page\">\n\t\t\t\t\t\t<section class=\"elementor-section elementor-top-section elementor-element elementor-element-0b73eb7 elementor-section-boxed elementor-section-height-default elementor-section-height-default\" data-id=\"0b73eb7\" data-element_type=\"section\" data-e-type=\"section\">\n\t\t\t\t\t\t<div class=\"elementor-container elementor-column-gap-default\">\n\t\t\t\t\t<div class=\"elementor-column elementor-col-100 elementor-top-column elementor-element elementor-element-2bb261b\" data-id=\"2bb261b\" data-element_type=\"column\" data-e-type=\"column\">\n\t\t\t<div class=\"elementor-widget-wrap elementor-element-populated\">\n\t\t\t\t\t\t<div class=\"elementor-element elementor-element-605c039 elementor-widget elementor-widget-text-editor\" data-id=\"605c039\" data-element_type=\"widget\" data-e-type=\"widget\" data-widget_type=\"text-editor.default\">\n\t\t\t\t<div class=\"elementor-widget-container\">\n\t\t\t\t\t\t\t\t\t<h1>Data protection<\/h1><p style=\"font-weight: 400;\">Unless otherwise specified below, the provision of your personal data is neither required by law or contract, nor is it necessary for a contract to be concluded. You are not obliged to provide the data. Failure to provide has no consequences. This only applies if no other information is given in the subsequent processing operations.<\/p><p>\u201ePersonenbezogene Daten\u201c sind alle Informationen, die sich auf eine identifizierte oder identifizierbare nat\u00fcrliche Person beziehen.<\/p><h2><br \/>Server log files<\/h2><p style=\"font-weight: 400;\">Sie k\u00f6nnen unsere Webseiten besuchen, ohne Angaben zu Ihrer Person zu machen. Bei jedem Zugriff auf unsere Website werden an uns oder unseren Webhoster \/ IT-Dienstleister Nutzungsdaten durch Ihren Internet Browser \u00fcbermittelt und in Protokolldaten (sog. Server-Logfiles) gespeichert. Zu diesen gespeicherten Daten geh\u00f6ren z.B. der Name der aufgerufenen Seite, Datum und Uhrzeit des Abrufs, die IP-Adresse, die \u00fcbertragene Datenmenge und der anfragende Provider. Die Verarbeitung erfolgt auf Grundlage des Art. 6 Abs. 1 lit. f DSGVO aus unserem \u00fcberwiegenden berechtigten Interesse an der Gew\u00e4hrleistung eines st\u00f6rungsfreien Betriebs unserer Website sowie zur Verbesserung unseres Angebotes.<\/p><h2><br \/>Customer account and orders<\/h2><h3>Customer account<\/h3><p style=\"font-weight: 400;\">Bei der Er\u00f6ffnung eines Kundenkontos erheben wir Ihre personenbezogenen Daten in dem dort angegebenen Umfang. Die Datenverarbeitung dient dem Zweck, Ihr Einkaufserlebnis zu verbessern und die Bestellabwicklung zu vereinfachen. Die Verarbeitung erfolgt auf Grundlage des Art. 6 Abs. 1 lit. a DSGVO mit Ihrer Einwilligung. Sie k\u00f6nnen Ihre Einwilligung jederzeit durch Mitteilung an uns widerrufen. Ihr Kundenkonto wird anschlie\u00dfend gel\u00f6scht.<\/p><h3>Collection, processing and transfer of personal data when placing orders<\/h3><p style=\"font-weight: 400;\">Bei der Bestellung erheben und verarbeiten wir Ihre personenbezogenen Daten nur, soweit dies zur Erf\u00fcllung und Abwicklung Ihrer Bestellung sowie zur Bearbeitung Ihrer Anfragen erforderlich ist. Die Bereitstellung der Daten ist f\u00fcr den Vertragsschluss erforderlich. Eine Nichtbereitstellung hat zur Folge, dass kein Vertrag geschlossen werden kann. Die Verarbeitung erfolgt auf Grundlage des Art. 6 Abs. 1 lit. b DSGVO und ist f\u00fcr die Erf\u00fcllung eines Vertrags mit Ihnen erforderlich. Eine Weitergabe Ihrer Daten erfolgt dabei beispielsweise an die von Ihnen gew\u00e4hlten Versandunternehmen und Dropshipping Anbieter, Zahlungsdienstleister, Diensteanbieter f\u00fcr die Bestellabwicklung und IT-Dienstleister. In allen F\u00e4llen beachten wir strikt die gesetzlichen Vorgaben. Der Umfang der Daten\u00fcbermittlung beschr\u00e4nkt sich auf ein Mindestma\u00df.<\/p><h2><br \/>ERP<\/h2><p style=\"font-weight: 400;\">Wir verwenden zur Vertragsabwicklung ein Warenwirtschaftssystem im Rahmen einer Auftragsverarbeitung. Dazu werden Ihre im Rahmen der Bestellung erhobenen personenbezogenen Daten an ViA-Online GmbH, Kimplerstra\u00dfe 296, 47807 Krefeld \u00fcbermittelt.<\/p><h2><br \/>Payment service provider<\/h2><h3>Using PayPal<\/h3><p style=\"font-weight: 400;\">Alle PayPal-Transaktionen unterliegen der PayPal-Datenschutzerkl\u00e4rung: https:\/\/www.paypal.com\/de\/webapps\/mpp\/ua\/privacy-full<\/p><h3>Verwendung von Stripe<\/h3><p style=\"font-weight: 400;\">Wenn Sie mit Stripe bezahlen, werden Ihre Zahlungsdaten an Stripe Payments Europe Ltd., 1 Grand Canal Street Lower, Grand Canal Dock, Dublin, Irland \u00fcbermittelt. Weitere Informationen finden Sie in der Datenschutzerkl\u00e4rung von Stripe: https:\/\/stripe.com\/de\/privacy<\/p><h3>Use of the Klarna checkout<\/h3><p style=\"font-weight: 400;\">Die Checkout-L\u00f6sung wird von der Klarna AB (Sveav\u00e4gen 46, 111 34 Stockholm, Schweden) zur Verf\u00fcgung gestellt und nutzt Cookies, um Ihnen bei der Nutzung des Checkouts ein ideales, auf Sie zugeschnittenes Online-Erlebnis zu erm\u00f6glichen. Rechtsgrundlage ist Art. 6 Abs. 1 lit. a DSGVO. Weitere Informationen: https:\/\/cdn.klarna.com\/1.0\/shared\/content\/policy\/cookie\/de_at\/checkout.pdf<\/p><h3>Verwendung von B illie (Rechnungskauf)<\/h3><p style=\"font-weight: 400;\">Bei Auswahl von Rechnungskauf \u00fcber B illie werden Ihre personenbezogenen Daten (z. B. Name, Adresse, Bestelldaten) an B illie GmbH, Charlottenstra\u00dfe 4, 10969 Berlin \u00fcbermittelt. Weitere Informationen: <a href=\"https:\/\/www.b\/\">https:\/\/www.b<\/a> illie.io\/de\/datenschutz<\/p><h3>Payment in advance<\/h3><p style=\"font-weight: 400;\">Wenn Sie per Vorkasse bezahlen, verarbeiten wir Ihre Zahlungsdaten (z. B. IBAN, Kontoinhaber) ausschlie\u00dflich zum Zweck der Zahlungsabwicklung. Rechtsgrundlage ist Art. 6 Abs. 1 lit. b DSGVO.<\/p><h3>Nachnahme<\/h3><p style=\"font-weight: 400;\">Bei Zahlung per Nachnahme werden zus\u00e4tzlich zu den Versandkosten Nachnahmegeb\u00fchren in H\u00f6he von 9,90 \u20ac (inkl. MwSt.) erhoben. Ihre Zahlungsdaten werden zum Zweck der Abwicklung an das beauftragte Versandunternehmen weitergegeben.<\/p><h2><br \/>Cookies<\/h2><p style=\"font-weight: 400;\">Unsere Website verwendet Cookies. Cookies sind kleine Textdateien, die auf Ihrem Endger\u00e4t gespeichert werden. Man unterscheidet zwischen technisch notwendigen Cookies und solchen f\u00fcr Analyse, Marketing oder Komfortfunktionen. Notwendige Cookies werden auf Grundlage von Art. 6 Abs. 1 lit. f DSGVO eingesetzt, alle anderen Cookies nur mit Ihrer Einwilligung (Art. 6 Abs. 1 lit. a DSGVO i.V.m. \u00a7 25 Abs. 1 TTDSG). Ihre Einwilligung wird \u00fcber ein Cookie-Banner (Borlabs Cookie) eingeholt und kann jederzeit widerrufen werden.<\/p><h2><br \/>Analyse und Werbung<\/h2><p style=\"font-weight: 400;\">Die folgenden Dienste werden nur nach Ihrer Einwilligung (Art. 6 Abs. 1 lit. a DSGVO i.V.m. \u00a7 25 Abs. 1 TTDSG) eingesetzt:<\/p><h3>Google Analytics<\/h3><p style=\"font-weight: 400;\">Unsere Website benutzt Google Analytics, einen Webanalysedienst der Google Ireland Limited (Gordon House, Barrow Street, Dublin 4, Irland). Im Rahmen der Nutzung k\u00f6nnen Daten an die Google LLC in den USA \u00fcbertragen werden. Wir haben die IP-Anonymisierung (\u201eanonymizeIp\u201c) aktiviert, sodass Ihre IP-Adresse innerhalb der Mitgliedstaaten der Europ\u00e4ischen Union oder in anderen Vertragsstaaten des Abkommens \u00fcber den Europ\u00e4ischen Wirtschaftsraum vor der \u00dcbertragung gek\u00fcrzt wird. Zweck der Verarbeitung ist die Analyse der Nutzung unserer Website sowie die Reichweitenmessung zur Optimierung unserer Angebote. Rechtsgrundlage ist Ihre Einwilligung nach Art. 6 Abs. 1 lit. a DSGVO i.V.m. \u00a7 25 Abs. 1 TTDSG. Sie k\u00f6nnen Ihre Einwilligung jederzeit \u00fcber unser Cookie-Banner widerrufen. Zus\u00e4tzlich k\u00f6nnen Sie ein Browser-Plugin zur Deaktivierung von Google Analytics installieren: https:\/\/tools.google.com\/dlpage\/gaoptout<br \/>Weitere Informationen finden Sie in der Datenschutzerkl\u00e4rung von Google: https:\/\/policies.google.com\/privacy<\/p><h3>Google Ads Conversion-Tracking<\/h3><p style=\"font-weight: 400;\">Wir nutzen Google Ads Conversion-Tracking (Google Ireland Limited). Die Daten\u00fcbermittlung in die USA erfolgt auf Grundlage der EU-Standardvertragsklauseln oder des EU-US Data Privacy Framework. Weitere Informationen: https:\/\/www.google.de\/policies\/privacy\/<\/p><h2><br \/>Verwendung des Live-Chat-Systems LiveZilla<\/h2><p style=\"font-weight: 400;\">Wir verwenden das Live-Chat-System LiveZilla. Die Verarbeitung dient dem Zweck der Kommunikation zwischen Ihnen und uns. Ihre Daten k\u00f6nnen in Drittl\u00e4nder \u00fcbertragen werden. Grundlage hierf\u00fcr sind EU-Standardvertragsklauseln.<\/p><h2><br \/>Use of YouTube<\/h2><p style=\"font-weight: 400;\">Unsere Website bindet Videos \u00fcber die Plattform \u201eYouTube\u201c ein. Anbieter ist Google Ireland Limited (Gordon House, Barrow Street, Dublin 4, Irland). Wir verwenden die Einbettung \u00fcber die Domain youtube-nocookie.com, die zun\u00e4chst keine Cookies setzt. Erst wenn Sie ein Video abspielen, k\u00f6nnen personenbezogene Daten (z. B. IP-Adresse, Ger\u00e4teinformationen) an Google \u00fcbermittelt und Cookies gespeichert werden. Dabei kann es auch zu einer Daten\u00fcbertragung an Google LLC in die USA kommen. Rechtsgrundlage ist Ihre Einwilligung gem\u00e4\u00df Art. 6 Abs. 1 lit. a DSGVO i.V.m. \u00a7 25 Abs. 1 TTDSG. Weitere Informationen finden Sie in der Datenschutzerkl\u00e4rung von Google: https:\/\/policies.google.com\/privacy<\/p><h2><br \/>Data subject rights and storage period<\/h2><p style=\"font-weight: 400;\">Nach vollst\u00e4ndiger Vertragsabwicklung werden die Daten unter Ber\u00fccksichtigung gesetzlicher Aufbewahrungsfristen gespeichert und danach gel\u00f6scht, sofern Sie nicht in eine weitergehende Nutzung eingewilligt haben.<\/p><p>Ihnen stehen nach Art. 15 bis 20 DSGVO folgende Rechte zu: Auskunft, Berichtigung, L\u00f6schung, Einschr\u00e4nkung der Verarbeitung, Daten\u00fcbertragbarkeit. Au\u00dferdem haben Sie nach Art. 21 DSGVO ein Widerspruchsrecht.<\/p><p>Beschwerden k\u00f6nnen an die zust\u00e4ndige Aufsichtsbeh\u00f6rde (LDI NRW) gerichtet werden.<\/p><h2><br \/>Verantwortlicher<\/h2><p style=\"font-weight: 400;\">Hartford Electronics GmbH<br \/>Rheinlanddamm 201a<br \/>44139 Dortmund<br \/>Email: kundendienst@berghoch.de<\/p>\t\t\t\t\t\t\t\t<\/div>\n\t\t\t\t<\/div>\n\t\t\t\t\t<\/div>\n\t\t<\/div>\n\t\t\t\t\t<\/div>\n\t\t<\/section>\n\t\t\t\t<\/div>\n\t\t<script language='javascript' type='text\/javascript'>function getWR360PopupSkin(){return 'light_clean';}<\/script>","protected":false},"excerpt":{"rendered":"<p>Datenschutzerkl\u00e4rung Soweit nachstehend keine anderen Angaben gemacht werden, ist die Bereitstellung Ihrer personenbezogenen Daten weder gesetzlich oder vertraglich vorgeschrieben, noch f\u00fcr einen Vertragsabschluss erforderlich. Sie sind zur Bereitstellung der Daten<\/p>","protected":false},"author":2,"featured_media":0,"parent":0,"menu_order":0,"comment_status":"closed","ping_status":"closed","template":"","meta":{"_glsr_average":0,"_glsr_ranking":0,"_glsr_reviews":0,"footnotes":""},"class_list":["post-1486","page","type-page","status-publish","hentry"],"_links":{"self":[{"href":"https:\/\/www.berghoch.de\/en\/wp-json\/wp\/v2\/pages\/1486","targetHints":{"allow":["GET"]}}],"collection":[{"href":"https:\/\/www.berghoch.de\/en\/wp-json\/wp\/v2\/pages"}],"about":[{"href":"https:\/\/www.berghoch.de\/en\/wp-json\/wp\/v2\/types\/page"}],"author":[{"embeddable":true,"href":"https:\/\/www.berghoch.de\/en\/wp-json\/wp\/v2\/users\/2"}],"replies":[{"embeddable":true,"href":"https:\/\/www.berghoch.de\/en\/wp-json\/wp\/v2\/comments?post=1486"}],"version-history":[{"count":0,"href":"https:\/\/www.berghoch.de\/en\/wp-json\/wp\/v2\/pages\/1486\/revisions"}],"wp:attachment":[{"href":"https:\/\/www.berghoch.de\/en\/wp-json\/wp\/v2\/media?parent=1486"}],"curies":[{"name":"wp","href":"https:\/\/api.w.org\/{rel}","templated":true}]}}