{"id":1490,"date":"2018-12-03T11:12:57","date_gmt":"2018-12-03T10:12:57","guid":{"rendered":"http:\/\/www.dvrshop.test\/versandarten\/"},"modified":"2025-08-26T22:02:01","modified_gmt":"2025-08-26T20:02:01","slug":"lieferzeit-versandkosten","status":"publish","type":"page","link":"https:\/\/www.berghoch.de\/en\/lieferzeit-versandkosten\/","title":{"rendered":"Delivery Time &amp; Shipping Fees"},"content":{"rendered":"<div data-elementor-type=\"wp-post\" data-elementor-id=\"1490\" class=\"elementor elementor-1490\" data-elementor-post-type=\"page\">\n\t\t\t\t\t\t<section class=\"elementor-section elementor-top-section elementor-element elementor-element-de99eb9 elementor-section-boxed elementor-section-height-default elementor-section-height-default\" data-id=\"de99eb9\" data-element_type=\"section\" data-e-type=\"section\">\n\t\t\t\t\t\t<div class=\"elementor-container elementor-column-gap-default\">\n\t\t\t\t\t<div class=\"elementor-column elementor-col-66 elementor-top-column elementor-element elementor-element-bfc70d5\" data-id=\"bfc70d5\" data-element_type=\"column\" data-e-type=\"column\">\n\t\t\t<div class=\"elementor-widget-wrap elementor-element-populated\">\n\t\t\t\t\t\t<div class=\"elementor-element elementor-element-2290550 elementor-widget elementor-widget-text-editor\" data-id=\"2290550\" data-element_type=\"widget\" data-e-type=\"widget\" data-widget_type=\"text-editor.default\">\n\t\t\t\t<div class=\"elementor-widget-container\">\n\t\t\t\t\t\t\t\t\t<h2>Versandkosten Deutschland<\/h2><ul><li style=\"font-weight: 400;\">Ab 250,00 \u20ac Bestellwert pro Bestellung: kostenloser Versand innerhalb Deutschlands<\/li><li style=\"font-weight: 400;\">Unter 250,00 \u20ac Bestellwert pro Bestellung: 5,90 \u20ac (inkl. MwSt.) Versandkosten innerhalb Deutschlands<\/li><\/ul><h2><br \/>Versandkosten EU (Gesch\u00e4ftskunden)<\/h2><p style=\"font-weight: 400;\">Wir versenden innerhalb der Europ\u00e4ischen Union ausschlie\u00dflich an Gesch\u00e4ftskunden mit g\u00fcltiger USt-IdNr.<br \/>Die Versandkosten betragen pauschal 14,90 \u20ac (inkl. MwSt.) pro Bestellung.<br \/><br \/>Bitte beachten Sie: Privatkunden k\u00f6nnen nicht direkt beliefert werden.<\/p><h2><br \/>Versand nach \u00d6sterreich<\/h2><p style=\"font-weight: 400;\">Gesch\u00e4ftskunden: Bitte geben Sie im Bestellprozess Ihre g\u00fcltige USt-IdNr. an. Die Versandkosten betragen 14,90 \u20ac (inkl. MwSt.).<br \/><br \/>Privatkunden: Wir liefern nicht direkt nach \u00d6sterreich. Sie k\u00f6nnen jedoch z. B. den Service D-A-Packs nutzen. Geben Sie bei uns im Shop die deutsche Rechnungs- und Lieferadresse von D-A-Packs an. Die Pakete werden Ihnen dann von D-A-Packs nach \u00d6sterreich weitergeleitet. Wir berechnen nur die Versandkosten innerhalb Deutschlands (siehe oben) bis zur Adresse von D-A-Packs.<br \/><br \/>Hinweis: Die Vertragsbeziehung f\u00fcr die Weiterleitung nach \u00d6sterreich besteht ausschlie\u00dflich zwischen Ihnen und D-A-Packs. Wir haben darauf keinen Einfluss und \u00fcbernehmen hierf\u00fcr keine Haftung.<br \/>Weitere Informationen: https:\/\/www.d-a-packs.at<\/p><h2><br \/>Lieferzeiten<\/h2><p style=\"font-weight: 400;\">Die Lieferzeit betr\u00e4gt innerhalb Deutschlands 1\u20132 Werktage nach Zahlungseingang.<br \/>F\u00fcr Lieferungen innerhalb der EU (Gesch\u00e4ftskunden mit USt-IdNr.) betr\u00e4gt die Lieferzeit 2\u20133 Werktage nach Zahlungseingang.<\/p>\t\t\t\t\t\t\t\t<\/div>\n\t\t\t\t<\/div>\n\t\t\t\t\t<\/div>\n\t\t<\/div>\n\t\t\t\t<div class=\"elementor-column elementor-col-33 elementor-top-column elementor-element elementor-element-abbe3e8\" data-id=\"abbe3e8\" data-element_type=\"column\" data-e-type=\"column\">\n\t\t\t<div class=\"elementor-widget-wrap elementor-element-populated\">\n\t\t\t\t\t\t<div class=\"elementor-element elementor-element-4a82479 elementor-widget elementor-widget-image\" data-id=\"4a82479\" data-element_type=\"widget\" data-e-type=\"widget\" data-widget_type=\"image.default\">\n\t\t\t\t<div class=\"elementor-widget-container\">\n\t\t\t\t\t\t\t\t\t\t\t\t<figure class=\"wp-caption\">\n\t\t\t\t\t\t\t\t\t\t<img fetchpriority=\"high\" decoding=\"async\" width=\"1024\" height=\"317\" src=\"https:\/\/www.berghoch.de\/wp-content\/uploads\/2018\/12\/dhl-paket-logo-1024x317-1024x317.jpg\" class=\"attachment-large size-large wp-image-1987\" alt=\"\" srcset=\"https:\/\/www.berghoch.de\/wp-content\/uploads\/2018\/12\/dhl-paket-logo-1024x317.jpg 1024w, https:\/\/www.berghoch.de\/wp-content\/uploads\/2018\/12\/dhl-paket-logo-1024x317-300x93.jpg 300w, https:\/\/www.berghoch.de\/wp-content\/uploads\/2018\/12\/dhl-paket-logo-1024x317-768x238.jpg 768w, https:\/\/www.berghoch.de\/wp-content\/uploads\/2018\/12\/dhl-paket-logo-1024x317-600x186.jpg 600w\" sizes=\"(max-width: 1024px) 100vw, 1024px\" \/>\t\t\t\t\t\t\t\t\t\t\t<figcaption class=\"widget-image-caption wp-caption-text\">Shipping with DHL parcel service <\/figcaption>\n\t\t\t\t\t\t\t\t\t\t<\/figure>\n\t\t\t\t\t\t\t\t\t<\/div>\n\t\t\t\t<\/div>\n\t\t\t\t\t<\/div>\n\t\t<\/div>\n\t\t\t\t\t<\/div>\n\t\t<\/section>\n\t\t\t\t<section class=\"elementor-section elementor-top-section elementor-element elementor-element-3193c31 elementor-section-boxed elementor-section-height-default elementor-section-height-default\" data-id=\"3193c31\" data-element_type=\"section\" data-e-type=\"section\">\n\t\t\t\t\t\t<div class=\"elementor-container elementor-column-gap-default\">\n\t\t\t\t\t<div class=\"elementor-column elementor-col-66 elementor-top-column elementor-element elementor-element-3cd440b\" data-id=\"3cd440b\" data-element_type=\"column\" data-e-type=\"column\">\n\t\t\t<div class=\"elementor-widget-wrap elementor-element-populated\">\n\t\t\t\t\t\t<div class=\"elementor-element elementor-element-f9eb9c9 elementor-widget elementor-widget-text-editor\" data-id=\"f9eb9c9\" data-element_type=\"widget\" data-e-type=\"widget\" data-widget_type=\"text-editor.default\">\n\t\t\t\t<div class=\"elementor-widget-container\">\n\t\t\t\t\t\t\t\t\t<h2>Express-Versand innerhalb Deutschlands<\/h2><p style=\"font-weight: 400;\">Optional bieten wir einen DHL-Expressversand an. Die Zustellung erfolgt am n\u00e4chsten Werktag bis 12 Uhr (au\u00dfer Samstags). Die Kosten f\u00fcr den Expressversand betragen 24,90 \u20ac (inkl. MwSt.) zus\u00e4tzlich.<\/p><p>Wichtige Hinweise:<br \/>\u2022 Expressversand ist nur in Verbindung mit den Zahlungsarten PayPal, Kauf auf Rechnung, Kreditkarte oder Klarna m\u00f6glich.<br \/>\u2022 Nicht m\u00f6glich bei Bezahlung per Nachnahme oder Vorkasse.<br \/>\u2022 Zur Buchung legen Sie bitte den Artikel \u201eExpress-Versand\u201c zus\u00e4tzlich in den Warenkorb.<\/p><p><a href=\"https:\/\/www.berghoch.de\/produkt\/dhl-express-versand-bis-12-uhr\/\" target=\"_blank\" rel=\"noopener\">Buchung Express Versand<\/a><\/p><p style=\"font-weight: 400;\">Alle genannten Versandpreise verstehen sich inklusive gesetzlicher Mehrwertsteuer.<\/p>\t\t\t\t\t\t\t\t<\/div>\n\t\t\t\t<\/div>\n\t\t\t\t\t<\/div>\n\t\t<\/div>\n\t\t\t\t<div class=\"elementor-column elementor-col-33 elementor-top-column elementor-element elementor-element-a8909f0\" data-id=\"a8909f0\" data-element_type=\"column\" data-e-type=\"column\">\n\t\t\t<div class=\"elementor-widget-wrap elementor-element-populated\">\n\t\t\t\t\t\t<div class=\"elementor-element elementor-element-9ceccc4 elementor-widget elementor-widget-image\" data-id=\"9ceccc4\" data-element_type=\"widget\" data-e-type=\"widget\" data-widget_type=\"image.default\">\n\t\t\t\t<div class=\"elementor-widget-container\">\n\t\t\t\t\t\t\t\t\t\t\t\t<figure class=\"wp-caption\">\n\t\t\t\t\t\t\t\t\t\t<img decoding=\"async\" width=\"1024\" height=\"317\" src=\"https:\/\/www.berghoch.de\/wp-content\/uploads\/2019\/03\/dhl-express-1024x317-1024x317.jpg\" class=\"attachment-large size-large wp-image-5650\" alt=\"\" srcset=\"https:\/\/www.berghoch.de\/wp-content\/uploads\/2019\/03\/dhl-express-1024x317.jpg 1024w, https:\/\/www.berghoch.de\/wp-content\/uploads\/2019\/03\/dhl-express-1024x317-300x93.jpg 300w, https:\/\/www.berghoch.de\/wp-content\/uploads\/2019\/03\/dhl-express-1024x317-768x238.jpg 768w, https:\/\/www.berghoch.de\/wp-content\/uploads\/2019\/03\/dhl-express-1024x317-600x186.jpg 600w\" sizes=\"(max-width: 1024px) 100vw, 1024px\" \/>\t\t\t\t\t\t\t\t\t\t\t<figcaption class=\"widget-image-caption wp-caption-text\">Shipping with DHL Express parcel service <\/figcaption>\n\t\t\t\t\t\t\t\t\t\t<\/figure>\n\t\t\t\t\t\t\t\t\t<\/div>\n\t\t\t\t<\/div>\n\t\t\t\t\t<\/div>\n\t\t<\/div>\n\t\t\t\t\t<\/div>\n\t\t<\/section>\n\t\t\t\t<\/div>\n\t\t<script language='javascript' type='text\/javascript'>function getWR360PopupSkin(){return 'light_clean';}<\/script>","protected":false},"excerpt":{"rendered":"<p>Versandkosten Deutschland Ab 250,00 \u20ac Bestellwert pro Bestellung: kostenloser Versand innerhalb Deutschlands Unter 250,00 \u20ac Bestellwert pro Bestellung: 5,90 \u20ac (inkl. MwSt.) Versandkosten innerhalb Deutschlands Versandkosten EU (Gesch\u00e4ftskunden) Wir versenden<\/p>","protected":false},"author":2,"featured_media":0,"parent":0,"menu_order":0,"comment_status":"closed","ping_status":"closed","template":"","meta":{"_glsr_average":0,"_glsr_ranking":0,"_glsr_reviews":0,"footnotes":""},"class_list":["post-1490","page","type-page","status-publish","hentry"],"_links":{"self":[{"href":"https:\/\/www.berghoch.de\/en\/wp-json\/wp\/v2\/pages\/1490","targetHints":{"allow":["GET"]}}],"collection":[{"href":"https:\/\/www.berghoch.de\/en\/wp-json\/wp\/v2\/pages"}],"about":[{"href":"https:\/\/www.berghoch.de\/en\/wp-json\/wp\/v2\/types\/page"}],"author":[{"embeddable":true,"href":"https:\/\/www.berghoch.de\/en\/wp-json\/wp\/v2\/users\/2"}],"replies":[{"embeddable":true,"href":"https:\/\/www.berghoch.de\/en\/wp-json\/wp\/v2\/comments?post=1490"}],"version-history":[{"count":0,"href":"https:\/\/www.berghoch.de\/en\/wp-json\/wp\/v2\/pages\/1490\/revisions"}],"wp:attachment":[{"href":"https:\/\/www.berghoch.de\/en\/wp-json\/wp\/v2\/media?parent=1490"}],"curies":[{"name":"wp","href":"https:\/\/api.w.org\/{rel}","templated":true}]}}