{"id":1491,"date":"2018-12-03T11:12:57","date_gmt":"2018-12-03T10:12:57","guid":{"rendered":"http:\/\/www.dvrshop.test\/bezahlmoeglichkeiten\/"},"modified":"2025-08-26T21:55:30","modified_gmt":"2025-08-26T19:55:30","slug":"zahlungsarten","status":"publish","type":"page","link":"https:\/\/www.berghoch.de\/en\/zahlungsarten\/","title":{"rendered":"Payments"},"content":{"rendered":"<div data-elementor-type=\"wp-post\" data-elementor-id=\"1491\" class=\"elementor elementor-1491\" data-elementor-post-type=\"page\">\n\t\t\t\t\t\t<section class=\"elementor-section elementor-top-section elementor-element elementor-element-cdbd98f elementor-section-boxed elementor-section-height-default elementor-section-height-default\" data-id=\"cdbd98f\" data-element_type=\"section\" data-e-type=\"section\">\n\t\t\t\t\t\t<div class=\"elementor-container elementor-column-gap-default\">\n\t\t\t\t\t<div class=\"elementor-column elementor-col-66 elementor-top-column elementor-element elementor-element-3364a26\" data-id=\"3364a26\" data-element_type=\"column\" data-e-type=\"column\">\n\t\t\t<div class=\"elementor-widget-wrap elementor-element-populated\">\n\t\t\t\t\t\t<div class=\"elementor-element elementor-element-845ba6f elementor-widget elementor-widget-text-editor\" data-id=\"845ba6f\" data-element_type=\"widget\" data-e-type=\"widget\" data-widget_type=\"text-editor.default\">\n\t\t\t\t<div class=\"elementor-widget-container\">\n\t\t\t\t\t\t\t\t\t<h1>Payments<\/h1>\n<h2><br \/>PayPal<\/h2>\n<p style=\"font-weight: 400;\">Zahlen Sie bequem mit Ihrem PayPal-Konto.<br \/>Bestellungen bis 13 Uhr (Montag\u2013Freitag) werden noch am selben Tag versendet.<\/p>\n<h2><br \/>Klarna \u2013 Kauf auf Rechnung \/ Sofortzahlung<\/h2>\n<p style=\"font-weight: 400;\">Mit Klarna k\u00f6nnen Sie sicher auf Rechnung kaufen oder per Sofort\u00fcberweisung bezahlen.<br \/>Bestellungen bis 13 Uhr (Montag\u2013Freitag) werden noch am selben Tag versendet.<\/p>\n<h2><br \/>Credit card<\/h2>\n<p style=\"font-weight: 400;\">Zahlen Sie bequem mit Ihrer Kreditkarte (Visa, MasterCard, etc.).<br \/>Bestellungen bis 13 Uhr (Montag\u2013Freitag) werden noch am selben Tag versendet.<\/p>\n<h2><br \/>Kauf auf Rechnung (nur f\u00fcr Firmen und Beh\u00f6rden)<\/h2>\n<p style=\"font-weight: 400;\">Firmen und Beh\u00f6rden k\u00f6nnen bequem nach Erhalt der Ware per Rechnung zahlen.<br \/>Bestellungen bis 13 Uhr (Montag\u2013Freitag) werden noch am selben Tag versendet.<\/p>\n<h2><br \/>Vorkasse (Bank\u00fcberweisung)<\/h2>\n<p style=\"font-weight: 400;\">\u00dcberweisen Sie den Rechnungsbetrag direkt auf unser Konto.<br \/>Die Gutschrift erfolgt je nach Bank innerhalb von 1\u20132 Werktagen.<br \/>Der Versand erfolgt am n\u00e4chsten Werktag nach Zahlungseingang.<\/p>\n<h2><br \/>Nachnahme<\/h2>\n<p style=\"font-weight: 400;\">Bezahlen Sie den Rechnungsbetrag bequem beim Zusteller.<br \/>F\u00fcr Nachnahme fallen Geb\u00fchren in H\u00f6he von 9,90 \u20ac inkl. 19 % MwSt. an.<br \/>Bestellungen bis 13 Uhr (Montag\u2013Freitag) werden noch am selben Tag versendet.<\/p>\t\t\t\t\t\t\t\t<\/div>\n\t\t\t\t<\/div>\n\t\t\t\t\t<\/div>\n\t\t<\/div>\n\t\t\t\t<div class=\"elementor-column elementor-col-33 elementor-top-column elementor-element elementor-element-788bc17\" data-id=\"788bc17\" data-element_type=\"column\" data-e-type=\"column\">\n\t\t\t<div class=\"elementor-widget-wrap elementor-element-populated\">\n\t\t\t\t\t\t<div class=\"elementor-element elementor-element-302aab81 elementor-widget elementor-widget-image\" data-id=\"302aab81\" data-element_type=\"widget\" data-e-type=\"widget\" data-widget_type=\"image.default\">\n\t\t\t\t<div class=\"elementor-widget-container\">\n\t\t\t\t\t\t\t\t\t\t\t\t\t\t\t<img fetchpriority=\"high\" decoding=\"async\" width=\"642\" height=\"388\" src=\"https:\/\/www.berghoch.de\/wp-content\/uploads\/2018\/12\/zahlungsarten_pc.jpg\" class=\"attachment-large size-large wp-image-1990\" alt=\"\" srcset=\"https:\/\/www.berghoch.de\/wp-content\/uploads\/2018\/12\/zahlungsarten_pc.jpg 642w, https:\/\/www.berghoch.de\/wp-content\/uploads\/2018\/12\/zahlungsarten_pc-300x181.jpg 300w, https:\/\/www.berghoch.de\/wp-content\/uploads\/2018\/12\/zahlungsarten_pc-600x363.jpg 600w\" sizes=\"(max-width: 642px) 100vw, 642px\" \/>\t\t\t\t\t\t\t\t\t\t\t\t\t\t\t<\/div>\n\t\t\t\t<\/div>\n\t\t\t\t\t<\/div>\n\t\t<\/div>\n\t\t\t\t\t<\/div>\n\t\t<\/section>\n\t\t<div class=\"elementor-element elementor-element-098be36 e-flex e-con-boxed e-con e-parent\" data-id=\"098be36\" data-element_type=\"container\" data-e-type=\"container\">\n\t\t\t\t\t<div class=\"e-con-inner\">\n\t\t\t\t<div class=\"elementor-element elementor-element-61f4600 elementor-widget elementor-widget-spacer\" data-id=\"61f4600\" data-element_type=\"widget\" data-e-type=\"widget\" data-widget_type=\"spacer.default\">\n\t\t\t\t<div class=\"elementor-widget-container\">\n\t\t\t\t\t\t\t<div class=\"elementor-spacer\">\n\t\t\t<div class=\"elementor-spacer-inner\"><\/div>\n\t\t<\/div>\n\t\t\t\t\t\t<\/div>\n\t\t\t\t<\/div>\n\t\t\t\t\t<\/div>\n\t\t\t\t<\/div>\n\t\t\t\t<\/div>\n\t\t<script language='javascript' type='text\/javascript'>function getWR360PopupSkin(){return 'light_clean';}<\/script>","protected":false},"excerpt":{"rendered":"<p>Zahlungsarten PayPal Zahlen Sie bequem mit Ihrem PayPal-Konto.Bestellungen bis 13 Uhr (Montag\u2013Freitag) werden noch am selben Tag versendet. Klarna \u2013 Kauf auf Rechnung \/ Sofortzahlung Mit Klarna k\u00f6nnen Sie sicher<\/p>","protected":false},"author":2,"featured_media":0,"parent":0,"menu_order":0,"comment_status":"closed","ping_status":"closed","template":"","meta":{"_glsr_average":0,"_glsr_ranking":0,"_glsr_reviews":0,"footnotes":""},"class_list":["post-1491","page","type-page","status-publish","hentry"],"_links":{"self":[{"href":"https:\/\/www.berghoch.de\/en\/wp-json\/wp\/v2\/pages\/1491","targetHints":{"allow":["GET"]}}],"collection":[{"href":"https:\/\/www.berghoch.de\/en\/wp-json\/wp\/v2\/pages"}],"about":[{"href":"https:\/\/www.berghoch.de\/en\/wp-json\/wp\/v2\/types\/page"}],"author":[{"embeddable":true,"href":"https:\/\/www.berghoch.de\/en\/wp-json\/wp\/v2\/users\/2"}],"replies":[{"embeddable":true,"href":"https:\/\/www.berghoch.de\/en\/wp-json\/wp\/v2\/comments?post=1491"}],"version-history":[{"count":0,"href":"https:\/\/www.berghoch.de\/en\/wp-json\/wp\/v2\/pages\/1491\/revisions"}],"wp:attachment":[{"href":"https:\/\/www.berghoch.de\/en\/wp-json\/wp\/v2\/media?parent=1491"}],"curies":[{"name":"wp","href":"https:\/\/api.w.org\/{rel}","templated":true}]}}