{"id":15358,"date":"2020-04-23T11:45:05","date_gmt":"2020-04-23T10:45:05","guid":{"rendered":"https:\/\/www.berghoch.de\/?page_id=15358"},"modified":"2021-10-21T12:42:55","modified_gmt":"2021-10-21T10:42:55","slug":"funktionen-videoueberwachung","status":"publish","type":"page","link":"https:\/\/www.berghoch.de\/en\/funktionen-videoueberwachung\/","title":{"rendered":"Features - Video Surveillance"},"content":{"rendered":"<div data-elementor-type=\"wp-page\" data-elementor-id=\"15358\" class=\"elementor elementor-15358\" data-elementor-post-type=\"page\">\n\t\t\t\t\t\t<section class=\"elementor-section elementor-top-section elementor-element elementor-element-1c37969 elementor-section-boxed elementor-section-height-default elementor-section-height-default\" data-id=\"1c37969\" data-element_type=\"section\" data-e-type=\"section\">\n\t\t\t\t\t\t<div class=\"elementor-container elementor-column-gap-default\">\n\t\t\t\t\t<div class=\"elementor-column elementor-col-25 elementor-top-column elementor-element elementor-element-5927043\" data-id=\"5927043\" data-element_type=\"column\" data-e-type=\"column\">\n\t\t\t<div class=\"elementor-widget-wrap elementor-element-populated\">\n\t\t\t\t\t\t<div class=\"elementor-element elementor-element-206b78c elementor-position-top elementor-widget elementor-widget-image-box\" data-id=\"206b78c\" data-element_type=\"widget\" data-e-type=\"widget\" data-widget_type=\"image-box.default\">\n\t\t\t\t<div class=\"elementor-widget-container\">\n\t\t\t\t\t<div class=\"elementor-image-box-wrapper\"><figure class=\"elementor-image-box-img\"><img fetchpriority=\"high\" decoding=\"async\" width=\"1000\" height=\"1000\" src=\"https:\/\/www.berghoch.de\/wp-content\/uploads\/2020\/02\/Farbe2.png\" class=\"attachment-full size-full wp-image-13973\" alt=\"\" srcset=\"https:\/\/www.berghoch.de\/wp-content\/uploads\/2020\/02\/Farbe2.png 1000w, https:\/\/www.berghoch.de\/wp-content\/uploads\/2020\/02\/Farbe2-300x300.png 300w, https:\/\/www.berghoch.de\/wp-content\/uploads\/2020\/02\/Farbe2-150x150.png 150w, https:\/\/www.berghoch.de\/wp-content\/uploads\/2020\/02\/Farbe2-768x768.png 768w, https:\/\/www.berghoch.de\/wp-content\/uploads\/2020\/02\/Farbe2-600x600.png 600w, https:\/\/www.berghoch.de\/wp-content\/uploads\/2020\/02\/Farbe2-100x100.png 100w\" sizes=\"(max-width: 1000px) 100vw, 1000px\" \/><\/figure><div class=\"elementor-image-box-content\"><h5 class=\"elementor-image-box-title\">colour<\/h5><p class=\"elementor-image-box-description\">Natural representation of colors for a clear picture<\/p><\/div><\/div>\t\t\t\t<\/div>\n\t\t\t\t<\/div>\n\t\t\t\t\t<\/div>\n\t\t<\/div>\n\t\t\t\t<div class=\"elementor-column elementor-col-25 elementor-top-column elementor-element elementor-element-67c97e3\" data-id=\"67c97e3\" data-element_type=\"column\" data-e-type=\"column\">\n\t\t\t<div class=\"elementor-widget-wrap elementor-element-populated\">\n\t\t\t\t\t\t<div class=\"elementor-element elementor-element-95d4f3a elementor-position-top elementor-widget elementor-widget-image-box\" data-id=\"95d4f3a\" data-element_type=\"widget\" data-e-type=\"widget\" data-widget_type=\"image-box.default\">\n\t\t\t\t<div class=\"elementor-widget-container\">\n\t\t\t\t\t<div class=\"elementor-image-box-wrapper\"><figure class=\"elementor-image-box-img\"><img decoding=\"async\" width=\"1000\" height=\"1000\" src=\"https:\/\/www.berghoch.de\/wp-content\/uploads\/2020\/02\/WDR.png\" class=\"attachment-full size-full wp-image-13978\" alt=\"\" srcset=\"https:\/\/www.berghoch.de\/wp-content\/uploads\/2020\/02\/WDR.png 1000w, https:\/\/www.berghoch.de\/wp-content\/uploads\/2020\/02\/WDR-300x300.png 300w, https:\/\/www.berghoch.de\/wp-content\/uploads\/2020\/02\/WDR-150x150.png 150w, https:\/\/www.berghoch.de\/wp-content\/uploads\/2020\/02\/WDR-768x768.png 768w, https:\/\/www.berghoch.de\/wp-content\/uploads\/2020\/02\/WDR-600x600.png 600w, https:\/\/www.berghoch.de\/wp-content\/uploads\/2020\/02\/WDR-100x100.png 100w\" sizes=\"(max-width: 1000px) 100vw, 1000px\" \/><\/figure><div class=\"elementor-image-box-content\"><h5 class=\"elementor-image-box-title\">WDR<\/h5><p class=\"elementor-image-box-description\">Wide dynamic range for a lot of depth and details in the picture<\/p><\/div><\/div>\t\t\t\t<\/div>\n\t\t\t\t<\/div>\n\t\t\t\t\t<\/div>\n\t\t<\/div>\n\t\t\t\t<div class=\"elementor-column elementor-col-25 elementor-top-column elementor-element elementor-element-a2b42ea\" data-id=\"a2b42ea\" data-element_type=\"column\" data-e-type=\"column\">\n\t\t\t<div class=\"elementor-widget-wrap elementor-element-populated\">\n\t\t\t\t\t\t<div class=\"elementor-element elementor-element-79a3a89 elementor-position-top elementor-widget elementor-widget-image-box\" data-id=\"79a3a89\" data-element_type=\"widget\" data-e-type=\"widget\" data-widget_type=\"image-box.default\">\n\t\t\t\t<div class=\"elementor-widget-container\">\n\t\t\t\t\t<div class=\"elementor-image-box-wrapper\"><figure class=\"elementor-image-box-img\"><img decoding=\"async\" width=\"1000\" height=\"1000\" src=\"https:\/\/www.berghoch.de\/wp-content\/uploads\/2020\/02\/H265.png\" class=\"attachment-full size-full wp-image-13974\" alt=\"\" srcset=\"https:\/\/www.berghoch.de\/wp-content\/uploads\/2020\/02\/H265.png 1000w, https:\/\/www.berghoch.de\/wp-content\/uploads\/2020\/02\/H265-300x300.png 300w, https:\/\/www.berghoch.de\/wp-content\/uploads\/2020\/02\/H265-150x150.png 150w, https:\/\/www.berghoch.de\/wp-content\/uploads\/2020\/02\/H265-768x768.png 768w, https:\/\/www.berghoch.de\/wp-content\/uploads\/2020\/02\/H265-600x600.png 600w, https:\/\/www.berghoch.de\/wp-content\/uploads\/2020\/02\/H265-100x100.png 100w\" sizes=\"(max-width: 1000px) 100vw, 1000px\" \/><\/figure><div class=\"elementor-image-box-content\"><h5 class=\"elementor-image-box-title\">H.265 +<\/h5><p class=\"elementor-image-box-description\">H.265 + compression for a sharp image on small files<\/p><\/div><\/div>\t\t\t\t<\/div>\n\t\t\t\t<\/div>\n\t\t\t\t\t<\/div>\n\t\t<\/div>\n\t\t\t\t<div class=\"elementor-column elementor-col-25 elementor-top-column elementor-element elementor-element-a68780f\" data-id=\"a68780f\" data-element_type=\"column\" data-e-type=\"column\">\n\t\t\t<div class=\"elementor-widget-wrap elementor-element-populated\">\n\t\t\t\t\t\t<div class=\"elementor-element elementor-element-33cbc5d elementor-position-top elementor-widget elementor-widget-image-box\" data-id=\"33cbc5d\" data-element_type=\"widget\" data-e-type=\"widget\" data-widget_type=\"image-box.default\">\n\t\t\t\t<div class=\"elementor-widget-container\">\n\t\t\t\t\t<div class=\"elementor-image-box-wrapper\"><figure class=\"elementor-image-box-img\"><img loading=\"lazy\" decoding=\"async\" width=\"1000\" height=\"1000\" src=\"https:\/\/www.berghoch.de\/wp-content\/uploads\/2020\/02\/KI.png\" class=\"attachment-full size-full wp-image-13976\" alt=\"\" srcset=\"https:\/\/www.berghoch.de\/wp-content\/uploads\/2020\/02\/KI.png 1000w, https:\/\/www.berghoch.de\/wp-content\/uploads\/2020\/02\/KI-300x300.png 300w, https:\/\/www.berghoch.de\/wp-content\/uploads\/2020\/02\/KI-150x150.png 150w, https:\/\/www.berghoch.de\/wp-content\/uploads\/2020\/02\/KI-768x768.png 768w, https:\/\/www.berghoch.de\/wp-content\/uploads\/2020\/02\/KI-600x600.png 600w, https:\/\/www.berghoch.de\/wp-content\/uploads\/2020\/02\/KI-100x100.png 100w\" sizes=\"(max-width: 1000px) 100vw, 1000px\" \/><\/figure><div class=\"elementor-image-box-content\"><h5 class=\"elementor-image-box-title\">AI<\/h5><p class=\"elementor-image-box-description\">Artificial intelligence for rapid detection of people<\/p><\/div><\/div>\t\t\t\t<\/div>\n\t\t\t\t<\/div>\n\t\t\t\t\t<\/div>\n\t\t<\/div>\n\t\t\t\t\t<\/div>\n\t\t<\/section>\n\t\t\t\t<section class=\"elementor-section elementor-top-section elementor-element elementor-element-6208b1e elementor-section-boxed elementor-section-height-default elementor-section-height-default\" data-id=\"6208b1e\" data-element_type=\"section\" data-e-type=\"section\">\n\t\t\t\t\t\t<div class=\"elementor-container elementor-column-gap-default\">\n\t\t\t\t\t<div class=\"elementor-column elementor-col-25 elementor-top-column elementor-element elementor-element-0c76f59\" data-id=\"0c76f59\" data-element_type=\"column\" data-e-type=\"column\">\n\t\t\t<div class=\"elementor-widget-wrap elementor-element-populated\">\n\t\t\t\t\t\t<div class=\"elementor-element elementor-element-b11d25b elementor-position-top elementor-widget elementor-widget-image-box\" data-id=\"b11d25b\" data-element_type=\"widget\" data-e-type=\"widget\" data-widget_type=\"image-box.default\">\n\t\t\t\t<div class=\"elementor-widget-container\">\n\t\t\t\t\t<div class=\"elementor-image-box-wrapper\"><figure class=\"elementor-image-box-img\"><img loading=\"lazy\" decoding=\"async\" width=\"1000\" height=\"1000\" src=\"https:\/\/www.berghoch.de\/wp-content\/uploads\/2020\/02\/30mNachtischt.png\" class=\"attachment-full size-full wp-image-13972\" alt=\"\" srcset=\"https:\/\/www.berghoch.de\/wp-content\/uploads\/2020\/02\/30mNachtischt.png 1000w, https:\/\/www.berghoch.de\/wp-content\/uploads\/2020\/02\/30mNachtischt-300x300.png 300w, https:\/\/www.berghoch.de\/wp-content\/uploads\/2020\/02\/30mNachtischt-150x150.png 150w, https:\/\/www.berghoch.de\/wp-content\/uploads\/2020\/02\/30mNachtischt-768x768.png 768w, https:\/\/www.berghoch.de\/wp-content\/uploads\/2020\/02\/30mNachtischt-600x600.png 600w, https:\/\/www.berghoch.de\/wp-content\/uploads\/2020\/02\/30mNachtischt-100x100.png 100w\" sizes=\"(max-width: 1000px) 100vw, 1000px\" \/><\/figure><div class=\"elementor-image-box-content\"><h5 class=\"elementor-image-box-title\">Night vision<\/h5><p class=\"elementor-image-box-description\">30 meters of night vision thanks to infrared technology<\/p><\/div><\/div>\t\t\t\t<\/div>\n\t\t\t\t<\/div>\n\t\t\t\t\t<\/div>\n\t\t<\/div>\n\t\t\t\t<div class=\"elementor-column elementor-col-25 elementor-top-column elementor-element elementor-element-364c4b1\" data-id=\"364c4b1\" data-element_type=\"column\" data-e-type=\"column\">\n\t\t\t<div class=\"elementor-widget-wrap elementor-element-populated\">\n\t\t\t\t\t\t<div class=\"elementor-element elementor-element-af92b45 elementor-position-top elementor-widget elementor-widget-image-box\" data-id=\"af92b45\" data-element_type=\"widget\" data-e-type=\"widget\" data-widget_type=\"image-box.default\">\n\t\t\t\t<div class=\"elementor-widget-container\">\n\t\t\t\t\t<div class=\"elementor-image-box-wrapper\"><figure class=\"elementor-image-box-img\"><img loading=\"lazy\" decoding=\"async\" width=\"1000\" height=\"1000\" src=\"https:\/\/www.berghoch.de\/wp-content\/uploads\/2020\/02\/5xZoom.png\" class=\"attachment-full size-full wp-image-13971\" alt=\"\" srcset=\"https:\/\/www.berghoch.de\/wp-content\/uploads\/2020\/02\/5xZoom.png 1000w, https:\/\/www.berghoch.de\/wp-content\/uploads\/2020\/02\/5xZoom-300x300.png 300w, https:\/\/www.berghoch.de\/wp-content\/uploads\/2020\/02\/5xZoom-150x150.png 150w, https:\/\/www.berghoch.de\/wp-content\/uploads\/2020\/02\/5xZoom-768x768.png 768w, https:\/\/www.berghoch.de\/wp-content\/uploads\/2020\/02\/5xZoom-600x600.png 600w, https:\/\/www.berghoch.de\/wp-content\/uploads\/2020\/02\/5xZoom-100x100.png 100w\" sizes=\"(max-width: 1000px) 100vw, 1000px\" \/><\/figure><div class=\"elementor-image-box-content\"><h5 class=\"elementor-image-box-title\">5x optical zoom<\/h5><p class=\"elementor-image-box-description\">Controllable via recording device, software and APP<\/p><\/div><\/div>\t\t\t\t<\/div>\n\t\t\t\t<\/div>\n\t\t\t\t\t<\/div>\n\t\t<\/div>\n\t\t\t\t<div class=\"elementor-column elementor-col-25 elementor-top-column elementor-element elementor-element-0df8592\" data-id=\"0df8592\" data-element_type=\"column\" data-e-type=\"column\">\n\t\t\t<div class=\"elementor-widget-wrap elementor-element-populated\">\n\t\t\t\t\t\t<div class=\"elementor-element elementor-element-11d8176 elementor-position-top elementor-widget elementor-widget-image-box\" data-id=\"11d8176\" data-element_type=\"widget\" data-e-type=\"widget\" data-widget_type=\"image-box.default\">\n\t\t\t\t<div class=\"elementor-widget-container\">\n\t\t\t\t\t<div class=\"elementor-image-box-wrapper\"><figure class=\"elementor-image-box-img\"><img loading=\"lazy\" decoding=\"async\" width=\"1000\" height=\"1000\" src=\"https:\/\/www.berghoch.de\/wp-content\/uploads\/2020\/02\/Vandalismus.png\" class=\"attachment-full size-full wp-image-13977\" alt=\"\" srcset=\"https:\/\/www.berghoch.de\/wp-content\/uploads\/2020\/02\/Vandalismus.png 1000w, https:\/\/www.berghoch.de\/wp-content\/uploads\/2020\/02\/Vandalismus-300x300.png 300w, https:\/\/www.berghoch.de\/wp-content\/uploads\/2020\/02\/Vandalismus-150x150.png 150w, https:\/\/www.berghoch.de\/wp-content\/uploads\/2020\/02\/Vandalismus-768x768.png 768w, https:\/\/www.berghoch.de\/wp-content\/uploads\/2020\/02\/Vandalismus-600x600.png 600w, https:\/\/www.berghoch.de\/wp-content\/uploads\/2020\/02\/Vandalismus-100x100.png 100w\" sizes=\"(max-width: 1000px) 100vw, 1000px\" \/><\/figure><div class=\"elementor-image-box-content\"><h5 class=\"elementor-image-box-title\">Protection<\/h5><p class=\"elementor-image-box-description\">Vandalism protection through a stable design<\/p><\/div><\/div>\t\t\t\t<\/div>\n\t\t\t\t<\/div>\n\t\t\t\t\t<\/div>\n\t\t<\/div>\n\t\t\t\t<div class=\"elementor-column elementor-col-25 elementor-top-column elementor-element elementor-element-e9e7d5e\" data-id=\"e9e7d5e\" data-element_type=\"column\" data-e-type=\"column\">\n\t\t\t<div class=\"elementor-widget-wrap elementor-element-populated\">\n\t\t\t\t\t\t<div class=\"elementor-element elementor-element-978590d elementor-position-top elementor-widget elementor-widget-image-box\" data-id=\"978590d\" data-element_type=\"widget\" data-e-type=\"widget\" data-widget_type=\"image-box.default\">\n\t\t\t\t<div class=\"elementor-widget-container\">\n\t\t\t\t\t<div class=\"elementor-image-box-wrapper\"><figure class=\"elementor-image-box-img\"><img loading=\"lazy\" decoding=\"async\" width=\"1000\" height=\"1000\" src=\"https:\/\/www.berghoch.de\/wp-content\/uploads\/2020\/02\/Ip66.png\" class=\"attachment-full size-full wp-image-13975\" alt=\"\" srcset=\"https:\/\/www.berghoch.de\/wp-content\/uploads\/2020\/02\/Ip66.png 1000w, https:\/\/www.berghoch.de\/wp-content\/uploads\/2020\/02\/Ip66-300x300.png 300w, https:\/\/www.berghoch.de\/wp-content\/uploads\/2020\/02\/Ip66-150x150.png 150w, https:\/\/www.berghoch.de\/wp-content\/uploads\/2020\/02\/Ip66-768x768.png 768w, https:\/\/www.berghoch.de\/wp-content\/uploads\/2020\/02\/Ip66-600x600.png 600w, https:\/\/www.berghoch.de\/wp-content\/uploads\/2020\/02\/Ip66-100x100.png 100w\" sizes=\"(max-width: 1000px) 100vw, 1000px\" \/><\/figure><div class=\"elementor-image-box-content\"><h5 class=\"elementor-image-box-title\">IP66<\/h5><p class=\"elementor-image-box-description\">Waterproof and dustproof for outdoor use<\/p><\/div><\/div>\t\t\t\t<\/div>\n\t\t\t\t<\/div>\n\t\t\t\t\t<\/div>\n\t\t<\/div>\n\t\t\t\t\t<\/div>\n\t\t<\/section>\n\t\t\t\t<\/div>\n\t\t<script language='javascript' type='text\/javascript'>function getWR360PopupSkin(){return 'light_clean';}<\/script>","protected":false},"excerpt":{"rendered":"<p>Farbe Nat\u00fcrliche Darstellung von Farben f\u00fcr ein klares Bild WDR Wide-Dynamic-Range f\u00fcr viel Tiefe und Details im Bild H.265+ H.265+ Komprimierung f\u00fcr ein scharfes Bild bei kleinen Dateien KI K\u00fcnstliche<\/p>","protected":false},"author":6285,"featured_media":0,"parent":0,"menu_order":0,"comment_status":"closed","ping_status":"closed","template":"","meta":{"_glsr_average":0,"_glsr_ranking":0,"_glsr_reviews":0,"footnotes":""},"class_list":["post-15358","page","type-page","status-publish","hentry"],"_links":{"self":[{"href":"https:\/\/www.berghoch.de\/en\/wp-json\/wp\/v2\/pages\/15358","targetHints":{"allow":["GET"]}}],"collection":[{"href":"https:\/\/www.berghoch.de\/en\/wp-json\/wp\/v2\/pages"}],"about":[{"href":"https:\/\/www.berghoch.de\/en\/wp-json\/wp\/v2\/types\/page"}],"author":[{"embeddable":true,"href":"https:\/\/www.berghoch.de\/en\/wp-json\/wp\/v2\/users\/6285"}],"replies":[{"embeddable":true,"href":"https:\/\/www.berghoch.de\/en\/wp-json\/wp\/v2\/comments?post=15358"}],"version-history":[{"count":0,"href":"https:\/\/www.berghoch.de\/en\/wp-json\/wp\/v2\/pages\/15358\/revisions"}],"wp:attachment":[{"href":"https:\/\/www.berghoch.de\/en\/wp-json\/wp\/v2\/media?parent=15358"}],"curies":[{"name":"wp","href":"https:\/\/api.w.org\/{rel}","templated":true}]}}