{"id":15819,"date":"2020-05-13T14:28:27","date_gmt":"2020-05-13T13:28:27","guid":{"rendered":"https:\/\/www.berghoch.de\/?page_id=15819"},"modified":"2021-10-21T11:50:11","modified_gmt":"2021-10-21T09:50:11","slug":"anschliessen-videoueberwachung","status":"publish","type":"page","link":"https:\/\/www.berghoch.de\/en\/anschliessen-videoueberwachung\/","title":{"rendered":"Connecting - Video Surveillance"},"content":{"rendered":"<div data-elementor-type=\"wp-page\" data-elementor-id=\"15819\" class=\"elementor elementor-15819\" data-elementor-post-type=\"page\">\n\t\t\t\t\t\t<section class=\"elementor-section elementor-top-section elementor-element elementor-element-50cd955 elementor-section-boxed elementor-section-height-default elementor-section-height-default\" data-id=\"50cd955\" data-element_type=\"section\" data-e-type=\"section\">\n\t\t\t\t\t\t<div class=\"elementor-container elementor-column-gap-default\">\n\t\t\t\t\t<div class=\"elementor-column elementor-col-100 elementor-top-column elementor-element elementor-element-aef8f9c\" data-id=\"aef8f9c\" data-element_type=\"column\" data-e-type=\"column\">\n\t\t\t<div class=\"elementor-widget-wrap elementor-element-populated\">\n\t\t\t\t\t\t<div class=\"elementor-element elementor-element-cb75e59 elementor-widget elementor-widget-heading\" data-id=\"cb75e59\" data-element_type=\"widget\" data-e-type=\"widget\" data-widget_type=\"heading.default\">\n\t\t\t\t<div class=\"elementor-widget-container\">\n\t\t\t\t\t<h2 class=\"elementor-heading-title elementor-size-default\">Connect IP network cameras via the POE switch<\/h2>\t\t\t\t<\/div>\n\t\t\t\t<\/div>\n\t\t\t\t<div class=\"elementor-element elementor-element-8f8802e elementor-widget elementor-widget-image\" data-id=\"8f8802e\" data-element_type=\"widget\" data-e-type=\"widget\" data-widget_type=\"image.default\">\n\t\t\t\t<div class=\"elementor-widget-container\">\n\t\t\t\t\t\t\t\t\t\t\t\t<figure class=\"wp-caption\">\n\t\t\t\t\t\t\t\t\t\t<img fetchpriority=\"high\" decoding=\"async\" width=\"768\" height=\"181\" src=\"https:\/\/www.berghoch.de\/wp-content\/uploads\/2020\/05\/anschliessen_5-768x181.jpg\" class=\"attachment-medium_large size-medium_large wp-image-20843\" alt=\"\" srcset=\"https:\/\/www.berghoch.de\/wp-content\/uploads\/2020\/05\/anschliessen_5-768x181.jpg 768w, https:\/\/www.berghoch.de\/wp-content\/uploads\/2020\/05\/anschliessen_5-300x71.jpg 300w, https:\/\/www.berghoch.de\/wp-content\/uploads\/2020\/05\/anschliessen_5-1024x241.jpg 1024w, https:\/\/www.berghoch.de\/wp-content\/uploads\/2020\/05\/anschliessen_5-16x4.jpg 16w, https:\/\/www.berghoch.de\/wp-content\/uploads\/2020\/05\/anschliessen_5-600x141.jpg 600w, https:\/\/www.berghoch.de\/wp-content\/uploads\/2020\/05\/anschliessen_5.jpg 1366w\" sizes=\"(max-width: 768px) 100vw, 768px\" \/>\t\t\t\t\t\t\t\t\t\t\t<figcaption class=\"widget-image-caption wp-caption-text\">Via a BERGHOCH POE network switch.<\/figcaption>\n\t\t\t\t\t\t\t\t\t\t<\/figure>\n\t\t\t\t\t\t\t\t\t<\/div>\n\t\t\t\t<\/div>\n\t\t\t\t\t<\/div>\n\t\t<\/div>\n\t\t\t\t\t<\/div>\n\t\t<\/section>\n\t\t\t\t<section class=\"elementor-section elementor-top-section elementor-element elementor-element-214ee4e elementor-section-boxed elementor-section-height-default elementor-section-height-default\" data-id=\"214ee4e\" data-element_type=\"section\" data-e-type=\"section\">\n\t\t\t\t\t\t<div class=\"elementor-container elementor-column-gap-default\">\n\t\t\t\t\t<div class=\"elementor-column elementor-col-100 elementor-top-column elementor-element elementor-element-3e55bbf\" data-id=\"3e55bbf\" data-element_type=\"column\" data-e-type=\"column\">\n\t\t\t<div class=\"elementor-widget-wrap elementor-element-populated\">\n\t\t\t\t\t\t<div class=\"elementor-element elementor-element-f02c83d elementor-widget elementor-widget-image\" data-id=\"f02c83d\" data-element_type=\"widget\" data-e-type=\"widget\" data-widget_type=\"image.default\">\n\t\t\t\t<div class=\"elementor-widget-container\">\n\t\t\t\t\t\t\t\t\t\t\t\t<figure class=\"wp-caption\">\n\t\t\t\t\t\t\t\t\t\t<img decoding=\"async\" width=\"768\" height=\"399\" src=\"https:\/\/www.berghoch.de\/wp-content\/uploads\/2020\/05\/anschliessen_7-1-768x399.jpg\" class=\"attachment-medium_large size-medium_large wp-image-20845\" alt=\"\" srcset=\"https:\/\/www.berghoch.de\/wp-content\/uploads\/2020\/05\/anschliessen_7-1-768x399.jpg 768w, https:\/\/www.berghoch.de\/wp-content\/uploads\/2020\/05\/anschliessen_7-1-300x156.jpg 300w, https:\/\/www.berghoch.de\/wp-content\/uploads\/2020\/05\/anschliessen_7-1-1024x531.jpg 1024w, https:\/\/www.berghoch.de\/wp-content\/uploads\/2020\/05\/anschliessen_7-1-16x8.jpg 16w, https:\/\/www.berghoch.de\/wp-content\/uploads\/2020\/05\/anschliessen_7-1-600x311.jpg 600w, https:\/\/www.berghoch.de\/wp-content\/uploads\/2020\/05\/anschliessen_7-1.jpg 1366w\" sizes=\"(max-width: 768px) 100vw, 768px\" \/>\t\t\t\t\t\t\t\t\t\t\t<figcaption class=\"widget-image-caption wp-caption-text\">Via a MESH cube or WiFi repeater.<\/figcaption>\n\t\t\t\t\t\t\t\t\t\t<\/figure>\n\t\t\t\t\t\t\t\t\t<\/div>\n\t\t\t\t<\/div>\n\t\t\t\t\t<\/div>\n\t\t<\/div>\n\t\t\t\t\t<\/div>\n\t\t<\/section>\n\t\t\t\t<section class=\"elementor-section elementor-top-section elementor-element elementor-element-713346e elementor-section-boxed elementor-section-height-default elementor-section-height-default\" data-id=\"713346e\" data-element_type=\"section\" data-e-type=\"section\">\n\t\t\t\t\t\t<div class=\"elementor-container elementor-column-gap-default\">\n\t\t\t\t\t<div class=\"elementor-column elementor-col-100 elementor-top-column elementor-element elementor-element-8010c4e\" data-id=\"8010c4e\" data-element_type=\"column\" data-e-type=\"column\">\n\t\t\t<div class=\"elementor-widget-wrap elementor-element-populated\">\n\t\t\t\t\t\t<div class=\"elementor-element elementor-element-7df3bd1 elementor-widget elementor-widget-image\" data-id=\"7df3bd1\" data-element_type=\"widget\" data-e-type=\"widget\" data-widget_type=\"image.default\">\n\t\t\t\t<div class=\"elementor-widget-container\">\n\t\t\t\t\t\t\t\t\t\t\t\t<figure class=\"wp-caption\">\n\t\t\t\t\t\t\t\t\t\t<img decoding=\"async\" width=\"768\" height=\"380\" src=\"https:\/\/www.berghoch.de\/wp-content\/uploads\/2020\/05\/anschliessen_8-1-768x380.jpg\" class=\"attachment-medium_large size-medium_large wp-image-20847\" alt=\"\" srcset=\"https:\/\/www.berghoch.de\/wp-content\/uploads\/2020\/05\/anschliessen_8-1-768x380.jpg 768w, https:\/\/www.berghoch.de\/wp-content\/uploads\/2020\/05\/anschliessen_8-1-300x148.jpg 300w, https:\/\/www.berghoch.de\/wp-content\/uploads\/2020\/05\/anschliessen_8-1-1024x507.jpg 1024w, https:\/\/www.berghoch.de\/wp-content\/uploads\/2020\/05\/anschliessen_8-1-16x8.jpg 16w, https:\/\/www.berghoch.de\/wp-content\/uploads\/2020\/05\/anschliessen_8-1-600x297.jpg 600w, https:\/\/www.berghoch.de\/wp-content\/uploads\/2020\/05\/anschliessen_8-1.jpg 1366w\" sizes=\"(max-width: 768px) 100vw, 768px\" \/>\t\t\t\t\t\t\t\t\t\t\t<figcaption class=\"widget-image-caption wp-caption-text\">Via a powerline adapter.<\/figcaption>\n\t\t\t\t\t\t\t\t\t\t<\/figure>\n\t\t\t\t\t\t\t\t\t<\/div>\n\t\t\t\t<\/div>\n\t\t\t\t\t<\/div>\n\t\t<\/div>\n\t\t\t\t\t<\/div>\n\t\t<\/section>\n\t\t\t\t<section class=\"elementor-section elementor-top-section elementor-element elementor-element-e3923bf elementor-section-boxed elementor-section-height-default elementor-section-height-default\" data-id=\"e3923bf\" data-element_type=\"section\" data-e-type=\"section\">\n\t\t\t\t\t\t<div class=\"elementor-container elementor-column-gap-default\">\n\t\t\t\t\t<div class=\"elementor-column elementor-col-100 elementor-top-column elementor-element elementor-element-da36efe\" data-id=\"da36efe\" data-element_type=\"column\" data-e-type=\"column\">\n\t\t\t<div class=\"elementor-widget-wrap elementor-element-populated\">\n\t\t\t\t\t\t<div class=\"elementor-element elementor-element-c7ac08d elementor-widget elementor-widget-heading\" data-id=\"c7ac08d\" data-element_type=\"widget\" data-e-type=\"widget\" data-widget_type=\"heading.default\">\n\t\t\t\t<div class=\"elementor-widget-container\">\n\t\t\t\t\t<h2 class=\"elementor-heading-title elementor-size-default\">Connect IP network cameras individually via a POE injector<\/h2>\t\t\t\t<\/div>\n\t\t\t\t<\/div>\n\t\t\t\t<div class=\"elementor-element elementor-element-bb01bb0 elementor-widget elementor-widget-image\" data-id=\"bb01bb0\" data-element_type=\"widget\" data-e-type=\"widget\" data-widget_type=\"image.default\">\n\t\t\t\t<div class=\"elementor-widget-container\">\n\t\t\t\t\t\t\t\t\t\t\t\t<figure class=\"wp-caption\">\n\t\t\t\t\t\t\t\t\t\t<img loading=\"lazy\" decoding=\"async\" width=\"768\" height=\"279\" src=\"https:\/\/www.berghoch.de\/wp-content\/uploads\/2020\/05\/anschliessen_2-768x279.jpg\" class=\"attachment-medium_large size-medium_large wp-image-20849\" alt=\"\" srcset=\"https:\/\/www.berghoch.de\/wp-content\/uploads\/2020\/05\/anschliessen_2-768x279.jpg 768w, https:\/\/www.berghoch.de\/wp-content\/uploads\/2020\/05\/anschliessen_2-300x109.jpg 300w, https:\/\/www.berghoch.de\/wp-content\/uploads\/2020\/05\/anschliessen_2-1024x372.jpg 1024w, https:\/\/www.berghoch.de\/wp-content\/uploads\/2020\/05\/anschliessen_2-16x6.jpg 16w, https:\/\/www.berghoch.de\/wp-content\/uploads\/2020\/05\/anschliessen_2-600x218.jpg 600w, https:\/\/www.berghoch.de\/wp-content\/uploads\/2020\/05\/anschliessen_2.jpg 1366w\" sizes=\"(max-width: 768px) 100vw, 768px\" \/>\t\t\t\t\t\t\t\t\t\t\t<figcaption class=\"widget-image-caption wp-caption-text\">Via a network switch without POE or router.<\/figcaption>\n\t\t\t\t\t\t\t\t\t\t<\/figure>\n\t\t\t\t\t\t\t\t\t<\/div>\n\t\t\t\t<\/div>\n\t\t\t\t\t<\/div>\n\t\t<\/div>\n\t\t\t\t\t<\/div>\n\t\t<\/section>\n\t\t\t\t<section class=\"elementor-section elementor-top-section elementor-element elementor-element-2107f5a elementor-section-boxed elementor-section-height-default elementor-section-height-default\" data-id=\"2107f5a\" data-element_type=\"section\" data-e-type=\"section\">\n\t\t\t\t\t\t<div class=\"elementor-container elementor-column-gap-default\">\n\t\t\t\t\t<div class=\"elementor-column elementor-col-100 elementor-top-column elementor-element elementor-element-0c9ebfd\" data-id=\"0c9ebfd\" data-element_type=\"column\" data-e-type=\"column\">\n\t\t\t<div class=\"elementor-widget-wrap elementor-element-populated\">\n\t\t\t\t\t\t<div class=\"elementor-element elementor-element-afe2e90 elementor-widget elementor-widget-image\" data-id=\"afe2e90\" data-element_type=\"widget\" data-e-type=\"widget\" data-widget_type=\"image.default\">\n\t\t\t\t<div class=\"elementor-widget-container\">\n\t\t\t\t\t\t\t\t\t\t\t\t<figure class=\"wp-caption\">\n\t\t\t\t\t\t\t\t\t\t<img loading=\"lazy\" decoding=\"async\" width=\"768\" height=\"399\" src=\"https:\/\/www.berghoch.de\/wp-content\/uploads\/2020\/05\/anschliessen_3-768x399.jpg\" class=\"attachment-medium_large size-medium_large wp-image-20844\" alt=\"\" srcset=\"https:\/\/www.berghoch.de\/wp-content\/uploads\/2020\/05\/anschliessen_3-768x399.jpg 768w, https:\/\/www.berghoch.de\/wp-content\/uploads\/2020\/05\/anschliessen_3-300x156.jpg 300w, https:\/\/www.berghoch.de\/wp-content\/uploads\/2020\/05\/anschliessen_3-1024x531.jpg 1024w, https:\/\/www.berghoch.de\/wp-content\/uploads\/2020\/05\/anschliessen_3-16x8.jpg 16w, https:\/\/www.berghoch.de\/wp-content\/uploads\/2020\/05\/anschliessen_3-600x311.jpg 600w, https:\/\/www.berghoch.de\/wp-content\/uploads\/2020\/05\/anschliessen_3.jpg 1366w\" sizes=\"(max-width: 768px) 100vw, 768px\" \/>\t\t\t\t\t\t\t\t\t\t\t<figcaption class=\"widget-image-caption wp-caption-text\">Via a MESH cube or WiFi repeater.<\/figcaption>\n\t\t\t\t\t\t\t\t\t\t<\/figure>\n\t\t\t\t\t\t\t\t\t<\/div>\n\t\t\t\t<\/div>\n\t\t\t\t\t<\/div>\n\t\t<\/div>\n\t\t\t\t\t<\/div>\n\t\t<\/section>\n\t\t\t\t<section class=\"elementor-section elementor-top-section elementor-element elementor-element-58d2a99 elementor-section-boxed elementor-section-height-default elementor-section-height-default\" data-id=\"58d2a99\" data-element_type=\"section\" data-e-type=\"section\">\n\t\t\t\t\t\t<div class=\"elementor-container elementor-column-gap-default\">\n\t\t\t\t\t<div class=\"elementor-column elementor-col-100 elementor-top-column elementor-element elementor-element-ba6414a\" data-id=\"ba6414a\" data-element_type=\"column\" data-e-type=\"column\">\n\t\t\t<div class=\"elementor-widget-wrap elementor-element-populated\">\n\t\t\t\t\t\t<div class=\"elementor-element elementor-element-b5b788a elementor-widget elementor-widget-image\" data-id=\"b5b788a\" data-element_type=\"widget\" data-e-type=\"widget\" data-widget_type=\"image.default\">\n\t\t\t\t<div class=\"elementor-widget-container\">\n\t\t\t\t\t\t\t\t\t\t\t\t<figure class=\"wp-caption\">\n\t\t\t\t\t\t\t\t\t\t<img loading=\"lazy\" decoding=\"async\" width=\"768\" height=\"380\" src=\"https:\/\/www.berghoch.de\/wp-content\/uploads\/2020\/05\/anschliessen_4-768x380.jpg\" class=\"attachment-medium_large size-medium_large wp-image-20846\" alt=\"\" srcset=\"https:\/\/www.berghoch.de\/wp-content\/uploads\/2020\/05\/anschliessen_4-768x380.jpg 768w, https:\/\/www.berghoch.de\/wp-content\/uploads\/2020\/05\/anschliessen_4-300x148.jpg 300w, https:\/\/www.berghoch.de\/wp-content\/uploads\/2020\/05\/anschliessen_4-1024x507.jpg 1024w, https:\/\/www.berghoch.de\/wp-content\/uploads\/2020\/05\/anschliessen_4-16x8.jpg 16w, https:\/\/www.berghoch.de\/wp-content\/uploads\/2020\/05\/anschliessen_4-600x297.jpg 600w, https:\/\/www.berghoch.de\/wp-content\/uploads\/2020\/05\/anschliessen_4.jpg 1366w\" sizes=\"(max-width: 768px) 100vw, 768px\" \/>\t\t\t\t\t\t\t\t\t\t\t<figcaption class=\"widget-image-caption wp-caption-text\">Via a powerline adapter.<\/figcaption>\n\t\t\t\t\t\t\t\t\t\t<\/figure>\n\t\t\t\t\t\t\t\t\t<\/div>\n\t\t\t\t<\/div>\n\t\t\t\t\t<\/div>\n\t\t<\/div>\n\t\t\t\t\t<\/div>\n\t\t<\/section>\n\t\t\t\t<\/div>\n\t\t<script language='javascript' type='text\/javascript'>function getWR360PopupSkin(){return 'light_clean';}<\/script>","protected":false},"excerpt":{"rendered":"<p>IP-Netzwerkkameras \u00fcber den POE-Switch verbinden \u00dcber einen BERGHOCH POE-Netzwerkswitch. \u00dcber einen MESH-W\u00fcrfel oder WLAN-Repeater. \u00dcber einen Powerline Adapter. IP-Netzwerkkameras einzeln \u00fcber einen POE-Injektor anschlie\u00dfen \u00dcber einen Netzwerkswitch ohne POE oder<\/p>","protected":false},"author":6285,"featured_media":0,"parent":0,"menu_order":0,"comment_status":"closed","ping_status":"closed","template":"","meta":{"_glsr_average":0,"_glsr_ranking":0,"_glsr_reviews":0,"footnotes":""},"class_list":["post-15819","page","type-page","status-publish","hentry"],"_links":{"self":[{"href":"https:\/\/www.berghoch.de\/en\/wp-json\/wp\/v2\/pages\/15819","targetHints":{"allow":["GET"]}}],"collection":[{"href":"https:\/\/www.berghoch.de\/en\/wp-json\/wp\/v2\/pages"}],"about":[{"href":"https:\/\/www.berghoch.de\/en\/wp-json\/wp\/v2\/types\/page"}],"author":[{"embeddable":true,"href":"https:\/\/www.berghoch.de\/en\/wp-json\/wp\/v2\/users\/6285"}],"replies":[{"embeddable":true,"href":"https:\/\/www.berghoch.de\/en\/wp-json\/wp\/v2\/comments?post=15819"}],"version-history":[{"count":0,"href":"https:\/\/www.berghoch.de\/en\/wp-json\/wp\/v2\/pages\/15819\/revisions"}],"wp:attachment":[{"href":"https:\/\/www.berghoch.de\/en\/wp-json\/wp\/v2\/media?parent=15819"}],"curies":[{"name":"wp","href":"https:\/\/api.w.org\/{rel}","templated":true}]}}