{"id":1894,"date":"2018-12-11T09:21:30","date_gmt":"2018-12-11T08:21:30","guid":{"rendered":"http:\/\/www.dvrshop.test\/?page_id=1894"},"modified":"2025-08-04T15:45:06","modified_gmt":"2025-08-04T13:45:06","slug":"montage","status":"publish","type":"page","link":"https:\/\/www.berghoch.de\/en\/montage\/","title":{"rendered":"Installation"},"content":{"rendered":"<div data-elementor-type=\"wp-post\" data-elementor-id=\"1894\" class=\"elementor elementor-1894\" data-elementor-post-type=\"page\">\n\t\t\t\t\t\t<section class=\"elementor-section elementor-top-section elementor-element elementor-element-1f7f6b3 elementor-section-boxed elementor-section-height-default elementor-section-height-default\" data-id=\"1f7f6b3\" data-element_type=\"section\" data-e-type=\"section\">\n\t\t\t\t\t\t<div class=\"elementor-container elementor-column-gap-default\">\n\t\t\t\t\t<div class=\"elementor-column elementor-col-100 elementor-top-column elementor-element elementor-element-904b9a8\" data-id=\"904b9a8\" data-element_type=\"column\" data-e-type=\"column\">\n\t\t\t<div class=\"elementor-widget-wrap elementor-element-populated\">\n\t\t\t\t\t\t<div class=\"elementor-element elementor-element-acf9f24 elementor-position-left elementor-vertical-align-top elementor-widget elementor-widget-image-box\" data-id=\"acf9f24\" data-element_type=\"widget\" data-e-type=\"widget\" data-widget_type=\"image-box.default\">\n\t\t\t\t<div class=\"elementor-widget-container\">\n\t\t\t\t\t<div class=\"elementor-image-box-wrapper\"><figure class=\"elementor-image-box-img\"><img fetchpriority=\"high\" decoding=\"async\" width=\"300\" height=\"300\" src=\"https:\/\/www.berghoch.de\/wp-content\/uploads\/2019\/01\/selbstmontage.png\" class=\"attachment-full size-full wp-image-3693\" alt=\"\" srcset=\"https:\/\/www.berghoch.de\/wp-content\/uploads\/2019\/01\/selbstmontage.png 300w, https:\/\/www.berghoch.de\/wp-content\/uploads\/2019\/01\/selbstmontage-150x150.png 150w, https:\/\/www.berghoch.de\/wp-content\/uploads\/2019\/01\/selbstmontage-100x100.png 100w\" sizes=\"(max-width: 300px) 100vw, 300px\" \/><\/figure><div class=\"elementor-image-box-content\"><h3 class=\"elementor-image-box-title\">BERGHOCH  - Selbst Sicherheit schaffen<\/h3><p class=\"elementor-image-box-description\">Getreu unserem Motto:<b> \"Selbst Sicherheit schaffen\"<\/b> our systems are designed for self-assembly. \n<b>Plug and play<\/b>  Mount cameras, connect cables, set distributors and connect the NVR recording device.\n<br>Auf dieser Seite erhalten Sie eine \u00dcbersicht \u00fcber den Anschluss unser kabelgebundenen Netzwerk und kabellosen Wifi Systeme.<\/p><\/div><\/div>\t\t\t\t<\/div>\n\t\t\t\t<\/div>\n\t\t\t\t\t<\/div>\n\t\t<\/div>\n\t\t\t\t\t<\/div>\n\t\t<\/section>\n\t\t\t\t<section class=\"elementor-section elementor-top-section elementor-element elementor-element-fa48cc4 elementor-section-boxed elementor-section-height-default elementor-section-height-default\" data-id=\"fa48cc4\" data-element_type=\"section\" data-e-type=\"section\">\n\t\t\t\t\t\t<div class=\"elementor-container elementor-column-gap-default\">\n\t\t\t\t\t<div class=\"elementor-column elementor-col-100 elementor-top-column elementor-element elementor-element-6cfa950\" data-id=\"6cfa950\" data-element_type=\"column\" data-e-type=\"column\">\n\t\t\t<div class=\"elementor-widget-wrap elementor-element-populated\">\n\t\t\t\t\t\t<div class=\"elementor-element elementor-element-9469b60 elementor-position-left elementor-vertical-align-middle elementor-widget elementor-widget-image-box\" data-id=\"9469b60\" data-element_type=\"widget\" data-e-type=\"widget\" data-widget_type=\"image-box.default\">\n\t\t\t\t<div class=\"elementor-widget-container\">\n\t\t\t\t\t<div class=\"elementor-image-box-wrapper\"><figure class=\"elementor-image-box-img\"><img decoding=\"async\" width=\"2300\" height=\"1800\" src=\"https:\/\/www.berghoch.de\/wp-content\/uploads\/2019\/02\/anschluss_ohne_internet_v3.png\" class=\"attachment-full size-full wp-image-4082\" alt=\"\" srcset=\"https:\/\/www.berghoch.de\/wp-content\/uploads\/2019\/02\/anschluss_ohne_internet_v3.png 2300w, https:\/\/www.berghoch.de\/wp-content\/uploads\/2019\/02\/anschluss_ohne_internet_v3-300x235.png 300w, https:\/\/www.berghoch.de\/wp-content\/uploads\/2019\/02\/anschluss_ohne_internet_v3-768x601.png 768w, https:\/\/www.berghoch.de\/wp-content\/uploads\/2019\/02\/anschluss_ohne_internet_v3-1024x801.png 1024w, https:\/\/www.berghoch.de\/wp-content\/uploads\/2019\/02\/anschluss_ohne_internet_v3-600x470.png 600w\" sizes=\"(max-width: 2300px) 100vw, 2300px\" \/><\/figure><div class=\"elementor-image-box-content\"><h3 class=\"elementor-image-box-title\">4K 8MP System - Cameras connected via cables<\/h3><p class=\"elementor-image-box-description\"><b>Connection self-sufficient - without an Internet router<\/b> (wird ben\u00f6tigt f\u00fcr den Fernzugriff per APP)\nDie Kameras werden mit einem Standard-Netzwerkkabel verbunden und bekommen den Strom \u00fcber den mitgelieferten POE-Switch (2).\nEine extra Stromversorgung der Kameras ist nicht n\u00f6tig. Die maximale Kabell\u00e4nge betr\u00e4gt 100 Meter pro Kamera. <br><br>The POE switch is connected to the camera (1) and the NVR recording device (3) via a network cable. The monitor is connected to the NVR recording device via HDMI or VGA. Standard PC monitors or televisions fit. Several POE switches can also be used as distribution points. More information in our assembly instructions.<\/p><\/div><\/div>\t\t\t\t<\/div>\n\t\t\t\t<\/div>\n\t\t\t\t<div class=\"elementor-element elementor-element-14f4cfc elementor-widget-divider--view-line elementor-widget elementor-widget-divider\" data-id=\"14f4cfc\" data-element_type=\"widget\" data-e-type=\"widget\" data-widget_type=\"divider.default\">\n\t\t\t\t<div class=\"elementor-widget-container\">\n\t\t\t\t\t\t\t<div class=\"elementor-divider\">\n\t\t\t<span class=\"elementor-divider-separator\">\n\t\t\t\t\t\t<\/span>\n\t\t<\/div>\n\t\t\t\t\t\t<\/div>\n\t\t\t\t<\/div>\n\t\t\t\t<div class=\"elementor-element elementor-element-2806a60 elementor-position-left elementor-vertical-align-middle elementor-widget elementor-widget-image-box\" data-id=\"2806a60\" data-element_type=\"widget\" data-e-type=\"widget\" data-widget_type=\"image-box.default\">\n\t\t\t\t<div class=\"elementor-widget-container\">\n\t\t\t\t\t<div class=\"elementor-image-box-wrapper\"><figure class=\"elementor-image-box-img\"><img decoding=\"async\" width=\"2301\" height=\"1800\" src=\"https:\/\/www.berghoch.de\/wp-content\/uploads\/2019\/02\/anschluss_mit_internet_v3.png\" class=\"attachment-full size-full wp-image-4081\" alt=\"\" srcset=\"https:\/\/www.berghoch.de\/wp-content\/uploads\/2019\/02\/anschluss_mit_internet_v3.png 2301w, https:\/\/www.berghoch.de\/wp-content\/uploads\/2019\/02\/anschluss_mit_internet_v3-300x235.png 300w, https:\/\/www.berghoch.de\/wp-content\/uploads\/2019\/02\/anschluss_mit_internet_v3-768x601.png 768w, https:\/\/www.berghoch.de\/wp-content\/uploads\/2019\/02\/anschluss_mit_internet_v3-1024x801.png 1024w, https:\/\/www.berghoch.de\/wp-content\/uploads\/2019\/02\/anschluss_mit_internet_v3-600x469.png 600w\" sizes=\"(max-width: 2301px) 100vw, 2301px\" \/><\/figure><div class=\"elementor-image-box-content\"><p class=\"elementor-image-box-description\"><span style=\"font-weight: 700;letter-spacing: -0.14px\">Connection with internet router<\/span><span style=\"letter-spacing: -0.14px\">\nDie Kameras werden mit einem Standard-Netzwerkkabel verbunden und bekommen den Strom \u00fcber den mitgelieferten POE-Switch (2).\nEine extra Stromversorgung der Kameras ist nicht n\u00f6tig. Die maximale Kabell\u00e4nge betr\u00e4gt 100 Meter pro Kamera. <\/span><br style=\"letter-spacing: -0.14px\"><br style=\"letter-spacing: -0.14px\"><span style=\"letter-spacing: -0.14px\">The POE switch is connected to the camera (1) and the WIFI router (3) via a network cable. The NVR recording device (4) is connected to the WIFI router (3) with the second network cable. The monitor is connected to the NVR recording device via HDMI or VGA. Standard PC monitors or televisions fit. Several POE switches can also be used as distribution points. More information in our assembly instructions.\n\n<\/span><\/p><\/div><\/div>\t\t\t\t<\/div>\n\t\t\t\t<\/div>\n\t\t\t\t\t<\/div>\n\t\t<\/div>\n\t\t\t\t\t<\/div>\n\t\t<\/section>\n\t\t\t\t<section class=\"elementor-section elementor-top-section elementor-element elementor-element-71a6558 elementor-section-boxed elementor-section-height-default elementor-section-height-default\" data-id=\"71a6558\" data-element_type=\"section\" data-e-type=\"section\">\n\t\t\t\t\t\t<div class=\"elementor-container elementor-column-gap-default\">\n\t\t\t\t\t<div class=\"elementor-column elementor-col-100 elementor-top-column elementor-element elementor-element-54b0c97\" data-id=\"54b0c97\" data-element_type=\"column\" data-e-type=\"column\">\n\t\t\t<div class=\"elementor-widget-wrap elementor-element-populated\">\n\t\t\t\t\t\t<div class=\"elementor-element elementor-element-2de83ab elementor-position-right elementor-vertical-align-middle elementor-widget elementor-widget-image-box\" data-id=\"2de83ab\" data-element_type=\"widget\" data-e-type=\"widget\" data-widget_type=\"image-box.default\">\n\t\t\t\t<div class=\"elementor-widget-container\">\n\t\t\t\t\t<div class=\"elementor-image-box-wrapper\"><figure class=\"elementor-image-box-img\"><img loading=\"lazy\" decoding=\"async\" width=\"300\" height=\"300\" src=\"https:\/\/www.berghoch.de\/wp-content\/uploads\/2019\/01\/selbstmontage_2.png\" class=\"attachment-full size-full wp-image-3717\" alt=\"\" srcset=\"https:\/\/www.berghoch.de\/wp-content\/uploads\/2019\/01\/selbstmontage_2.png 300w, https:\/\/www.berghoch.de\/wp-content\/uploads\/2019\/01\/selbstmontage_2-150x150.png 150w, https:\/\/www.berghoch.de\/wp-content\/uploads\/2019\/01\/selbstmontage_2-100x100.png 100w\" sizes=\"(max-width: 300px) 100vw, 300px\" \/><\/figure><div class=\"elementor-image-box-content\"><h3 class=\"elementor-image-box-title\">Which is better wired or wifi !?<\/h3><p class=\"elementor-image-box-description\">Generell empfehlen wir die kabelgebundene L\u00f6sung \u00fcber POE (Strom und Video \u00fcber ein Kabel).<\/br>\nSollte dies nicht m\u00f6glich sein, haben wir ein breites Angebot an kabellosen L\u00f6sungen f\u00fcr Sie.\n<\/p><\/div><\/div>\t\t\t\t<\/div>\n\t\t\t\t<\/div>\n\t\t\t\t\t<\/div>\n\t\t<\/div>\n\t\t\t\t\t<\/div>\n\t\t<\/section>\n\t\t\t\t<section class=\"elementor-section elementor-top-section elementor-element elementor-element-6cf8902 elementor-section-boxed elementor-section-height-default elementor-section-height-default\" data-id=\"6cf8902\" data-element_type=\"section\" data-e-type=\"section\">\n\t\t\t\t\t\t<div class=\"elementor-container elementor-column-gap-default\">\n\t\t\t\t\t<div class=\"elementor-column elementor-col-100 elementor-top-column elementor-element elementor-element-f248e21\" data-id=\"f248e21\" data-element_type=\"column\" data-e-type=\"column\">\n\t\t\t<div class=\"elementor-widget-wrap\">\n\t\t\t\t\t\t\t<\/div>\n\t\t<\/div>\n\t\t\t\t\t<\/div>\n\t\t<\/section>\n\t\t\t\t<section class=\"elementor-section elementor-top-section elementor-element elementor-element-3e00b00 elementor-section-boxed elementor-section-height-default elementor-section-height-default\" data-id=\"3e00b00\" data-element_type=\"section\" data-e-type=\"section\">\n\t\t\t\t\t\t<div class=\"elementor-container elementor-column-gap-default\">\n\t\t\t\t\t<div class=\"elementor-column elementor-col-100 elementor-top-column elementor-element elementor-element-ca1b706\" data-id=\"ca1b706\" data-element_type=\"column\" data-e-type=\"column\">\n\t\t\t<div class=\"elementor-widget-wrap elementor-element-populated\">\n\t\t\t\t\t\t<div class=\"elementor-element elementor-element-76c4721 elementor-position-left elementor-vertical-align-middle elementor-widget elementor-widget-image-box\" data-id=\"76c4721\" data-element_type=\"widget\" data-e-type=\"widget\" data-widget_type=\"image-box.default\">\n\t\t\t\t<div class=\"elementor-widget-container\">\n\t\t\t\t\t<div class=\"elementor-image-box-wrapper\"><figure class=\"elementor-image-box-img\"><img loading=\"lazy\" decoding=\"async\" width=\"1600\" height=\"1200\" src=\"https:\/\/www.berghoch.de\/wp-content\/uploads\/2020\/07\/Montage_Hybrid.jpg\" class=\"attachment-full size-full wp-image-17657\" alt=\"\" srcset=\"https:\/\/www.berghoch.de\/wp-content\/uploads\/2020\/07\/Montage_Hybrid.jpg 1600w, https:\/\/www.berghoch.de\/wp-content\/uploads\/2020\/07\/Montage_Hybrid-300x225.jpg 300w, https:\/\/www.berghoch.de\/wp-content\/uploads\/2020\/07\/Montage_Hybrid-1024x768.jpg 1024w, https:\/\/www.berghoch.de\/wp-content\/uploads\/2020\/07\/Montage_Hybrid-768x576.jpg 768w, https:\/\/www.berghoch.de\/wp-content\/uploads\/2020\/07\/Montage_Hybrid-1536x1152.jpg 1536w, https:\/\/www.berghoch.de\/wp-content\/uploads\/2020\/07\/Montage_Hybrid-600x450.jpg 600w\" sizes=\"(max-width: 1600px) 100vw, 1600px\" \/><\/figure><div class=\"elementor-image-box-content\"><h3 class=\"elementor-image-box-title\">4K 8MP Funk Hybrid - Wireless for large buildings\/premises<\/h3><p class=\"elementor-image-box-description\"><ul><li>\nCamera system with NVR recording device\n<\/li><li>\nUp to 16 cameras (8MP)\n<\/li><li>\nIntended for large-scale houses, commercial units and land\n<\/li><li>\n3x wifi transmitter \/ receiver included\n<\/li><li>\nExpandable up to 7 receivers up to 1000 m\u00b2\n<\/li><\/ul><\/p><\/div><\/div>\t\t\t\t<\/div>\n\t\t\t\t<\/div>\n\t\t\t\t<div class=\"elementor-element elementor-element-bc99415 elementor-position-left elementor-vertical-align-middle elementor-widget elementor-widget-image-box\" data-id=\"bc99415\" data-element_type=\"widget\" data-e-type=\"widget\" data-widget_type=\"image-box.default\">\n\t\t\t\t<div class=\"elementor-widget-container\">\n\t\t\t\t\t<div class=\"elementor-image-box-wrapper\"><figure class=\"elementor-image-box-img\"><img loading=\"lazy\" decoding=\"async\" width=\"1600\" height=\"1200\" src=\"https:\/\/www.berghoch.de\/wp-content\/uploads\/2020\/07\/Montage_Kabellos.jpg\" class=\"attachment-full size-full wp-image-17658\" alt=\"\" srcset=\"https:\/\/www.berghoch.de\/wp-content\/uploads\/2020\/07\/Montage_Kabellos.jpg 1600w, https:\/\/www.berghoch.de\/wp-content\/uploads\/2020\/07\/Montage_Kabellos-300x225.jpg 300w, https:\/\/www.berghoch.de\/wp-content\/uploads\/2020\/07\/Montage_Kabellos-1024x768.jpg 1024w, https:\/\/www.berghoch.de\/wp-content\/uploads\/2020\/07\/Montage_Kabellos-768x576.jpg 768w, https:\/\/www.berghoch.de\/wp-content\/uploads\/2020\/07\/Montage_Kabellos-1536x1152.jpg 1536w, https:\/\/www.berghoch.de\/wp-content\/uploads\/2020\/07\/Montage_Kabellos-600x450.jpg 600w\" sizes=\"(max-width: 1600px) 100vw, 1600px\" \/><\/figure><div class=\"elementor-image-box-content\"><h3 class=\"elementor-image-box-title\">4K 8MP Powerline Wireless<\/h3><p class=\"elementor-image-box-description\"><ul><li>\nCamera system with NVR recording device\n<\/li><li>\nUp to 16 cameras (8MP)\n<\/li><li>\nIntended for large-scale houses, commercial units and land with an electricity meter\n<\/li><li>\nPowerline adapter included\n<\/li><\/ul><\/p><\/div><\/div>\t\t\t\t<\/div>\n\t\t\t\t<\/div>\n\t\t\t\t\t<\/div>\n\t\t<\/div>\n\t\t\t\t\t<\/div>\n\t\t<\/section>\n\t\t\t\t<section class=\"elementor-section elementor-top-section elementor-element elementor-element-9090dfa elementor-section-boxed elementor-section-height-default elementor-section-height-default\" data-id=\"9090dfa\" data-element_type=\"section\" data-e-type=\"section\">\n\t\t\t\t\t\t<div class=\"elementor-container elementor-column-gap-default\">\n\t\t\t\t\t<div class=\"elementor-column elementor-col-100 elementor-top-column elementor-element elementor-element-105f35e\" data-id=\"105f35e\" data-element_type=\"column\" data-e-type=\"column\">\n\t\t\t<div class=\"elementor-widget-wrap elementor-element-populated\">\n\t\t\t\t\t\t<div class=\"elementor-element elementor-element-f93a10f elementor-position-left elementor-vertical-align-middle elementor-widget elementor-widget-image-box\" data-id=\"f93a10f\" data-element_type=\"widget\" data-e-type=\"widget\" data-widget_type=\"image-box.default\">\n\t\t\t\t<div class=\"elementor-widget-container\">\n\t\t\t\t\t<div class=\"elementor-image-box-wrapper\"><figure class=\"elementor-image-box-img\"><img loading=\"lazy\" decoding=\"async\" width=\"1600\" height=\"1200\" src=\"https:\/\/www.berghoch.de\/wp-content\/uploads\/2021\/02\/Montage_WLAN.png\" class=\"attachment-full size-full wp-image-24066\" alt=\"\" srcset=\"https:\/\/www.berghoch.de\/wp-content\/uploads\/2021\/02\/Montage_WLAN.png 1600w, https:\/\/www.berghoch.de\/wp-content\/uploads\/2021\/02\/Montage_WLAN-300x225.png 300w, https:\/\/www.berghoch.de\/wp-content\/uploads\/2021\/02\/Montage_WLAN-1024x768.png 1024w, https:\/\/www.berghoch.de\/wp-content\/uploads\/2021\/02\/Montage_WLAN-768x576.png 768w, https:\/\/www.berghoch.de\/wp-content\/uploads\/2021\/02\/Montage_WLAN-1536x1152.png 1536w, https:\/\/www.berghoch.de\/wp-content\/uploads\/2021\/02\/Montage_WLAN-16x12.png 16w, https:\/\/www.berghoch.de\/wp-content\/uploads\/2021\/02\/Montage_WLAN-600x450.png 600w\" sizes=\"(max-width: 1600px) 100vw, 1600px\" \/><\/figure><div class=\"elementor-image-box-content\"><h3 class=\"elementor-image-box-title\">WLAN MESH \u2013 Cameras wireless via a WiFi mesh<\/h3><p class=\"elementor-image-box-description\"><ul><li>\nCamera system with NVR recording device\n<\/li><li>\nUp to 8 cameras\n<\/li><li>\nRecording device for connection to a monitor or with built-in 12 &quot;monitor\n<\/li><li>\nFunk range can be extended with WiFi cube\n<\/li><ul><\/p><\/div><\/div>\t\t\t\t<\/div>\n\t\t\t\t<\/div>\n\t\t\t\t\t<\/div>\n\t\t<\/div>\n\t\t\t\t\t<\/div>\n\t\t<\/section>\n\t\t\t\t<\/div>\n\t\t<script language='javascript' type='text\/javascript'>function getWR360PopupSkin(){return 'light_clean';}<\/script>","protected":false},"excerpt":{"rendered":"<p>BERGHOCH &#8211; Selbst Sicherheit schaffen Getreu unserem Motto: &#8220;Selbst Sicherheit schaffen&#8221; sind unsere Systeme zur Selbstmontage gedacht. Plug &amp; Play Kameras montieren, Kabel verbinden, Verteiler setzen und das NVR Aufnahmeger\u00e4t<\/p>","protected":false},"author":2,"featured_media":0,"parent":0,"menu_order":0,"comment_status":"closed","ping_status":"closed","template":"","meta":{"_glsr_average":0,"_glsr_ranking":0,"_glsr_reviews":0,"footnotes":""},"class_list":["post-1894","page","type-page","status-publish","hentry"],"_links":{"self":[{"href":"https:\/\/www.berghoch.de\/en\/wp-json\/wp\/v2\/pages\/1894","targetHints":{"allow":["GET"]}}],"collection":[{"href":"https:\/\/www.berghoch.de\/en\/wp-json\/wp\/v2\/pages"}],"about":[{"href":"https:\/\/www.berghoch.de\/en\/wp-json\/wp\/v2\/types\/page"}],"author":[{"embeddable":true,"href":"https:\/\/www.berghoch.de\/en\/wp-json\/wp\/v2\/users\/2"}],"replies":[{"embeddable":true,"href":"https:\/\/www.berghoch.de\/en\/wp-json\/wp\/v2\/comments?post=1894"}],"version-history":[{"count":0,"href":"https:\/\/www.berghoch.de\/en\/wp-json\/wp\/v2\/pages\/1894\/revisions"}],"wp:attachment":[{"href":"https:\/\/www.berghoch.de\/en\/wp-json\/wp\/v2\/media?parent=1894"}],"curies":[{"name":"wp","href":"https:\/\/api.w.org\/{rel}","templated":true}]}}