{"id":41145,"date":"2023-04-26T12:13:06","date_gmt":"2023-04-26T10:13:06","guid":{"rendered":"https:\/\/www.berghoch.de\/?page_id=41145"},"modified":"2025-08-11T11:17:32","modified_gmt":"2025-08-11T09:17:32","slug":"lager-kommisionierung","status":"publish","type":"page","link":"https:\/\/www.berghoch.de\/en\/lager-kommisionierung\/","title":{"rendered":"Storage &amp; order picking"},"content":{"rendered":"<div data-elementor-type=\"wp-page\" data-elementor-id=\"41145\" class=\"elementor elementor-41145\" data-elementor-post-type=\"page\">\n\t\t\t\t\t\t<section class=\"elementor-section elementor-top-section elementor-element elementor-element-6cb8819 elementor-section-boxed elementor-section-height-default elementor-section-height-default\" data-id=\"6cb8819\" data-element_type=\"section\" data-e-type=\"section\">\n\t\t\t\t\t\t<div class=\"elementor-container elementor-column-gap-default\">\n\t\t\t\t\t<div class=\"elementor-column elementor-col-100 elementor-top-column elementor-element elementor-element-58f8f63\" data-id=\"58f8f63\" data-element_type=\"column\" data-e-type=\"column\">\n\t\t\t<div class=\"elementor-widget-wrap elementor-element-populated\">\n\t\t\t\t\t\t<div class=\"elementor-element elementor-element-c5901b4 elementor-widget elementor-widget-image\" data-id=\"c5901b4\" data-element_type=\"widget\" data-e-type=\"widget\" data-widget_type=\"image.default\">\n\t\t\t\t<div class=\"elementor-widget-container\">\n\t\t\t\t\t\t\t\t\t\t\t\t\t\t\t<img fetchpriority=\"high\" decoding=\"async\" width=\"2500\" height=\"601\" src=\"https:\/\/www.berghoch.de\/wp-content\/uploads\/2023\/04\/Lager_Banner.png\" class=\"attachment-full size-full wp-image-41149\" alt=\"\" srcset=\"https:\/\/www.berghoch.de\/wp-content\/uploads\/2023\/04\/Lager_Banner.png 2500w, https:\/\/www.berghoch.de\/wp-content\/uploads\/2023\/04\/Lager_Banner-300x72.png 300w, https:\/\/www.berghoch.de\/wp-content\/uploads\/2023\/04\/Lager_Banner-1024x246.png 1024w, https:\/\/www.berghoch.de\/wp-content\/uploads\/2023\/04\/Lager_Banner-768x185.png 768w, https:\/\/www.berghoch.de\/wp-content\/uploads\/2023\/04\/Lager_Banner-1536x369.png 1536w, https:\/\/www.berghoch.de\/wp-content\/uploads\/2023\/04\/Lager_Banner-2048x492.png 2048w, https:\/\/www.berghoch.de\/wp-content\/uploads\/2023\/04\/Lager_Banner-18x4.png 18w, https:\/\/www.berghoch.de\/wp-content\/uploads\/2023\/04\/Lager_Banner-600x144.png 600w\" sizes=\"(max-width: 2500px) 100vw, 2500px\" \/>\t\t\t\t\t\t\t\t\t\t\t\t\t\t\t<\/div>\n\t\t\t\t<\/div>\n\t\t\t\t<div class=\"elementor-element elementor-element-62ef7db elementor-widget elementor-widget-text-editor\" data-id=\"62ef7db\" data-element_type=\"widget\" data-e-type=\"widget\" data-widget_type=\"text-editor.default\">\n\t\t\t\t<div class=\"elementor-widget-container\">\n\t\t\t\t\t\t\t\t\t<p>We offer an extensive range of security solutions for businesses, including warehouse and picking areas. Our cameras and systems offer numerous advantages that help you to make your company safer and more efficient.<\/p><p>Our cameras enable effective monitoring of goods and stocks in real time. You can track the location of products and goods using the cameras and prevent potential losses. Installing cameras and surveillance systems can help reduce inventory discrepancies, thereby saving costs.<\/p><p>Our cameras and systems can also help improve the efficiency of warehousing and picking processes. With effective monitoring, you can quickly identify and resolve potential issues and bottlenecks, resulting in faster, smoother operations.<\/p><p>With the option of remote monitoring via app, you can access the cameras from any location and thus keep control of your storage and picking processes at all times. Our cameras and systems are robust and resistant to vandalism and sabotage, which provides additional security.<\/p><p>We pride ourselves on offering you high quality security solutions for your warehouse and picking areas. Our cameras and systems are easy to install and operate and offer you reliable protection against theft, loss and vandalism. Feel free to contact us if you have any questions or need more information!<\/p><p>\u00a0<\/p><p>\u00a0<\/p>\t\t\t\t\t\t\t\t<\/div>\n\t\t\t\t<\/div>\n\t\t\t\t<div class=\"elementor-element elementor-element-db42be2 elementor-widget elementor-widget-heading\" data-id=\"db42be2\" data-element_type=\"widget\" data-e-type=\"widget\" data-widget_type=\"heading.default\">\n\t\t\t\t<div class=\"elementor-widget-container\">\n\t\t\t\t\t<h2 class=\"elementor-heading-title elementor-size-default\">Storage &amp; order picking<\/h2>\t\t\t\t<\/div>\n\t\t\t\t<\/div>\n\t\t\t\t\t<\/div>\n\t\t<\/div>\n\t\t\t\t\t<\/div>\n\t\t<\/section>\n\t\t\t\t<section class=\"elementor-section elementor-top-section elementor-element elementor-element-88f47d6 elementor-section-boxed elementor-section-height-default elementor-section-height-default\" data-id=\"88f47d6\" data-element_type=\"section\" data-e-type=\"section\">\n\t\t\t\t\t\t<div class=\"elementor-container elementor-column-gap-default\">\n\t\t\t\t\t<div class=\"elementor-column elementor-col-50 elementor-top-column elementor-element elementor-element-4e81545\" data-id=\"4e81545\" data-element_type=\"column\" data-e-type=\"column\">\n\t\t\t<div class=\"elementor-widget-wrap elementor-element-populated\">\n\t\t\t\t\t\t<div class=\"elementor-element elementor-element-9649bb2 elementor-widget elementor-widget-image\" data-id=\"9649bb2\" data-element_type=\"widget\" data-e-type=\"widget\" data-widget_type=\"image.default\">\n\t\t\t\t<div class=\"elementor-widget-container\">\n\t\t\t\t\t\t\t\t\t\t\t\t\t\t\t<img decoding=\"async\" width=\"1024\" height=\"1024\" src=\"https:\/\/www.berghoch.de\/wp-content\/uploads\/2023\/04\/Lager_1-1024x1024.png\" class=\"attachment-large size-large wp-image-41147\" alt=\"\" srcset=\"https:\/\/www.berghoch.de\/wp-content\/uploads\/2023\/04\/Lager_1-1024x1024.png 1024w, https:\/\/www.berghoch.de\/wp-content\/uploads\/2023\/04\/Lager_1-300x300.png 300w, https:\/\/www.berghoch.de\/wp-content\/uploads\/2023\/04\/Lager_1-150x150.png 150w, https:\/\/www.berghoch.de\/wp-content\/uploads\/2023\/04\/Lager_1-768x768.png 768w, https:\/\/www.berghoch.de\/wp-content\/uploads\/2023\/04\/Lager_1-12x12.png 12w, https:\/\/www.berghoch.de\/wp-content\/uploads\/2023\/04\/Lager_1-600x600.png 600w, https:\/\/www.berghoch.de\/wp-content\/uploads\/2023\/04\/Lager_1-100x100.png 100w, https:\/\/www.berghoch.de\/wp-content\/uploads\/2023\/04\/Lager_1.png 1200w\" sizes=\"(max-width: 1024px) 100vw, 1024px\" \/>\t\t\t\t\t\t\t\t\t\t\t\t\t\t\t<\/div>\n\t\t\t\t<\/div>\n\t\t\t\t\t<\/div>\n\t\t<\/div>\n\t\t\t\t<div class=\"elementor-column elementor-col-50 elementor-top-column elementor-element elementor-element-7c49c4f\" data-id=\"7c49c4f\" data-element_type=\"column\" data-e-type=\"column\">\n\t\t\t<div class=\"elementor-widget-wrap elementor-element-populated\">\n\t\t\t\t\t\t<div class=\"elementor-element elementor-element-62a2365 elementor-widget elementor-widget-image\" data-id=\"62a2365\" data-element_type=\"widget\" data-e-type=\"widget\" data-widget_type=\"image.default\">\n\t\t\t\t<div class=\"elementor-widget-container\">\n\t\t\t\t\t\t\t\t\t\t\t\t\t\t\t<img decoding=\"async\" width=\"1024\" height=\"1024\" src=\"https:\/\/www.berghoch.de\/wp-content\/uploads\/2023\/04\/Lager_2-1024x1024.png\" class=\"attachment-large size-large wp-image-41148\" alt=\"\" srcset=\"https:\/\/www.berghoch.de\/wp-content\/uploads\/2023\/04\/Lager_2-1024x1024.png 1024w, https:\/\/www.berghoch.de\/wp-content\/uploads\/2023\/04\/Lager_2-300x300.png 300w, https:\/\/www.berghoch.de\/wp-content\/uploads\/2023\/04\/Lager_2-150x150.png 150w, https:\/\/www.berghoch.de\/wp-content\/uploads\/2023\/04\/Lager_2-768x768.png 768w, https:\/\/www.berghoch.de\/wp-content\/uploads\/2023\/04\/Lager_2-12x12.png 12w, https:\/\/www.berghoch.de\/wp-content\/uploads\/2023\/04\/Lager_2-600x600.png 600w, https:\/\/www.berghoch.de\/wp-content\/uploads\/2023\/04\/Lager_2-100x100.png 100w, https:\/\/www.berghoch.de\/wp-content\/uploads\/2023\/04\/Lager_2.png 1200w\" sizes=\"(max-width: 1024px) 100vw, 1024px\" \/>\t\t\t\t\t\t\t\t\t\t\t\t\t\t\t<\/div>\n\t\t\t\t<\/div>\n\t\t\t\t\t<\/div>\n\t\t<\/div>\n\t\t\t\t\t<\/div>\n\t\t<\/section>\n\t\t\t\t<section class=\"elementor-section elementor-top-section elementor-element elementor-element-f05f52d elementor-section-boxed elementor-section-height-default elementor-section-height-default\" data-id=\"f05f52d\" data-element_type=\"section\" data-e-type=\"section\">\n\t\t\t\t\t\t<div class=\"elementor-container elementor-column-gap-default\">\n\t\t\t\t\t<div class=\"elementor-column elementor-col-100 elementor-top-column elementor-element elementor-element-59606b9\" data-id=\"59606b9\" data-element_type=\"column\" data-e-type=\"column\">\n\t\t\t<div class=\"elementor-widget-wrap elementor-element-populated\">\n\t\t\t\t\t\t<div class=\"elementor-element elementor-element-848cd43 elementor-widget__width-initial elementor-widget elementor-widget-text-editor\" data-id=\"848cd43\" data-element_type=\"widget\" data-e-type=\"widget\" data-widget_type=\"text-editor.default\">\n\t\t\t\t<div class=\"elementor-widget-container\">\n\t\t\t\t\t\t\t\t\t<p><strong>Here are some other benefits of our security systems for warehouse and picking areas:<\/strong><\/p><ul><li>Real-time monitoring of goods and stocks<\/li><li>Reduction of inventory differences<\/li><li>Improving the efficiency of storage and picking processes<\/li><li>Rapid identification and resolution of problems and bottlenecks<\/li><li>Remote monitoring via app from anywhere<\/li><li>Robust and resilient cameras and systems<\/li><li>Reliable protection against theft, loss and vandalism<\/li><\/ul>\t\t\t\t\t\t\t\t<\/div>\n\t\t\t\t<\/div>\n\t\t\t\t<div class=\"elementor-element elementor-element-ccc53ff elementor-widget elementor-widget-spacer\" data-id=\"ccc53ff\" data-element_type=\"widget\" data-e-type=\"widget\" data-widget_type=\"spacer.default\">\n\t\t\t\t<div class=\"elementor-widget-container\">\n\t\t\t\t\t\t\t<div class=\"elementor-spacer\">\n\t\t\t<div class=\"elementor-spacer-inner\"><\/div>\n\t\t<\/div>\n\t\t\t\t\t\t<\/div>\n\t\t\t\t<\/div>\n\t\t\t\t<div class=\"elementor-element elementor-element-2ae316d elementor-widget elementor-widget-heading\" data-id=\"2ae316d\" data-element_type=\"widget\" data-e-type=\"widget\" data-widget_type=\"heading.default\">\n\t\t\t\t<div class=\"elementor-widget-container\">\n\t\t\t\t\t<h2 class=\"elementor-heading-title elementor-size-default\">SOLUTION FOR YOUR SECURITY<\/h2>\t\t\t\t<\/div>\n\t\t\t\t<\/div>\n\t\t\t\t\t<\/div>\n\t\t<\/div>\n\t\t\t\t\t<\/div>\n\t\t<\/section>\n\t\t\t\t<section class=\"elementor-section elementor-top-section elementor-element elementor-element-dd136e7 elementor-section-boxed elementor-section-height-default elementor-section-height-default\" data-id=\"dd136e7\" data-element_type=\"section\" data-e-type=\"section\">\n\t\t\t\t\t\t<div class=\"elementor-container elementor-column-gap-default\">\n\t\t\t\t\t<div class=\"elementor-column elementor-col-33 elementor-top-column elementor-element elementor-element-98ee294\" data-id=\"98ee294\" data-element_type=\"column\" data-e-type=\"column\">\n\t\t\t<div class=\"elementor-widget-wrap elementor-element-populated\">\n\t\t\t\t\t\t<div class=\"elementor-element elementor-element-5ad01dc elementor-widget elementor-widget-image\" data-id=\"5ad01dc\" data-element_type=\"widget\" data-e-type=\"widget\" data-widget_type=\"image.default\">\n\t\t\t\t<div class=\"elementor-widget-container\">\n\t\t\t\t\t\t\t\t\t\t\t\t\t\t\t<img loading=\"lazy\" decoding=\"async\" width=\"1024\" height=\"1024\" src=\"https:\/\/www.berghoch.de\/wp-content\/uploads\/2023\/05\/kabelverbundene_Kameras-1024x1024.png\" class=\"attachment-large size-large wp-image-41428\" alt=\"\" srcset=\"https:\/\/www.berghoch.de\/wp-content\/uploads\/2023\/05\/kabelverbundene_Kameras-1024x1024.png 1024w, https:\/\/www.berghoch.de\/wp-content\/uploads\/2023\/05\/kabelverbundene_Kameras-300x300.png 300w, https:\/\/www.berghoch.de\/wp-content\/uploads\/2023\/05\/kabelverbundene_Kameras-150x150.png 150w, https:\/\/www.berghoch.de\/wp-content\/uploads\/2023\/05\/kabelverbundene_Kameras-768x768.png 768w, https:\/\/www.berghoch.de\/wp-content\/uploads\/2023\/05\/kabelverbundene_Kameras-12x12.png 12w, https:\/\/www.berghoch.de\/wp-content\/uploads\/2023\/05\/kabelverbundene_Kameras-600x600.png 600w, https:\/\/www.berghoch.de\/wp-content\/uploads\/2023\/05\/kabelverbundene_Kameras-100x100.png 100w, https:\/\/www.berghoch.de\/wp-content\/uploads\/2023\/05\/kabelverbundene_Kameras.png 1200w\" sizes=\"(max-width: 1024px) 100vw, 1024px\" \/>\t\t\t\t\t\t\t\t\t\t\t\t\t\t\t<\/div>\n\t\t\t\t<\/div>\n\t\t\t\t\t<\/div>\n\t\t<\/div>\n\t\t\t\t<div class=\"elementor-column elementor-col-66 elementor-top-column elementor-element elementor-element-59196cb\" data-id=\"59196cb\" data-element_type=\"column\" data-e-type=\"column\">\n\t\t\t<div class=\"elementor-widget-wrap elementor-element-populated\">\n\t\t\t\t\t\t<div class=\"elementor-element elementor-element-9607a59 elementor-widget__width-initial elementor-widget elementor-widget-text-editor\" data-id=\"9607a59\" data-element_type=\"widget\" data-e-type=\"widget\" data-widget_type=\"text-editor.default\">\n\t\t\t\t<div class=\"elementor-widget-container\">\n\t\t\t\t\t\t\t\t\t<h3 class=\"elementor-image-box-title\">IP Network Sets &amp; Wireless Sets<\/h3><p>The good standard. We at BERGHOCH are constantly working on improving our systems with new intelligent Funktions. The IP network systems have the largest Funktion range of all our sets and offer you the latest state of the art.<\/p><p>You can also go across the river! With our advanced wireless sets.<br \/>You can now easily use the existing power grid in your house to transfer data.<br \/>Simply plug adapters into sockets, cameras and secure your home.<\/p>\t\t\t\t\t\t\t\t<\/div>\n\t\t\t\t<\/div>\n\t\t\t\t\t<\/div>\n\t\t<\/div>\n\t\t\t\t\t<\/div>\n\t\t<\/section>\n\t\t\t\t<section class=\"elementor-section elementor-top-section elementor-element elementor-element-3dfe433 elementor-section-boxed elementor-section-height-default elementor-section-height-default\" data-id=\"3dfe433\" data-element_type=\"section\" data-e-type=\"section\">\n\t\t\t\t\t\t<div class=\"elementor-container elementor-column-gap-default\">\n\t\t\t\t\t<div class=\"elementor-column elementor-col-66 elementor-top-column elementor-element elementor-element-3cc466f\" data-id=\"3cc466f\" data-element_type=\"column\" data-e-type=\"column\">\n\t\t\t<div class=\"elementor-widget-wrap elementor-element-populated\">\n\t\t\t\t\t\t<div class=\"elementor-element elementor-element-76fbef5 elementor-widget__width-initial elementor-widget elementor-widget-text-editor\" data-id=\"76fbef5\" data-element_type=\"widget\" data-e-type=\"widget\" data-widget_type=\"text-editor.default\">\n\t\t\t\t<div class=\"elementor-widget-container\">\n\t\t\t\t\t\t\t\t\t<h3 class=\"elementor-image-box-title\">More range for larger terrain<\/h3><p class=\"elementor-image-box-description\"><b>with our new Funk-HD MESH sets<\/b><br \/><br \/>With this unique combination, cameras can be easily combined with the cube to let them communicate with a cube on the recording device sooner or later.<br \/><br \/>So you can cover even large houses or halls!<br \/><br \/><b>Scope of delivery 2x to 4x camera sets:<\/b><br \/>3x MESH cubes MW6 up to 500 square meters and expandable up to 9 cubes up to 1000 square meters.<br \/><br \/><b>Scope of delivery 6x to 8x camera sets:<\/b><br \/>3x MESH cubes MW12, high-performance CPU with 900 MHz and 256MB Ram, up to 500sqm area and expandable up to 12x cubes on the up to 1200sqm area. Built-in amplifier for maximum picture fluidity.<\/p>\t\t\t\t\t\t\t\t<\/div>\n\t\t\t\t<\/div>\n\t\t\t\t\t<\/div>\n\t\t<\/div>\n\t\t\t\t<div class=\"elementor-column elementor-col-33 elementor-top-column elementor-element elementor-element-0d165b7\" data-id=\"0d165b7\" data-element_type=\"column\" data-e-type=\"column\">\n\t\t\t<div class=\"elementor-widget-wrap elementor-element-populated\">\n\t\t\t\t\t\t<div class=\"elementor-element elementor-element-a9b5ca1 elementor-widget elementor-widget-image\" data-id=\"a9b5ca1\" data-element_type=\"widget\" data-e-type=\"widget\" data-widget_type=\"image.default\">\n\t\t\t\t<div class=\"elementor-widget-container\">\n\t\t\t\t\t\t\t\t\t\t\t\t\t\t\t<img loading=\"lazy\" decoding=\"async\" width=\"1024\" height=\"1024\" src=\"https:\/\/www.berghoch.de\/wp-content\/uploads\/2023\/05\/Wlan_Kameras-1-1024x1024.png\" class=\"attachment-large size-large wp-image-41458\" alt=\"\" srcset=\"https:\/\/www.berghoch.de\/wp-content\/uploads\/2023\/05\/Wlan_Kameras-1-1024x1024.png 1024w, https:\/\/www.berghoch.de\/wp-content\/uploads\/2023\/05\/Wlan_Kameras-1-300x300.png 300w, https:\/\/www.berghoch.de\/wp-content\/uploads\/2023\/05\/Wlan_Kameras-1-150x150.png 150w, https:\/\/www.berghoch.de\/wp-content\/uploads\/2023\/05\/Wlan_Kameras-1-768x768.png 768w, https:\/\/www.berghoch.de\/wp-content\/uploads\/2023\/05\/Wlan_Kameras-1-12x12.png 12w, https:\/\/www.berghoch.de\/wp-content\/uploads\/2023\/05\/Wlan_Kameras-1-600x600.png 600w, https:\/\/www.berghoch.de\/wp-content\/uploads\/2023\/05\/Wlan_Kameras-1-100x100.png 100w, https:\/\/www.berghoch.de\/wp-content\/uploads\/2023\/05\/Wlan_Kameras-1.png 1200w\" sizes=\"(max-width: 1024px) 100vw, 1024px\" \/>\t\t\t\t\t\t\t\t\t\t\t\t\t\t\t<\/div>\n\t\t\t\t<\/div>\n\t\t\t\t\t<\/div>\n\t\t<\/div>\n\t\t\t\t\t<\/div>\n\t\t<\/section>\n\t\t\t\t<section class=\"elementor-section elementor-top-section elementor-element elementor-element-dfe7119 elementor-section-boxed elementor-section-height-default elementor-section-height-default\" data-id=\"dfe7119\" data-element_type=\"section\" data-e-type=\"section\">\n\t\t\t\t\t\t<div class=\"elementor-container elementor-column-gap-default\">\n\t\t\t\t\t<div class=\"elementor-column elementor-col-33 elementor-top-column elementor-element elementor-element-6dc6cd9\" data-id=\"6dc6cd9\" data-element_type=\"column\" data-e-type=\"column\">\n\t\t\t<div class=\"elementor-widget-wrap elementor-element-populated\">\n\t\t\t\t\t\t<div class=\"elementor-element elementor-element-69d22bb elementor-widget elementor-widget-image\" data-id=\"69d22bb\" data-element_type=\"widget\" data-e-type=\"widget\" data-widget_type=\"image.default\">\n\t\t\t\t<div class=\"elementor-widget-container\">\n\t\t\t\t\t\t\t\t\t\t\t\t\t\t\t<img loading=\"lazy\" decoding=\"async\" width=\"1024\" height=\"1024\" src=\"https:\/\/www.berghoch.de\/wp-content\/uploads\/2023\/05\/Sirene-1-1024x1024.png\" class=\"attachment-large size-large wp-image-41631\" alt=\"\" srcset=\"https:\/\/www.berghoch.de\/wp-content\/uploads\/2023\/05\/Sirene-1-1024x1024.png 1024w, https:\/\/www.berghoch.de\/wp-content\/uploads\/2023\/05\/Sirene-1-300x300.png 300w, https:\/\/www.berghoch.de\/wp-content\/uploads\/2023\/05\/Sirene-1-150x150.png 150w, https:\/\/www.berghoch.de\/wp-content\/uploads\/2023\/05\/Sirene-1-768x768.png 768w, https:\/\/www.berghoch.de\/wp-content\/uploads\/2023\/05\/Sirene-1-12x12.png 12w, https:\/\/www.berghoch.de\/wp-content\/uploads\/2023\/05\/Sirene-1-600x600.png 600w, https:\/\/www.berghoch.de\/wp-content\/uploads\/2023\/05\/Sirene-1-100x100.png 100w, https:\/\/www.berghoch.de\/wp-content\/uploads\/2023\/05\/Sirene-1.png 1200w\" sizes=\"(max-width: 1024px) 100vw, 1024px\" \/>\t\t\t\t\t\t\t\t\t\t\t\t\t\t\t<\/div>\n\t\t\t\t<\/div>\n\t\t\t\t\t<\/div>\n\t\t<\/div>\n\t\t\t\t<div class=\"elementor-column elementor-col-66 elementor-top-column elementor-element elementor-element-01f8c60\" data-id=\"01f8c60\" data-element_type=\"column\" data-e-type=\"column\">\n\t\t\t<div class=\"elementor-widget-wrap elementor-element-populated\">\n\t\t\t\t\t\t<div class=\"elementor-element elementor-element-bbaf27a elementor-widget__width-initial elementor-widget elementor-widget-text-editor\" data-id=\"bbaf27a\" data-element_type=\"widget\" data-e-type=\"widget\" data-widget_type=\"text-editor.default\">\n\t\t\t\t<div class=\"elementor-widget-container\">\n\t\t\t\t\t\t\t\t\t<h3 class=\"elementor-image-box-title\">Awarded as TOP BRAND<\/h3><p class=\"elementor-image-box-description\"><b>von Test Bild in der Kategorie &#8220;Alarmanlagen&#8221;<\/b><\/p><p>Our 868 MHz Funk alarm systems were awarded by Test Bild and included in the 2020 edition of the Test Bild catalogue.<\/p><p>At BERGHOCH we stand for quality at a fair price and try to offer you the best products!<\/p>\t\t\t\t\t\t\t\t<\/div>\n\t\t\t\t<\/div>\n\t\t\t\t\t<\/div>\n\t\t<\/div>\n\t\t\t\t\t<\/div>\n\t\t<\/section>\n\t\t\t\t<section class=\"elementor-section elementor-top-section elementor-element elementor-element-2374f23 elementor-section-boxed elementor-section-height-default elementor-section-height-default\" data-id=\"2374f23\" data-element_type=\"section\" data-e-type=\"section\">\n\t\t\t\t\t\t<div class=\"elementor-container elementor-column-gap-default\">\n\t\t\t\t\t<div class=\"elementor-column elementor-col-66 elementor-top-column elementor-element elementor-element-84cfd95\" data-id=\"84cfd95\" data-element_type=\"column\" data-e-type=\"column\">\n\t\t\t<div class=\"elementor-widget-wrap elementor-element-populated\">\n\t\t\t\t\t\t<div class=\"elementor-element elementor-element-e8324a7 elementor-widget__width-initial elementor-widget elementor-widget-text-editor\" data-id=\"e8324a7\" data-element_type=\"widget\" data-e-type=\"widget\" data-widget_type=\"text-editor.default\">\n\t\t\t\t<div class=\"elementor-widget-container\">\n\t\t\t\t\t\t\t\t\t<h3 class=\"elementor-image-box-title\">IP video intercom<\/h3><p class=\"elementor-image-box-description\"><b>All in one - outdoor station &amp; IP cameras<\/b><\/p><p>From one or two family houses, office complexes to multi-family houses. Up to 256 residents in one system. Easy to install via network cable, power supply via network cable by POE. Integration of up to 4x IP cameras from BERGHOCH. Never miss a visitor, forwarding to your own APP.<\/p><p>Connection of the monitor via POE network or WLAN.<\/p>\t\t\t\t\t\t\t\t<\/div>\n\t\t\t\t<\/div>\n\t\t\t\t\t<\/div>\n\t\t<\/div>\n\t\t\t\t<div class=\"elementor-column elementor-col-33 elementor-top-column elementor-element elementor-element-eab9369\" data-id=\"eab9369\" data-element_type=\"column\" data-e-type=\"column\">\n\t\t\t<div class=\"elementor-widget-wrap elementor-element-populated\">\n\t\t\t\t\t\t<div class=\"elementor-element elementor-element-c8f8214 elementor-widget elementor-widget-image\" data-id=\"c8f8214\" data-element_type=\"widget\" data-e-type=\"widget\" data-widget_type=\"image.default\">\n\t\t\t\t<div class=\"elementor-widget-container\">\n\t\t\t\t\t\t\t\t\t\t\t\t\t\t\t<img loading=\"lazy\" decoding=\"async\" width=\"1024\" height=\"1024\" src=\"https:\/\/www.berghoch.de\/wp-content\/uploads\/2023\/05\/Tuersprechanlagen-1024x1024.png\" class=\"attachment-large size-large wp-image-41430\" alt=\"\" srcset=\"https:\/\/www.berghoch.de\/wp-content\/uploads\/2023\/05\/Tuersprechanlagen-1024x1024.png 1024w, https:\/\/www.berghoch.de\/wp-content\/uploads\/2023\/05\/Tuersprechanlagen-300x300.png 300w, https:\/\/www.berghoch.de\/wp-content\/uploads\/2023\/05\/Tuersprechanlagen-150x150.png 150w, https:\/\/www.berghoch.de\/wp-content\/uploads\/2023\/05\/Tuersprechanlagen-768x768.png 768w, https:\/\/www.berghoch.de\/wp-content\/uploads\/2023\/05\/Tuersprechanlagen-12x12.png 12w, https:\/\/www.berghoch.de\/wp-content\/uploads\/2023\/05\/Tuersprechanlagen-600x600.png 600w, https:\/\/www.berghoch.de\/wp-content\/uploads\/2023\/05\/Tuersprechanlagen-100x100.png 100w, https:\/\/www.berghoch.de\/wp-content\/uploads\/2023\/05\/Tuersprechanlagen.png 1200w\" sizes=\"(max-width: 1024px) 100vw, 1024px\" \/>\t\t\t\t\t\t\t\t\t\t\t\t\t\t\t<\/div>\n\t\t\t\t<\/div>\n\t\t\t\t\t<\/div>\n\t\t<\/div>\n\t\t\t\t\t<\/div>\n\t\t<\/section>\n\t\t\t\t<\/div>\n\t\t<script language='javascript' type='text\/javascript'>function getWR360PopupSkin(){return 'light_clean';}<\/script>","protected":false},"excerpt":{"rendered":"<p>Wir bieten eine umfangreiche Auswahl an Sicherheitsl\u00f6sungen f\u00fcr Unternehmen, darunter auch f\u00fcr Lager und Kommissionierungsbereiche. Unsere Kameras und Systeme bieten zahlreiche Vorteile, die Ihnen dabei helfen, Ihr Unternehmen sicherer und<\/p>","protected":false},"author":7002,"featured_media":0,"parent":0,"menu_order":0,"comment_status":"closed","ping_status":"closed","template":"","meta":{"_glsr_average":0,"_glsr_ranking":0,"_glsr_reviews":0,"footnotes":""},"class_list":["post-41145","page","type-page","status-publish","hentry"],"_links":{"self":[{"href":"https:\/\/www.berghoch.de\/en\/wp-json\/wp\/v2\/pages\/41145","targetHints":{"allow":["GET"]}}],"collection":[{"href":"https:\/\/www.berghoch.de\/en\/wp-json\/wp\/v2\/pages"}],"about":[{"href":"https:\/\/www.berghoch.de\/en\/wp-json\/wp\/v2\/types\/page"}],"author":[{"embeddable":true,"href":"https:\/\/www.berghoch.de\/en\/wp-json\/wp\/v2\/users\/7002"}],"replies":[{"embeddable":true,"href":"https:\/\/www.berghoch.de\/en\/wp-json\/wp\/v2\/comments?post=41145"}],"version-history":[{"count":0,"href":"https:\/\/www.berghoch.de\/en\/wp-json\/wp\/v2\/pages\/41145\/revisions"}],"wp:attachment":[{"href":"https:\/\/www.berghoch.de\/en\/wp-json\/wp\/v2\/media?parent=41145"}],"curies":[{"name":"wp","href":"https:\/\/api.w.org\/{rel}","templated":true}]}}