{"id":42782,"date":"2023-06-20T10:22:34","date_gmt":"2023-06-20T08:22:34","guid":{"rendered":"https:\/\/www.berghoch.de\/?page_id=42782"},"modified":"2025-02-07T11:15:57","modified_gmt":"2025-02-07T10:15:57","slug":"berghoch-system","status":"publish","type":"page","link":"https:\/\/www.berghoch.de\/en\/berghoch-system\/","title":{"rendered":"BERGHOCH system"},"content":{"rendered":"<div data-elementor-type=\"wp-post\" data-elementor-id=\"42782\" class=\"elementor elementor-42782\" data-elementor-post-type=\"page\">\n\t\t\t\t\t\t<section class=\"elementor-section elementor-top-section elementor-element elementor-element-920be8e elementor-section-stretched elementor-section-boxed elementor-section-height-default elementor-section-height-default\" data-id=\"920be8e\" data-element_type=\"section\" data-e-type=\"section\" data-settings=\"{&quot;background_background&quot;:&quot;classic&quot;,&quot;stretch_section&quot;:&quot;section-stretched&quot;}\">\n\t\t\t\t\t\t<div class=\"elementor-container elementor-column-gap-default\">\n\t\t\t\t\t<div class=\"elementor-column elementor-col-100 elementor-top-column elementor-element elementor-element-d49a17e\" data-id=\"d49a17e\" data-element_type=\"column\" data-e-type=\"column\">\n\t\t\t<div class=\"elementor-widget-wrap elementor-element-populated\">\n\t\t\t\t\t\t<div class=\"elementor-element elementor-element-e608dc3 elementor-position-top elementor-widget elementor-widget-image-box\" data-id=\"e608dc3\" data-element_type=\"widget\" data-e-type=\"widget\" data-widget_type=\"image-box.default\">\n\t\t\t\t<div class=\"elementor-widget-container\">\n\t\t\t\t\t<div class=\"elementor-image-box-wrapper\"><figure class=\"elementor-image-box-img\"><img decoding=\"async\" src=\"https:\/\/www.berghoch.de\/wp-content\/uploads\/2023\/06\/logo_system_kameras_2.png\" title=\"logo_system_cameras_2\" alt=\"\" loading=\"lazy\" \/><\/figure><div class=\"elementor-image-box-content\"><h4 class=\"elementor-image-box-title\">BERGHOCH system <\/h4><p class=\"elementor-image-box-description\">&quot;With BERGHOCH you buy a complete video surveillance system that can be combined with various cameras. Network IP cameras and WiFi cameras can be integrated into one system without major setup. The heart of the system, the NVR recording device, manages network and WiFi cameras. You can easily register WiFi cameras via your existing home WiFi router and the recording and the live image are displayed on the NVR and on the app. WiFi solar cameras are not compatible with the NVR recording device, but can be managed via the same app &#039;24HD&#039;.&quot;<\/p><\/div><\/div>\t\t\t\t<\/div>\n\t\t\t\t<\/div>\n\t\t\t\t\t<\/div>\n\t\t<\/div>\n\t\t\t\t\t<\/div>\n\t\t<\/section>\n\t\t\t\t<section class=\"elementor-section elementor-top-section elementor-element elementor-element-89c5806 elementor-section-full_width elementor-section-stretched elementor-section-height-default elementor-section-height-default\" data-id=\"89c5806\" data-element_type=\"section\" data-e-type=\"section\" data-settings=\"{&quot;stretch_section&quot;:&quot;section-stretched&quot;,&quot;background_background&quot;:&quot;classic&quot;}\">\n\t\t\t\t\t\t\t<div class=\"elementor-background-overlay\"><\/div>\n\t\t\t\t\t\t\t<div class=\"elementor-container elementor-column-gap-default\">\n\t\t\t\t\t<div class=\"elementor-column elementor-col-33 elementor-top-column elementor-element elementor-element-5b0fc07\" data-id=\"5b0fc07\" data-element_type=\"column\" data-e-type=\"column\">\n\t\t\t<div class=\"elementor-widget-wrap elementor-element-populated\">\n\t\t\t\t\t\t<div class=\"elementor-element elementor-element-6ecbba0 elementor-widget elementor-widget-image\" data-id=\"6ecbba0\" data-element_type=\"widget\" data-e-type=\"widget\" data-widget_type=\"image.default\">\n\t\t\t\t<div class=\"elementor-widget-container\">\n\t\t\t\t\t\t\t\t\t\t\t\t\t\t\t<img fetchpriority=\"high\" decoding=\"async\" width=\"233\" height=\"311\" src=\"https:\/\/www.berghoch.de\/wp-content\/uploads\/2023\/06\/Fusion_Unterseite_Links_Oben_Verlauf.png\" class=\"attachment-large size-large wp-image-43010\" alt=\"\" srcset=\"https:\/\/www.berghoch.de\/wp-content\/uploads\/2023\/06\/Fusion_Unterseite_Links_Oben_Verlauf.png 233w, https:\/\/www.berghoch.de\/wp-content\/uploads\/2023\/06\/Fusion_Unterseite_Links_Oben_Verlauf-225x300.png 225w, https:\/\/www.berghoch.de\/wp-content\/uploads\/2023\/06\/Fusion_Unterseite_Links_Oben_Verlauf-9x12.png 9w\" sizes=\"(max-width: 233px) 100vw, 233px\" \/>\t\t\t\t\t\t\t\t\t\t\t\t\t\t\t<\/div>\n\t\t\t\t<\/div>\n\t\t\t\t<div class=\"elementor-element elementor-element-bce2bb6 elementor-widget elementor-widget-image\" data-id=\"bce2bb6\" data-element_type=\"widget\" data-e-type=\"widget\" data-widget_type=\"image.default\">\n\t\t\t\t<div class=\"elementor-widget-container\">\n\t\t\t\t\t\t\t\t\t\t\t\t\t\t\t<img decoding=\"async\" width=\"233\" height=\"311\" src=\"https:\/\/www.berghoch.de\/wp-content\/uploads\/2023\/06\/Fusion_Unterseite_Links_Unten_Verlauf.png\" class=\"attachment-large size-large wp-image-43011\" alt=\"\" srcset=\"https:\/\/www.berghoch.de\/wp-content\/uploads\/2023\/06\/Fusion_Unterseite_Links_Unten_Verlauf.png 233w, https:\/\/www.berghoch.de\/wp-content\/uploads\/2023\/06\/Fusion_Unterseite_Links_Unten_Verlauf-225x300.png 225w, https:\/\/www.berghoch.de\/wp-content\/uploads\/2023\/06\/Fusion_Unterseite_Links_Unten_Verlauf-9x12.png 9w\" sizes=\"(max-width: 233px) 100vw, 233px\" \/>\t\t\t\t\t\t\t\t\t\t\t\t\t\t\t<\/div>\n\t\t\t\t<\/div>\n\t\t\t\t\t<\/div>\n\t\t<\/div>\n\t\t\t\t<div class=\"elementor-column elementor-col-33 elementor-top-column elementor-element elementor-element-e3dd754\" data-id=\"e3dd754\" data-element_type=\"column\" data-e-type=\"column\">\n\t\t\t<div class=\"elementor-widget-wrap elementor-element-populated\">\n\t\t\t\t\t\t<div class=\"elementor-element elementor-element-f13063c elementor-widget elementor-widget-spacer\" data-id=\"f13063c\" data-element_type=\"widget\" data-e-type=\"widget\" data-widget_type=\"spacer.default\">\n\t\t\t\t<div class=\"elementor-widget-container\">\n\t\t\t\t\t\t\t<div class=\"elementor-spacer\">\n\t\t\t<div class=\"elementor-spacer-inner\"><\/div>\n\t\t<\/div>\n\t\t\t\t\t\t<\/div>\n\t\t\t\t<\/div>\n\t\t\t\t<div class=\"elementor-element elementor-element-bc5603e elementor-widget elementor-widget-spacer\" data-id=\"bc5603e\" data-element_type=\"widget\" data-e-type=\"widget\" data-widget_type=\"spacer.default\">\n\t\t\t\t<div class=\"elementor-widget-container\">\n\t\t\t\t\t\t\t<div class=\"elementor-spacer\">\n\t\t\t<div class=\"elementor-spacer-inner\"><\/div>\n\t\t<\/div>\n\t\t\t\t\t\t<\/div>\n\t\t\t\t<\/div>\n\t\t\t\t<div class=\"elementor-element elementor-element-d37067a elementor-widget elementor-widget-text-editor\" data-id=\"d37067a\" data-element_type=\"widget\" data-e-type=\"widget\" data-widget_type=\"text-editor.default\">\n\t\t\t\t<div class=\"elementor-widget-container\">\n\t\t\t\t\t\t\t\t\t<p>The heart of the system is the NVR recording device. Your data belongs to you - there is no recording in our cloud or intermediate storage on our servers. You can view the recordings in real time, view, save\/edit recordings and view alarm images either directly on the device, via the software or the smartphone app. The NVR recorder is available in two versions: with 16 and 32 camera slots and a resolution of up to 4K. You can connect up to two monitors via HDMI or VGA.<\/p>\t\t\t\t\t\t\t\t<\/div>\n\t\t\t\t<\/div>\n\t\t\t\t<div class=\"elementor-element elementor-element-dc91849 elementor-widget elementor-widget-image\" data-id=\"dc91849\" data-element_type=\"widget\" data-e-type=\"widget\" data-widget_type=\"image.default\">\n\t\t\t\t<div class=\"elementor-widget-container\">\n\t\t\t\t\t\t\t\t\t\t\t\t\t\t\t<img decoding=\"async\" width=\"1024\" height=\"282\" src=\"https:\/\/www.berghoch.de\/wp-content\/uploads\/2023\/06\/nvr_B16_Aufnahmegeraet-1024x282.png\" class=\"attachment-large size-large wp-image-43035\" alt=\"\" srcset=\"https:\/\/www.berghoch.de\/wp-content\/uploads\/2023\/06\/nvr_B16_Aufnahmegeraet-1024x282.png 1024w, https:\/\/www.berghoch.de\/wp-content\/uploads\/2023\/06\/nvr_B16_Aufnahmegeraet-300x83.png 300w, https:\/\/www.berghoch.de\/wp-content\/uploads\/2023\/06\/nvr_B16_Aufnahmegeraet-768x211.png 768w, https:\/\/www.berghoch.de\/wp-content\/uploads\/2023\/06\/nvr_B16_Aufnahmegeraet-18x5.png 18w, https:\/\/www.berghoch.de\/wp-content\/uploads\/2023\/06\/nvr_B16_Aufnahmegeraet-600x165.png 600w, https:\/\/www.berghoch.de\/wp-content\/uploads\/2023\/06\/nvr_B16_Aufnahmegeraet.png 1200w\" sizes=\"(max-width: 1024px) 100vw, 1024px\" \/>\t\t\t\t\t\t\t\t\t\t\t\t\t\t\t<\/div>\n\t\t\t\t<\/div>\n\t\t\t\t<div class=\"elementor-element elementor-element-8fc6b15 elementor-widget elementor-widget-text-editor\" data-id=\"8fc6b15\" data-element_type=\"widget\" data-e-type=\"widget\" data-widget_type=\"text-editor.default\">\n\t\t\t\t<div class=\"elementor-widget-container\">\n\t\t\t\t\t\t\t\t\t<p>In einem Netzwerk k\u00f6nnen mehrere NVR-Aufnahmeger\u00e4te an verschiedenen Standorten eingerichtet werden. Zum Beispiel kann ein zweites Aufnahmeger\u00e4t f\u00fcr die Datensicherung an einem unauff\u00e4lligen Ort platziert werden oder f\u00fcr die Anzeige von Livebildern an einem Bildschirm im Eingangsbereich eines Supermarktes oder Fitnessstudios. Dadurch ist es m\u00f6glich, die \u00dcberwachungsbilder auf mehreren Bildschirmen anzeigen zu lassen.<\/p>\t\t\t\t\t\t\t\t<\/div>\n\t\t\t\t<\/div>\n\t\t\t\t<div class=\"elementor-element elementor-element-8445768 elementor-widget elementor-widget-spacer\" data-id=\"8445768\" data-element_type=\"widget\" data-e-type=\"widget\" data-widget_type=\"spacer.default\">\n\t\t\t\t<div class=\"elementor-widget-container\">\n\t\t\t\t\t\t\t<div class=\"elementor-spacer\">\n\t\t\t<div class=\"elementor-spacer-inner\"><\/div>\n\t\t<\/div>\n\t\t\t\t\t\t<\/div>\n\t\t\t\t<\/div>\n\t\t\t\t\t<\/div>\n\t\t<\/div>\n\t\t\t\t<div class=\"elementor-column elementor-col-33 elementor-top-column elementor-element elementor-element-4ca72a4\" data-id=\"4ca72a4\" data-element_type=\"column\" data-e-type=\"column\">\n\t\t\t<div class=\"elementor-widget-wrap elementor-element-populated\">\n\t\t\t\t\t\t<div class=\"elementor-element elementor-element-833f9e3 elementor-widget elementor-widget-image\" data-id=\"833f9e3\" data-element_type=\"widget\" data-e-type=\"widget\" data-widget_type=\"image.default\">\n\t\t\t\t<div class=\"elementor-widget-container\">\n\t\t\t\t\t\t\t\t\t\t\t\t\t\t\t<img loading=\"lazy\" decoding=\"async\" width=\"233\" height=\"311\" src=\"https:\/\/www.berghoch.de\/wp-content\/uploads\/2023\/06\/Fusion_Unterseite_Rechts_Oben_Verlauf.png\" class=\"attachment-large size-large wp-image-43012\" alt=\"\" srcset=\"https:\/\/www.berghoch.de\/wp-content\/uploads\/2023\/06\/Fusion_Unterseite_Rechts_Oben_Verlauf.png 233w, https:\/\/www.berghoch.de\/wp-content\/uploads\/2023\/06\/Fusion_Unterseite_Rechts_Oben_Verlauf-225x300.png 225w, https:\/\/www.berghoch.de\/wp-content\/uploads\/2023\/06\/Fusion_Unterseite_Rechts_Oben_Verlauf-9x12.png 9w\" sizes=\"(max-width: 233px) 100vw, 233px\" \/>\t\t\t\t\t\t\t\t\t\t\t\t\t\t\t<\/div>\n\t\t\t\t<\/div>\n\t\t\t\t<div class=\"elementor-element elementor-element-de03d34 elementor-widget elementor-widget-image\" data-id=\"de03d34\" data-element_type=\"widget\" data-e-type=\"widget\" data-widget_type=\"image.default\">\n\t\t\t\t<div class=\"elementor-widget-container\">\n\t\t\t\t\t\t\t\t\t\t\t\t\t\t\t<img loading=\"lazy\" decoding=\"async\" width=\"233\" height=\"311\" src=\"https:\/\/www.berghoch.de\/wp-content\/uploads\/2023\/06\/Fusion_Unterseite_Rechts_Unten_Verlauf.png\" class=\"attachment-large size-large wp-image-43013\" alt=\"\" srcset=\"https:\/\/www.berghoch.de\/wp-content\/uploads\/2023\/06\/Fusion_Unterseite_Rechts_Unten_Verlauf.png 233w, https:\/\/www.berghoch.de\/wp-content\/uploads\/2023\/06\/Fusion_Unterseite_Rechts_Unten_Verlauf-225x300.png 225w, https:\/\/www.berghoch.de\/wp-content\/uploads\/2023\/06\/Fusion_Unterseite_Rechts_Unten_Verlauf-9x12.png 9w\" sizes=\"(max-width: 233px) 100vw, 233px\" \/>\t\t\t\t\t\t\t\t\t\t\t\t\t\t\t<\/div>\n\t\t\t\t<\/div>\n\t\t\t\t\t<\/div>\n\t\t<\/div>\n\t\t\t\t\t<\/div>\n\t\t<\/section>\n\t\t\t\t<\/div>\n\t\t<script language='javascript' type='text\/javascript'>function getWR360PopupSkin(){return 'light_clean';}<\/script>","protected":false},"excerpt":{"rendered":"<p>BERGHOCH System &#8220;Mit BERGHOCH kaufen Sie ein komplettes Video\u00fcberwachungssystem, das sich mit verschiedenen Kameras kombinieren l\u00e4sst. Netzwerk-IP-Kameras und WLAN-Kameras lassen sich ohne gr\u00f6\u00dfere Einrichtung in ein System integrieren. Das Herzst\u00fcck<\/p>","protected":false},"author":7006,"featured_media":0,"parent":0,"menu_order":0,"comment_status":"closed","ping_status":"closed","template":"","meta":{"_glsr_average":0,"_glsr_ranking":0,"_glsr_reviews":0,"footnotes":""},"class_list":["post-42782","page","type-page","status-publish","hentry"],"_links":{"self":[{"href":"https:\/\/www.berghoch.de\/en\/wp-json\/wp\/v2\/pages\/42782","targetHints":{"allow":["GET"]}}],"collection":[{"href":"https:\/\/www.berghoch.de\/en\/wp-json\/wp\/v2\/pages"}],"about":[{"href":"https:\/\/www.berghoch.de\/en\/wp-json\/wp\/v2\/types\/page"}],"author":[{"embeddable":true,"href":"https:\/\/www.berghoch.de\/en\/wp-json\/wp\/v2\/users\/7006"}],"replies":[{"embeddable":true,"href":"https:\/\/www.berghoch.de\/en\/wp-json\/wp\/v2\/comments?post=42782"}],"version-history":[{"count":0,"href":"https:\/\/www.berghoch.de\/en\/wp-json\/wp\/v2\/pages\/42782\/revisions"}],"wp:attachment":[{"href":"https:\/\/www.berghoch.de\/en\/wp-json\/wp\/v2\/media?parent=42782"}],"curies":[{"name":"wp","href":"https:\/\/api.w.org\/{rel}","templated":true}]}}