{"id":53858,"date":"2024-11-13T21:08:10","date_gmt":"2024-11-13T20:08:10","guid":{"rendered":"https:\/\/www.berghoch.de\/?page_id=53858"},"modified":"2025-02-10T13:57:46","modified_gmt":"2025-02-10T12:57:46","slug":"berghoch-app-datenschutzerklaerung","status":"publish","type":"page","link":"https:\/\/www.berghoch.de\/en\/berghoch-app-datenschutzerklaerung\/","title":{"rendered":"BERGHOCH APP Datenschutzerkl\u00e4rung"},"content":{"rendered":"<div data-elementor-type=\"wp-page\" data-elementor-id=\"53858\" class=\"elementor elementor-53858\" data-elementor-post-type=\"page\">\n\t\t\t\t<div class=\"elementor-element elementor-element-15d7705 e-flex e-con-boxed e-con e-parent\" data-id=\"15d7705\" data-element_type=\"container\" data-e-type=\"container\">\n\t\t\t\t\t<div class=\"e-con-inner\">\n\t\t\t\t<div class=\"elementor-element elementor-element-cbf3459 elementor-widget elementor-widget-text-editor\" data-id=\"cbf3459\" data-element_type=\"widget\" data-e-type=\"widget\" data-widget_type=\"text-editor.default\">\n\t\t\t\t<div class=\"elementor-widget-container\">\n\t\t\t\t\t\t\t\t\t<p>Datenschutzerkl\u00e4rung f\u00fcr die BERGHOCH App<\/p><p>Hartford Electronics GmbH (im Folgenden \u201ewir\u201c oder \u201euns\u201c) nimmt den Schutz Ihrer personenbezogenen Daten sehr ernst. Mit der BERGHOCH-App bieten wir Ihnen die M\u00f6glichkeit, Ihr Video\u00fcberwachungssystem sicher und komfortabel zu verwalten. Im Folgenden informieren wir Sie \u00fcber Art, Umfang und Zweck der Erhebung und Verwendung personenbezogener Daten bei der Nutzung der App.<\/p><p>1. Verantwortliche Stelle<br \/>Verantwortlicher f\u00fcr die Verarbeitung personenbezogener Daten im Zusammenhang mit der Nutzung der BERGHOCH-App ist:<br \/>Hartford Electronics GmbH<br \/>Herr Mende <br \/>Rheinlanddamm 201a <br \/>44139 Dortmund <br \/>E-Mail: datenschutz@hartford-electronics.de<\/p><p>2. Erhebung und Speicherung personenbezogener Daten<br \/>F\u00fcr die Registrierung und Nutzung der BERGHOCH-App erheben wir lediglich Ihre E-Mail-Adresse. Diese wird ben\u00f6tigt, um ein Benutzerkonto zu erstellen und Ihnen Zugang zu den Funktionen der App zu gew\u00e4hren. Weitere personenbezogene Daten werden von uns nicht erhoben.<\/p><p>3. Nutzung und Zweck der Datenverarbeitung<br \/>Die BERGHOCH-App erm\u00f6glicht es Ihnen, auf das Live-Bild und Ton Ihrer BERGHOCH-\u00dcberwachungskameras sowie auf die Aufzeichnungen des Aufnahmeger\u00e4tes zuzugreifen. Die Nutzung der App erfordert eine Authentifizierung mit der registrierten E-Mail-Adresse. Die erfasste E-Mail-Adresse dient ausschlie\u00dflich folgenden Zwecken:<br \/>&#8211; Verifizierung des Benutzerkontos<br \/>&#8211; Erm\u00f6glichung des Zugriffs auf die Funktionen der App<br \/>&#8211; Kommunikation bei Support-Anfragen oder \u00c4nderungen an den Nutzungsbedingungen<\/p><p>4. Speicherung und Schutz der Daten<br \/>Die Server f\u00fcr die BERGHOCH-App befinden sich ausschlie\u00dflich in Deutschland und unterliegen den Bestimmungen der Europ\u00e4ischen Datenschutz-Grundverordnung (DSGVO). Wir speichern keine Video- oder Audiodaten auf unseren Servern. S\u00e4mtliche Videostreams und -aufzeichnungen werden ausschlie\u00dflich lokal auf den verbundenen Ger\u00e4ten verarbeitet und \u00fcbertragen. Die Daten\u00fcbertragung erfolgt dabei stets verschl\u00fcsselt.<\/p><p>5. Weitergabe der Daten an Dritte<br \/>Wir geben Ihre personenbezogenen Daten nicht an Dritte weiter, es sei denn, Sie haben ausdr\u00fccklich eingewilligt, oder wir sind gesetzlich zur Weitergabe verpflichtet.<\/p><p>6. Sicherheit der Daten<br \/>Die Sicherheit Ihrer Daten ist uns ein besonderes Anliegen. Wir setzen technische und organisatorische Ma\u00dfnahmen ein, um die App und Ihre Daten vor unbefugtem Zugriff, Verlust und Manipulation zu sch\u00fctzen. Dazu geh\u00f6rt eine verschl\u00fcsselte Daten\u00fcbertragung und die regelm\u00e4\u00dfige \u00dcberpr\u00fcfung der Sicherheitsma\u00dfnahmen.<\/p><p>7. Rechte der betroffenen Personen<br \/>Sie haben das Recht, jederzeit Auskunft \u00fcber Ihre bei uns gespeicherten personenbezogenen Daten zu erhalten. Dar\u00fcber hinaus haben Sie das Recht auf Berichtigung, L\u00f6schung und Einschr\u00e4nkung der Verarbeitung Ihrer Daten sowie auf Daten\u00fcbertragbarkeit. F\u00fcr die Wahrnehmung dieser Rechte sowie bei Fragen zur Verarbeitung Ihrer personenbezogenen Daten k\u00f6nnen Sie sich jederzeit an unseren Datenschutzbeauftragten wenden (Kontaktdaten siehe Punkt 1).<\/p><p>8. \u00c4nderungen der Datenschutzerkl\u00e4rung<br \/>Diese Datenschutzerkl\u00e4rung kann aufgrund von Weiterentwicklungen der BERGHOCH-App oder \u00c4nderungen gesetzlicher Bestimmungen angepasst werden. Die jeweils aktuelle Version ist in der App und auf unserer Website einsehbar.<\/p><p>Stand: 13.11.2024<\/p>\t\t\t\t\t\t\t\t<\/div>\n\t\t\t\t<\/div>\n\t\t\t\t\t<\/div>\n\t\t\t\t<\/div>\n\t\t\t\t<\/div>\n\t\t<script language='javascript' type='text\/javascript'>function getWR360PopupSkin(){return 'light_clean';}<\/script>","protected":false},"excerpt":{"rendered":"<p>Datenschutzerkl\u00e4rung f\u00fcr die BERGHOCH App Hartford Electronics GmbH (im Folgenden \u201ewir\u201c oder \u201euns\u201c) nimmt den Schutz Ihrer personenbezogenen Daten sehr ernst. Mit der BERGHOCH-App bieten wir Ihnen die M\u00f6glichkeit, Ihr<\/p>","protected":false},"author":7006,"featured_media":0,"parent":0,"menu_order":0,"comment_status":"closed","ping_status":"closed","template":"","meta":{"_glsr_average":0,"_glsr_ranking":0,"_glsr_reviews":0,"footnotes":""},"class_list":["post-53858","page","type-page","status-publish","hentry"],"_links":{"self":[{"href":"https:\/\/www.berghoch.de\/en\/wp-json\/wp\/v2\/pages\/53858","targetHints":{"allow":["GET"]}}],"collection":[{"href":"https:\/\/www.berghoch.de\/en\/wp-json\/wp\/v2\/pages"}],"about":[{"href":"https:\/\/www.berghoch.de\/en\/wp-json\/wp\/v2\/types\/page"}],"author":[{"embeddable":true,"href":"https:\/\/www.berghoch.de\/en\/wp-json\/wp\/v2\/users\/7006"}],"replies":[{"embeddable":true,"href":"https:\/\/www.berghoch.de\/en\/wp-json\/wp\/v2\/comments?post=53858"}],"version-history":[{"count":0,"href":"https:\/\/www.berghoch.de\/en\/wp-json\/wp\/v2\/pages\/53858\/revisions"}],"wp:attachment":[{"href":"https:\/\/www.berghoch.de\/en\/wp-json\/wp\/v2\/media?parent=53858"}],"curies":[{"name":"wp","href":"https:\/\/api.w.org\/{rel}","templated":true}]}}