{"id":2854,"date":"2019-01-15T10:55:54","date_gmt":"2019-01-15T09:55:54","guid":{"rendered":"https:\/\/www.berghoch.de\/?post_type=product&#038;p=2854"},"modified":"2025-02-05T05:10:37","modified_gmt":"2025-02-05T04:10:37","slug":"berghoch-aussensirene-220v","status":"publish","type":"product","link":"https:\/\/www.berghoch.de\/en\/product\/berghoch-aussensirene-220v\/","title":{"rendered":"BERGHOCH | Outdoor Siren | 220V"},"content":{"rendered":"<p>The 868 MHz outdoor siren alerts you acoustically and optically in the event of an alarm as soon as the BERGHOCH Funk alarm system triggers an alarm.<\/p>\n<p>Sie k\u00f6nnen z.B. die Aussensirene, ist wettergesch\u00fctzt nach IP66, an der Hauswand installieren, per Schrauben. Die Stromversorgung erfolgt \u00fcber den angebrachten 220 Volt Netzstecker (ca. 1 m). Alternativ kann das 220V Installationskabel direkt in der Sirene angeschlossen werden.<\/p>\n<p>To use the outdoor siren, you need a BERGOCH Funk alarm system.<\/p>\n<script language='javascript' type='text\/javascript'>function getWR360PopupSkin(){return 'light_clean';}<\/script>","protected":false},"excerpt":{"rendered":"<h3>Scope of Delivery<\/h3>\n<p>(1x) Outdoor siren, weatherproof IP66<br \/>\n(1x) 220 volt power plug with built-in emergency battery<\/p>","protected":false},"featured_media":29519,"template":"","meta":{"_glsr_average":0,"_glsr_ranking":0,"_glsr_reviews":0},"product_brand":[],"product_cat":[89,119],"product_tag":[],"class_list":{"0":"post-2854","1":"product","2":"type-product","3":"status-publish","4":"has-post-thumbnail","6":"product_cat-868-mhz-alarmanlagen","7":"product_cat-sirenen","9":"first","10":"instock","11":"taxable","12":"shipping-taxable","13":"purchasable","14":"product-type-simple"},"bundled_by":["37319"],"bundle_stock_status":"instock","bundle_stock_quantity":null,"bundle_virtual":false,"bundle_layout":"","bundle_add_to_cart_form_location":"","bundle_editable_in_cart":false,"bundle_sold_individually_context":"","bundle_item_grouping":"","bundle_min_size":"","bundle_max_size":"","bundle_price":[],"bundled_items":[],"bundle_sell_ids":[],"supplier_id":null,"supplier_sku":"","barcode":null,"atum_controlled":false,"out_stock_date":null,"out_stock_threshold":null,"inheritable":false,"inbound_stock":null,"stock_on_hold":0,"sold_today":0,"sales_last_days":1,"reserved_stock":null,"customer_returns":null,"warehouse_damage":null,"lost_in_post":null,"other_logs":null,"out_stock_days":0,"lost_sales":0,"has_location":null,"update_date":"2026-04-22T00:15:09","atum_locations":[],"atum_stock_status":"instock","restock_status":false,"low_stock_amount":"","sales_update_date":"2026-04-22T00:15:09","calc_backorders":null,"_links":{"self":[{"href":"https:\/\/www.berghoch.de\/en\/wp-json\/wp\/v2\/product\/2854","targetHints":{"allow":["GET"]}}],"collection":[{"href":"https:\/\/www.berghoch.de\/en\/wp-json\/wp\/v2\/product"}],"about":[{"href":"https:\/\/www.berghoch.de\/en\/wp-json\/wp\/v2\/types\/product"}],"version-history":[{"count":0,"href":"https:\/\/www.berghoch.de\/en\/wp-json\/wp\/v2\/product\/2854\/revisions"}],"wp:featuredmedia":[{"embeddable":true,"href":"https:\/\/www.berghoch.de\/en\/wp-json\/wp\/v2\/media\/29519"}],"wp:attachment":[{"href":"https:\/\/www.berghoch.de\/en\/wp-json\/wp\/v2\/media?parent=2854"}],"wp:term":[{"taxonomy":"product_brand","embeddable":true,"href":"https:\/\/www.berghoch.de\/en\/wp-json\/wp\/v2\/product_brand?post=2854"},{"taxonomy":"product_cat","embeddable":true,"href":"https:\/\/www.berghoch.de\/en\/wp-json\/wp\/v2\/product_cat?post=2854"},{"taxonomy":"product_tag","embeddable":true,"href":"https:\/\/www.berghoch.de\/en\/wp-json\/wp\/v2\/product_tag?post=2854"}],"curies":[{"name":"wp","href":"https:\/\/api.w.org\/{rel}","templated":true}]}}