{"id":51543,"date":"2024-07-03T11:02:42","date_gmt":"2024-07-03T09:02:42","guid":{"rendered":"https:\/\/www.berghoch.de\/?post_type=product&#038;p=51543"},"modified":"2026-04-16T14:06:45","modified_gmt":"2026-04-16T12:06:45","slug":"berghoch-verlaengerungskabel-fuer-funk-hd-kameras-i-5m","status":"publish","type":"product","link":"https:\/\/www.berghoch.de\/en\/product\/berghoch-verlaengerungskabel-fuer-funk-hd-kameras-i-5m\/","title":{"rendered":"BERGHOCH | Verl\u00e4ngerungskabel f\u00fcr Funk HD Kameras | 5M"},"content":{"rendered":"<p>Passend f\u00fcr alle BERGHOCH MESH, Funk HD Systeme und WLAN Kameras.<br \/>\nExtension cable for the power supply unit supplied with the camera.<\/p>\n<p>Verl\u00e4ngert das Kabel des Netzteils um weitere 5 Meter.<\/p>\n<script language='javascript' type='text\/javascript'>function getWR360PopupSkin(){return 'light_clean';}<\/script>","protected":false},"excerpt":{"rendered":"<h3>Scope of Delivery<\/h3>\n<p>(1x) BERGHOCH | Verl\u00e4ngerungskabel f\u00fcr Funk HD Kameras I 5M<\/p>","protected":false},"featured_media":6769,"template":"","meta":{"_glsr_average":0,"_glsr_ranking":0,"_glsr_reviews":0},"product_brand":[],"product_cat":[87,692,696,751,1002],"product_tag":[],"class_list":{"0":"post-51543","1":"product","2":"type-product","3":"status-publish","4":"has-post-thumbnail","6":"product_cat-netzteile-12v","7":"product_cat-8mp-funk-sets","8":"product_cat-8mp-funk-optionen-aufpreise","9":"product_cat-dc-verlaengerung","10":"product_cat-8mp-funk-monitor-optionen-aufpreise","12":"first","13":"instock","14":"taxable","15":"shipping-taxable","16":"purchasable","17":"product-type-simple"},"bundled_by":[],"bundle_stock_status":"instock","bundle_stock_quantity":null,"bundle_virtual":false,"bundle_layout":"","bundle_add_to_cart_form_location":"","bundle_editable_in_cart":false,"bundle_sold_individually_context":"","bundle_item_grouping":"","bundle_min_size":"","bundle_max_size":"","bundle_price":[],"bundled_items":[],"bundle_sell_ids":[],"supplier_id":null,"supplier_sku":"","barcode":null,"atum_controlled":false,"out_stock_date":null,"out_stock_threshold":null,"inheritable":false,"inbound_stock":null,"stock_on_hold":0,"sold_today":0,"sales_last_days":0,"reserved_stock":null,"customer_returns":null,"warehouse_damage":null,"lost_in_post":null,"other_logs":null,"out_stock_days":0,"lost_sales":0,"has_location":false,"update_date":"2026-05-03T00:23:17","atum_locations":[],"atum_stock_status":"instock","restock_status":false,"low_stock_amount":"","sales_update_date":"2026-05-03T00:23:17","calc_backorders":null,"_links":{"self":[{"href":"https:\/\/www.berghoch.de\/en\/wp-json\/wp\/v2\/product\/51543","targetHints":{"allow":["GET"]}}],"collection":[{"href":"https:\/\/www.berghoch.de\/en\/wp-json\/wp\/v2\/product"}],"about":[{"href":"https:\/\/www.berghoch.de\/en\/wp-json\/wp\/v2\/types\/product"}],"version-history":[{"count":0,"href":"https:\/\/www.berghoch.de\/en\/wp-json\/wp\/v2\/product\/51543\/revisions"}],"wp:featuredmedia":[{"embeddable":true,"href":"https:\/\/www.berghoch.de\/en\/wp-json\/wp\/v2\/media\/6769"}],"wp:attachment":[{"href":"https:\/\/www.berghoch.de\/en\/wp-json\/wp\/v2\/media?parent=51543"}],"wp:term":[{"taxonomy":"product_brand","embeddable":true,"href":"https:\/\/www.berghoch.de\/en\/wp-json\/wp\/v2\/product_brand?post=51543"},{"taxonomy":"product_cat","embeddable":true,"href":"https:\/\/www.berghoch.de\/en\/wp-json\/wp\/v2\/product_cat?post=51543"},{"taxonomy":"product_tag","embeddable":true,"href":"https:\/\/www.berghoch.de\/en\/wp-json\/wp\/v2\/product_tag?post=51543"}],"curies":[{"name":"wp","href":"https:\/\/api.w.org\/{rel}","templated":true}]}}