{"id":57527,"date":"2025-04-16T01:03:30","date_gmt":"2025-04-15T23:03:30","guid":{"rendered":"https:\/\/www.berghoch.de\/?post_type=product&#038;p=57527"},"modified":"2025-09-11T11:32:39","modified_gmt":"2025-09-11T09:32:39","slug":"berghoch-b-ty-120-w-innenkamera","status":"publish","type":"product","link":"https:\/\/www.berghoch.de\/en\/product\/berghoch-b-ty-120-w-innenkamera\/","title":{"rendered":"BERGHOCH B-TY-120-W | Innenkamera"},"content":{"rendered":"<p>BERGHOCH B-TY-120-W | Innenkamera, schwenkbar mit Lautsprecher und Mikrofon<\/p>\n<ul>\n<li>5 Megapixel (2880 x 1620 Pixel) mit 120\u00b0 Sichtwinkel<\/li>\n<li>Infrarot LEDs f\u00fcr die Nachtsicht bis ca. 10 Meter<\/li>\n<li>WLAN, 2.4 GHz<\/li>\n<li>Drehbar 355\u00b0\/ Neigbar<\/li>\n<li>Personenerkennung mit Autoverfolgung, Alarmsirene<\/li>\n<li>Mikrofon und Lautsprecher<\/li>\n<li>Micro SD-Karten Slot bis 256GB, f\u00fcr Aufzeichnung<\/li>\n<li>Kompatibel mit NVR-Aufzeichnung ONVIF auf BERGHOCH Aufnahmeger\u00e4t NVR B16\/B32<\/li>\n<li>Alarmverkn\u00fcpfung mit Alarmanlage, gleichzeitiger Alarm<\/li>\n<li>Gleiche APP wie Alarmanlage<\/li>\n<\/ul>\n<p>Ma\u00dfe: 62 x 62 x 100 mm<br \/>\nMaterial: ABS-Kunststoff in weiss<br \/>\nArbeitsbereich: Innen, Deckenhalterung im Lieferumfang<\/p>\n<h2>Tuya App Vorteil<\/h2>\n<p data-start=\"121\" data-end=\"356\"><strong data-start=\"121\" data-end=\"180\">App-Steuerung mit Tuya Smart \u2013 keine monatlichen Kosten<\/strong><br data-start=\"180\" data-end=\"183\" \/>Diese \u00dcberwachungskamera wird \u00fcber die <strong data-start=\"222\" data-end=\"251\">kostenlose Tuya Smart App<\/strong> (iOS &amp; Android) eingerichtet und gesteuert.<br data-start=\"295\" data-end=\"298\" \/>F\u00fcr die Nutzung ist ein Tuya-Benutzerkonto erforderlich.<\/p>\n<p style=\"text-align: left;\" data-start=\"358\" data-end=\"373\"><strong data-start=\"358\" data-end=\"371\">Vorteile:<\/strong><\/p>\n<ul data-start=\"374\" data-end=\"629\">\n<li style=\"text-align: left;\" data-start=\"374\" data-end=\"424\">\n<p data-start=\"376\" data-end=\"424\">Live-Ansicht und Steuerung direkt \u00fcber die App<\/p>\n<\/li>\n<li style=\"text-align: left;\" data-start=\"425\" data-end=\"544\">\n<p data-start=\"427\" data-end=\"544\">Kombination mit weiteren Tuya-\/Smart Life-Ger\u00e4ten (z. B. Gl\u00fchbirnen, Steckdosen, Sensoren) verschiedener Hersteller<\/p>\n<\/li>\n<li data-start=\"545\" data-end=\"629\">\n<p style=\"text-align: left;\" data-start=\"547\" data-end=\"629\">Push-Benachrichtigungen bei Alarm oder Systemmeldungen direkt auf Ihr Smartphone<\/p>\n<\/li>\n<\/ul>\n<p data-start=\"631\" data-end=\"775\">Die Nutzung der App sowie die Verbindung der Kamera ist <strong data-start=\"687\" data-end=\"700\">kostenlos<\/strong>.<br data-start=\"701\" data-end=\"704\" \/>Es fallen <strong data-start=\"714\" data-end=\"744\">keine monatlichen Geb\u00fchren<\/strong> f\u00fcr die Grundfunktionen an.*<\/p>\n<p><img fetchpriority=\"high\" decoding=\"async\" src=\"https:\/\/www.berghoch.de\/wp-content\/uploads\/2023\/08\/Unterseite_Alarm_App_banner-1024x614.png\" sizes=\"(max-width: 1024px) 100vw, 1024px\" srcset=\"https:\/\/www.berghoch.de\/wp-content\/uploads\/2023\/08\/Unterseite_Alarm_App_banner-1024x614.png 1024w, https:\/\/www.berghoch.de\/wp-content\/uploads\/2023\/08\/Unterseite_Alarm_App_banner-300x180.png 300w, https:\/\/www.berghoch.de\/wp-content\/uploads\/2023\/08\/Unterseite_Alarm_App_banner-768x461.png 768w, https:\/\/www.berghoch.de\/wp-content\/uploads\/2023\/08\/Unterseite_Alarm_App_banner-1536x922.png 1536w, https:\/\/www.berghoch.de\/wp-content\/uploads\/2023\/08\/Unterseite_Alarm_App_banner-2048x1229.png 2048w, https:\/\/www.berghoch.de\/wp-content\/uploads\/2023\/08\/Unterseite_Alarm_App_banner-18x12.png 18w, https:\/\/www.berghoch.de\/wp-content\/uploads\/2023\/08\/Unterseite_Alarm_App_banner-600x360.png 600w\" alt=\"\" width=\"1024\" height=\"614\" \/><\/p>\n<p data-start=\"1264\" data-end=\"1776\"><strong data-start=\"204\" data-end=\"255\">*Hinweis zur App-Nutzung (Video\u00fcberwachungskameras)<\/strong><br \/>\nUnsere Video\u00fcberwachungskameras sind ausschlie\u00dflich mit der <strong data-start=\"1414\" data-end=\"1432\">Tuya Smart App<\/strong> (kostenlos f\u00fcr iOS &amp; Android) kompatibel.<br data-start=\"1474\" data-end=\"1477\" \/>Die App ist notwendig f\u00fcr die Einrichtung und Steuerung der Ger\u00e4te.<br data-start=\"1544\" data-end=\"1547\" \/>Die Datenverarbeitung (z. B. Videodaten, Kontoinformationen, Alarme, Push-Mitteilungen) erfolgt ausschlie\u00dflich durch den App-\/Cloud-Anbieter <strong data-start=\"1688\" data-end=\"1701\">Tuya Inc.<\/strong>.<br data-start=\"1702\" data-end=\"1705\" \/>Die <strong data-start=\"1709\" data-end=\"1738\">Hartford Electronics GmbH<\/strong> hat keinen Zugriff auf diese Daten.<\/p>\n<p data-start=\"1264\" data-end=\"1776\"><strong data-start=\"2200\" data-end=\"2230\">Hinweis zu Zusatzdiensten:<\/strong><br data-start=\"2230\" data-end=\"2233\" \/>Bestimmte Sonderfunktionen der Tuya-App \u2013 z. B. <strong data-start=\"2281\" data-end=\"2354\">Cloud-Speicherung von Videos oder Benachrichtigungen per Telefonanruf<\/strong> \u2013 k\u00f6nnen kostenpflichtig sein. Diese Zusatzfunktionen sind nicht notwendig f\u00fcr die Grundfunktionen der Ger\u00e4te.<\/p>\n<p data-start=\"1778\" data-end=\"2198\">Die Nutzung der Tuya Smart App ist derzeit kostenlos.<br data-start=\"508\" data-end=\"511\" \/>F\u00fcr die Grundfunktionen fallen aktuell keine laufenden Kosten an.<br data-start=\"578\" data-end=\"581\" \/>Die Preisgestaltung der App liegt ausschlie\u00dflich beim Anbieter Tuya Inc.<\/p>\n<p data-start=\"204\" data-end=\"886\">Datenschutzerkl\u00e4rung zum Produkt:\u00a0<a href=\"https:\/\/download.berghoch.de\/datenschutz\/Datenschutzerklaerung_Alarmanlage_Tuya_Hartford.pdf\" target=\"_blank\" rel=\"noopener\">Data protection<\/a><\/p>\n<p data-start=\"893\" data-end=\"1027\">Weitere Informationen finden Sie in der Datenschutzerkl\u00e4rung von Tuya:\u00a0<a href=\"https:\/\/developerapp.tuyaeu.com\/protocol\/167b0429ca803055?lang=zh\" target=\"_blank\" rel=\"noopener\">Data protection<\/a><\/p>\n<p data-start=\"893\" data-end=\"1027\">\n<script language='javascript' type='text\/javascript'>function getWR360PopupSkin(){return 'light_clean';}<\/script>","protected":false},"excerpt":{"rendered":"<h3>Scope of Delivery<\/h3>\n<p>(1x) BERGHOCH B-TY-120-W | Innenkamera, schwenkbar mit Lautsprecher und Mikrofon<br \/>\n(1x) USB-Netzteil 220V\/1A mit Standard USB-Anschlusskabel<\/p>","protected":false},"featured_media":57508,"template":"","meta":{"_glsr_average":0,"_glsr_ranking":0,"_glsr_reviews":0},"product_brand":[],"product_cat":[906,89],"product_tag":[],"class_list":{"0":"post-57527","1":"product","2":"type-product","3":"status-publish","4":"has-post-thumbnail","6":"product_cat-kameras-wlan-alarm","7":"product_cat-868-mhz-alarmanlagen","9":"first","10":"instock","11":"taxable","12":"shipping-taxable","13":"purchasable","14":"product-type-simple"},"bundled_by":["37319"],"bundle_stock_status":"instock","bundle_stock_quantity":null,"bundle_virtual":false,"bundle_layout":"","bundle_add_to_cart_form_location":"","bundle_editable_in_cart":false,"bundle_sold_individually_context":"","bundle_item_grouping":"","bundle_min_size":"","bundle_max_size":"","bundle_price":[],"bundled_items":[],"bundle_sell_ids":[],"supplier_id":null,"supplier_sku":"","barcode":null,"atum_controlled":false,"out_stock_date":null,"out_stock_threshold":null,"inheritable":false,"inbound_stock":null,"stock_on_hold":0,"sold_today":2,"sales_last_days":5,"reserved_stock":null,"customer_returns":null,"warehouse_damage":null,"lost_in_post":null,"other_logs":null,"out_stock_days":0,"lost_sales":0,"has_location":null,"update_date":"2026-04-10T08:34:06","atum_locations":[],"atum_stock_status":"instock","restock_status":false,"low_stock_amount":"","sales_update_date":"2026-04-10T08:34:06","calc_backorders":null,"_links":{"self":[{"href":"https:\/\/www.berghoch.de\/en\/wp-json\/wp\/v2\/product\/57527","targetHints":{"allow":["GET"]}}],"collection":[{"href":"https:\/\/www.berghoch.de\/en\/wp-json\/wp\/v2\/product"}],"about":[{"href":"https:\/\/www.berghoch.de\/en\/wp-json\/wp\/v2\/types\/product"}],"version-history":[{"count":0,"href":"https:\/\/www.berghoch.de\/en\/wp-json\/wp\/v2\/product\/57527\/revisions"}],"wp:featuredmedia":[{"embeddable":true,"href":"https:\/\/www.berghoch.de\/en\/wp-json\/wp\/v2\/media\/57508"}],"wp:attachment":[{"href":"https:\/\/www.berghoch.de\/en\/wp-json\/wp\/v2\/media?parent=57527"}],"wp:term":[{"taxonomy":"product_brand","embeddable":true,"href":"https:\/\/www.berghoch.de\/en\/wp-json\/wp\/v2\/product_brand?post=57527"},{"taxonomy":"product_cat","embeddable":true,"href":"https:\/\/www.berghoch.de\/en\/wp-json\/wp\/v2\/product_cat?post=57527"},{"taxonomy":"product_tag","embeddable":true,"href":"https:\/\/www.berghoch.de\/en\/wp-json\/wp\/v2\/product_tag?post=57527"}],"curies":[{"name":"wp","href":"https:\/\/api.w.org\/{rel}","templated":true}]}}