{"id":57546,"date":"2025-04-16T01:32:52","date_gmt":"2025-04-15T23:32:52","guid":{"rendered":"https:\/\/www.berghoch.de\/?post_type=product&#038;p=57546"},"modified":"2026-03-05T10:47:43","modified_gmt":"2026-03-05T09:47:43","slug":"berghoch-b-ty-140-video-tuerklingel","status":"publish","type":"product","link":"https:\/\/www.berghoch.de\/en\/product\/berghoch-b-ty-140-video-tuerklingel\/","title":{"rendered":"BERGHOCH B-TY-140 | Video T\u00fcrklingel"},"content":{"rendered":"<div data-elementor-type=\"product-post\" data-elementor-id=\"57546\" class=\"elementor elementor-57546\" data-elementor-post-type=\"product\">\n\t\t\t\t<div class=\"elementor-element elementor-element-edc7620 e-flex e-con-boxed e-con e-parent\" data-id=\"edc7620\" data-element_type=\"container\" data-e-type=\"container\">\n\t\t\t\t\t<div class=\"e-con-inner\">\n\t\t\t\t<div class=\"elementor-element elementor-element-3663e1f9 elementor-widget elementor-widget-text-editor\" data-id=\"3663e1f9\" data-element_type=\"widget\" data-e-type=\"widget\" data-widget_type=\"text-editor.default\">\n\t\t\t\t<div class=\"elementor-widget-container\">\n\t\t\t\t\t\t\t\t\tBERGHOCH B-TY-140 | Videot\u00fcrklingel mit Innenklingel\r\n<ul>\r\n \t<li>3 Megapixel (2304 x 1296 Pixel) mit 120\u00b0 Sichtwinkel<\/li>\r\n \t<li>Infrarot LEDs f\u00fcr die Nachtsicht bis ca. 10 Meter<\/li>\r\n \t<li>WLAN, 2.4 GHz<\/li>\r\n \t<li>Alarmmeldung \u00fcber PIR Sensor<\/li>\r\n \t<li>Mikrofon und Lautsprecher<\/li>\r\n \t<li>Klingelknopf mit APP-Benachrichtigung<\/li>\r\n \t<li>Innenklingel Funk als 220V Stecker<\/li>\r\n \t<li>Micro SD-Karten Slot bis 128GB, f\u00fcr Aufzeichnung<\/li>\r\n \t<li>Starke 5200 mAh Lithium Ionen Batterie, Lange Standby Zeit von bis zu 3-6 Monaten<\/li>\r\n \t<li>Alarmverkn\u00fcpfung mit Alarmanlage, gleichzeitiger Alarm<\/li>\r\n \t<li>Gleiche APP wie Alarmanlage<\/li>\r\n<\/ul>\r\nMa\u00dfe: 140 x 51 x 36 mm\r\nMaterial: ABS-Kunststoff in schwarz\r\nArbeitsbereich: -20\u00b0 bis +60\u00b0 Grad Temperatur, Aussen\/Innen, Wandmontage Kleben oder Schrauben.\r\nHalterung im Lieferumfang.\t\t\t\t\t\t\t\t<\/div>\n\t\t\t\t<\/div>\n\t\t\t\t\t<\/div>\n\t\t\t\t<\/div>\n\t\t<div class=\"elementor-element elementor-element-7ac119f1 e-flex e-con-boxed e-con e-parent\" data-id=\"7ac119f1\" data-element_type=\"container\" data-e-type=\"container\" data-settings=\"{&quot;background_background&quot;:&quot;classic&quot;}\">\n\t\t\t\t\t<div class=\"e-con-inner\">\n\t\t<div class=\"elementor-element elementor-element-d2919b8 e-con-full e-flex e-con e-child\" data-id=\"d2919b8\" data-element_type=\"container\" data-e-type=\"container\">\n\t\t\t\t<div class=\"elementor-element elementor-element-7deaf7f2 elementor-widget elementor-widget-spacer\" data-id=\"7deaf7f2\" data-element_type=\"widget\" data-e-type=\"widget\" data-widget_type=\"spacer.default\">\n\t\t\t\t<div class=\"elementor-widget-container\">\n\t\t\t\t\t\t\t<div class=\"elementor-spacer\">\n\t\t\t<div class=\"elementor-spacer-inner\"><\/div>\n\t\t<\/div>\n\t\t\t\t\t\t<\/div>\n\t\t\t\t<\/div>\n\t\t\t\t<div class=\"elementor-element elementor-element-2a36ecbc elementor-widget elementor-widget-heading\" data-id=\"2a36ecbc\" data-element_type=\"widget\" data-e-type=\"widget\" data-widget_type=\"heading.default\">\n\t\t\t\t<div class=\"elementor-widget-container\">\n\t\t\t\t\t<h2 class=\"elementor-heading-title elementor-size-default\">Tuya App Vorteil<\/h2>\t\t\t\t<\/div>\n\t\t\t\t<\/div>\n\t\t\t\t<div class=\"elementor-element elementor-element-568ee835 elementor-widget elementor-widget-text-editor\" data-id=\"568ee835\" data-element_type=\"widget\" data-e-type=\"widget\" data-widget_type=\"text-editor.default\">\n\t\t\t\t<div class=\"elementor-widget-container\">\n\t\t\t\t\t\t\t\t\t<p>\u00a0<\/p><p data-start=\"121\" data-end=\"356\"><strong data-start=\"121\" data-end=\"180\">App-Steuerung mit Tuya Smart \u2013 keine monatlichen Kosten<\/strong><br data-start=\"180\" data-end=\"183\" \/>Diese \u00dcberwachungskamera wird \u00fcber die <strong data-start=\"222\" data-end=\"251\">kostenlose Tuya Smart App<\/strong> (iOS &amp; Android) eingerichtet und gesteuert.<br data-start=\"295\" data-end=\"298\" \/>F\u00fcr die Nutzung ist ein Tuya-Benutzerkonto erforderlich.<\/p><p style=\"text-align: left;\" data-start=\"358\" data-end=\"373\"><strong data-start=\"358\" data-end=\"371\">Vorteile:<\/strong><\/p><ul data-start=\"374\" data-end=\"629\"><li style=\"text-align: left;\" data-start=\"374\" data-end=\"424\"><p data-start=\"376\" data-end=\"424\">Live-Ansicht und Steuerung direkt \u00fcber die App<\/p><\/li><li style=\"text-align: left;\" data-start=\"425\" data-end=\"544\"><p data-start=\"427\" data-end=\"544\">Kombination mit weiteren Tuya-\/Smart Life-Ger\u00e4ten (z. B. Gl\u00fchbirnen, Steckdosen, Sensoren) verschiedener Hersteller<\/p><\/li><li data-start=\"545\" data-end=\"629\"><p style=\"text-align: left;\" data-start=\"547\" data-end=\"629\">Push-Benachrichtigungen bei Alarm oder Systemmeldungen direkt auf Ihr Smartphone<\/p><\/li><\/ul><p data-start=\"631\" data-end=\"775\">Die Nutzung der App sowie die Verbindung der Kamera ist <strong data-start=\"687\" data-end=\"700\">kostenlos<\/strong>.<br data-start=\"701\" data-end=\"704\" \/>Es fallen <strong data-start=\"714\" data-end=\"744\">keine monatlichen Geb\u00fchren<\/strong> f\u00fcr die Grundfunktionen an.*<\/p>\t\t\t\t\t\t\t\t<\/div>\n\t\t\t\t<\/div>\n\t\t\t\t<div class=\"elementor-element elementor-element-24a1ce8c elementor-widget elementor-widget-spacer\" data-id=\"24a1ce8c\" data-element_type=\"widget\" data-e-type=\"widget\" data-widget_type=\"spacer.default\">\n\t\t\t\t<div class=\"elementor-widget-container\">\n\t\t\t\t\t\t\t<div class=\"elementor-spacer\">\n\t\t\t<div class=\"elementor-spacer-inner\"><\/div>\n\t\t<\/div>\n\t\t\t\t\t\t<\/div>\n\t\t\t\t<\/div>\n\t\t\t\t<\/div>\n\t\t<div class=\"elementor-element elementor-element-6c52cc50 e-con-full e-flex e-con e-child\" data-id=\"6c52cc50\" data-element_type=\"container\" data-e-type=\"container\">\n\t\t\t\t<div class=\"elementor-element elementor-element-53fa25c5 elementor-widget__width-initial elementor-widget elementor-widget-image\" data-id=\"53fa25c5\" data-element_type=\"widget\" data-e-type=\"widget\" data-widget_type=\"image.default\">\n\t\t\t\t<div class=\"elementor-widget-container\">\n\t\t\t\t\t\t\t\t\t\t\t\t\t\t\t<img fetchpriority=\"high\" decoding=\"async\" width=\"1024\" height=\"614\" src=\"https:\/\/www.berghoch.de\/wp-content\/uploads\/2023\/08\/Unterseite_Alarm_App_banner-1024x614.png\" class=\"attachment-large size-large wp-image-44488\" alt=\"\" srcset=\"https:\/\/www.berghoch.de\/wp-content\/uploads\/2023\/08\/Unterseite_Alarm_App_banner-1024x614.png 1024w, https:\/\/www.berghoch.de\/wp-content\/uploads\/2023\/08\/Unterseite_Alarm_App_banner-300x180.png 300w, https:\/\/www.berghoch.de\/wp-content\/uploads\/2023\/08\/Unterseite_Alarm_App_banner-768x461.png 768w, https:\/\/www.berghoch.de\/wp-content\/uploads\/2023\/08\/Unterseite_Alarm_App_banner-1536x922.png 1536w, https:\/\/www.berghoch.de\/wp-content\/uploads\/2023\/08\/Unterseite_Alarm_App_banner-2048x1229.png 2048w, https:\/\/www.berghoch.de\/wp-content\/uploads\/2023\/08\/Unterseite_Alarm_App_banner-18x12.png 18w, https:\/\/www.berghoch.de\/wp-content\/uploads\/2023\/08\/Unterseite_Alarm_App_banner-600x360.png 600w\" sizes=\"(max-width: 1024px) 100vw, 1024px\" \/>\t\t\t\t\t\t\t\t\t\t\t\t\t\t\t<\/div>\n\t\t\t\t<\/div>\n\t\t\t\t<div class=\"elementor-element elementor-element-5c350f83 elementor-widget elementor-widget-spacer\" data-id=\"5c350f83\" data-element_type=\"widget\" data-e-type=\"widget\" data-widget_type=\"spacer.default\">\n\t\t\t\t<div class=\"elementor-widget-container\">\n\t\t\t\t\t\t\t<div class=\"elementor-spacer\">\n\t\t\t<div class=\"elementor-spacer-inner\"><\/div>\n\t\t<\/div>\n\t\t\t\t\t\t<\/div>\n\t\t\t\t<\/div>\n\t\t\t\t<\/div>\n\t\t\t\t\t<\/div>\n\t\t\t\t<\/div>\n\t\t<div class=\"elementor-element elementor-element-55c71344 e-flex e-con-boxed e-con e-parent\" data-id=\"55c71344\" data-element_type=\"container\" data-e-type=\"container\">\n\t\t\t\t\t<div class=\"e-con-inner\">\n\t\t\t\t<div class=\"elementor-element elementor-element-194b705b elementor-widget elementor-widget-text-editor\" data-id=\"194b705b\" data-element_type=\"widget\" data-e-type=\"widget\" data-widget_type=\"text-editor.default\">\n\t\t\t\t<div class=\"elementor-widget-container\">\n\t\t\t\t\t\t\t\t\t<p data-start=\"1264\" data-end=\"1776\"><strong data-start=\"204\" data-end=\"255\">*Hinweis zur App-Nutzung (Video\u00fcberwachungskameras)<\/strong><br \/>Unsere Video\u00fcberwachungskameras sind ausschlie\u00dflich mit der <strong data-start=\"1414\" data-end=\"1432\">Tuya Smart App<\/strong> (kostenlos f\u00fcr iOS &amp; Android) kompatibel.<br data-start=\"1474\" data-end=\"1477\" \/>Die App ist notwendig f\u00fcr die Einrichtung und Steuerung der Ger\u00e4te.<br data-start=\"1544\" data-end=\"1547\" \/>Die Datenverarbeitung (z. B. Videodaten, Kontoinformationen, Alarme, Push-Mitteilungen) erfolgt ausschlie\u00dflich durch den App-\/Cloud-Anbieter <strong data-start=\"1688\" data-end=\"1701\">Tuya Inc.<\/strong>.<br data-start=\"1702\" data-end=\"1705\" \/>Die <strong data-start=\"1709\" data-end=\"1738\">Hartford Electronics GmbH<\/strong> hat keinen Zugriff auf diese Daten.<\/p><p data-start=\"1264\" data-end=\"1776\"><strong data-start=\"2200\" data-end=\"2230\">Hinweis zu Zusatzdiensten:<\/strong><br data-start=\"2230\" data-end=\"2233\" \/>Bestimmte Sonderfunktionen der Tuya-App \u2013 z. B. <strong data-start=\"2281\" data-end=\"2354\">Cloud-Speicherung von Videos oder Benachrichtigungen per Telefonanruf<\/strong> \u2013 k\u00f6nnen kostenpflichtig sein. Diese Zusatzfunktionen sind nicht notwendig f\u00fcr die Grundfunktionen der Ger\u00e4te.<\/p><p data-start=\"1778\" data-end=\"2198\">Die Nutzung der Tuya Smart App ist derzeit kostenlos.<br data-start=\"508\" data-end=\"511\" \/>F\u00fcr die Grundfunktionen fallen aktuell keine laufenden Kosten an.<br data-start=\"578\" data-end=\"581\" \/>Die Preisgestaltung der App liegt ausschlie\u00dflich beim Anbieter Tuya Inc.<\/p><p data-start=\"204\" data-end=\"886\">Datenschutzerkl\u00e4rung zum Produkt:\u00a0<a href=\"https:\/\/download.berghoch.de\/datenschutz\/Datenschutzerklaerung_Alarmanlage_Tuya_Hartford.pdf\" target=\"_blank\" rel=\"noopener\" data-wplink-edit=\"true\">Data protection<\/a><\/p><p data-start=\"893\" data-end=\"1027\">Weitere Informationen finden Sie in der Datenschutzerkl\u00e4rung von Tuya:\u00a0<a href=\"https:\/\/developerapp.tuyaeu.com\/protocol\/167b0429ca803055?lang=zh\" target=\"_blank\" rel=\"noopener\">Data protection<\/a><\/p><p data-start=\"893\" data-end=\"1027\">\u00a0<\/p>\t\t\t\t\t\t\t\t<\/div>\n\t\t\t\t<\/div>\n\t\t\t\t\t<\/div>\n\t\t\t\t<\/div>\n\t\t\t\t<\/div>\n\t\t<script language='javascript' type='text\/javascript'>function getWR360PopupSkin(){return 'light_clean';}<\/script>","protected":false},"excerpt":{"rendered":"<h3>Scope of Delivery<\/h3>\n<p>(1x) BERGHOCH B-TY-140 | Video T\u00fcrklingel<br \/>\n(1x) Innenklingel Funk als 220V Steckernetzteil<br \/>\n(1x) Wandhalterung mit 3M-Klebetape oder zum Schrauben<br \/>\n(1x) Netzteil 220V\/1A mit Standard USB-Anschlusskabel<\/p>","protected":false},"featured_media":68715,"template":"","meta":{"_glsr_average":0,"_glsr_ranking":0,"_glsr_reviews":0},"product_brand":[],"product_cat":[906,89],"product_tag":[],"class_list":{"0":"post-57546","1":"product","2":"type-product","3":"status-publish","4":"has-post-thumbnail","6":"product_cat-kameras-wlan-alarm","7":"product_cat-868-mhz-alarmanlagen","9":"first","10":"instock","11":"taxable","12":"shipping-taxable","13":"purchasable","14":"product-type-simple"},"bundled_by":["37319"],"bundle_stock_status":"instock","bundle_stock_quantity":null,"bundle_virtual":false,"bundle_layout":"","bundle_add_to_cart_form_location":"","bundle_editable_in_cart":false,"bundle_sold_individually_context":"","bundle_item_grouping":"","bundle_min_size":"","bundle_max_size":"","bundle_price":[],"bundled_items":[],"bundle_sell_ids":[],"supplier_id":null,"supplier_sku":"","barcode":null,"atum_controlled":false,"out_stock_date":null,"out_stock_threshold":null,"inheritable":false,"inbound_stock":null,"stock_on_hold":0,"sold_today":0,"sales_last_days":0,"reserved_stock":null,"customer_returns":null,"warehouse_damage":null,"lost_in_post":null,"other_logs":null,"out_stock_days":0,"lost_sales":0,"has_location":false,"update_date":"2026-04-22T00:15:11","atum_locations":[],"atum_stock_status":"instock","restock_status":false,"low_stock_amount":"","sales_update_date":"2026-04-22T00:15:11","calc_backorders":null,"_links":{"self":[{"href":"https:\/\/www.berghoch.de\/en\/wp-json\/wp\/v2\/product\/57546","targetHints":{"allow":["GET"]}}],"collection":[{"href":"https:\/\/www.berghoch.de\/en\/wp-json\/wp\/v2\/product"}],"about":[{"href":"https:\/\/www.berghoch.de\/en\/wp-json\/wp\/v2\/types\/product"}],"version-history":[{"count":0,"href":"https:\/\/www.berghoch.de\/en\/wp-json\/wp\/v2\/product\/57546\/revisions"}],"wp:featuredmedia":[{"embeddable":true,"href":"https:\/\/www.berghoch.de\/en\/wp-json\/wp\/v2\/media\/68715"}],"wp:attachment":[{"href":"https:\/\/www.berghoch.de\/en\/wp-json\/wp\/v2\/media?parent=57546"}],"wp:term":[{"taxonomy":"product_brand","embeddable":true,"href":"https:\/\/www.berghoch.de\/en\/wp-json\/wp\/v2\/product_brand?post=57546"},{"taxonomy":"product_cat","embeddable":true,"href":"https:\/\/www.berghoch.de\/en\/wp-json\/wp\/v2\/product_cat?post=57546"},{"taxonomy":"product_tag","embeddable":true,"href":"https:\/\/www.berghoch.de\/en\/wp-json\/wp\/v2\/product_tag?post=57546"}],"curies":[{"name":"wp","href":"https:\/\/api.w.org\/{rel}","templated":true}]}}