{"id":63479,"date":"2025-10-15T21:55:49","date_gmt":"2025-10-15T19:55:49","guid":{"rendered":"https:\/\/www.berghoch.de\/?post_type=product&#038;p=63479"},"modified":"2026-04-16T13:37:46","modified_gmt":"2026-04-16T11:37:46","slug":"berghoch-i-2-draht-tuersprechanlage-i-b-t-dc24v3a-i-netzteil-24v-3a","status":"publish","type":"product","link":"https:\/\/www.berghoch.de\/en\/product\/berghoch-i-2-draht-tuersprechanlage-i-b-t-dc24v3a-i-netzteil-24v-3a\/","title":{"rendered":"BERGHOCH I 2-Draht T\u00fcrsprechanlage I B-T-DC24V3A I Netzteil 24V 3A"},"content":{"rendered":"<p data-start=\"87\" data-end=\"136\"><strong data-start=\"87\" data-end=\"136\">Passend f\u00fcr BERGHOCH 2-Draht-T\u00fcrsprechanlagen<\/strong><\/p>\n<p data-start=\"138\" data-end=\"287\">Dieses Netzteil ist vollst\u00e4ndig kompatibel mit allen BERGHOCH 2-Draht-T\u00fcrsprechanlagen und sorgt f\u00fcr eine stabile sowie zuverl\u00e4ssige Stromversorgung.<\/p>\n<ul data-start=\"289\" data-end=\"757\">\n<li data-start=\"289\" data-end=\"384\">\n<p data-start=\"291\" data-end=\"384\"><strong data-start=\"291\" data-end=\"306\">Einzelkauf:<\/strong><br data-start=\"306\" data-end=\"309\" \/>Beim Einzelkauf erhalten Sie dieses Netzteil zum angegebenen Einzelpreis.<\/p>\n<\/li>\n<li data-start=\"386\" data-end=\"570\">\n<p data-start=\"388\" data-end=\"570\"><strong data-start=\"388\" data-end=\"408\">Aufpreis im Set:<\/strong><br data-start=\"408\" data-end=\"411\" \/>Beim Kauf eines BERGHOCH 2-Draht-T\u00fcrsprech-Sets wird dieses leistungsst\u00e4rkere Netzteil anstelle des serienm\u00e4\u00dfigen kleineren Netzteils (18 V \/ 3 A) geliefert.<\/p>\n<\/li>\n<li data-start=\"572\" data-end=\"757\">\n<p data-start=\"574\" data-end=\"757\"><strong data-start=\"574\" data-end=\"600\">Hinweis zum Anschluss:<\/strong><br data-start=\"600\" data-end=\"603\" \/>F\u00fcr den Anschluss wird zus\u00e4tzlich der folgende Artikel ben\u00f6tigt:<br data-start=\"669\" data-end=\"672\" \/><strong data-start=\"674\" data-end=\"757\">BERGHOCH | 2-Draht-T\u00fcrsprechanlage | B-T-Distributor | 2-Draht-Verteiler 4-fach<\/strong><\/p>\n<\/li>\n<\/ul>\n<script language='javascript' type='text\/javascript'>function getWR360PopupSkin(){return 'light_clean';}<\/script>","protected":false},"excerpt":{"rendered":"<h3>Scope of Delivery<\/h3>\n<p>(1x) B-T-DC24V3A I Netzteil 24V 3A<\/p>","protected":false},"featured_media":63686,"template":"","meta":{"_glsr_average":0,"_glsr_ranking":0,"_glsr_reviews":0},"product_brand":[],"product_cat":[830,985,988],"product_tag":[],"class_list":{"0":"post-63479","1":"product","2":"type-product","3":"status-publish","4":"has-post-thumbnail","6":"product_cat-tuersprechanlagen","7":"product_cat-2-draht-tuersprechanlagen","8":"product_cat-zubehoer","10":"first","11":"instock","12":"taxable","13":"shipping-taxable","14":"purchasable","15":"product-type-variable"},"bundled_by":[],"bundle_stock_status":"instock","bundle_stock_quantity":null,"bundle_virtual":false,"bundle_layout":"","bundle_add_to_cart_form_location":"","bundle_editable_in_cart":false,"bundle_sold_individually_context":"","bundle_item_grouping":"","bundle_min_size":"","bundle_max_size":"","bundle_price":[],"bundled_items":[],"bundle_sell_ids":[],"supplier_id":null,"supplier_sku":"","barcode":null,"atum_controlled":true,"out_stock_date":null,"out_stock_threshold":null,"inheritable":true,"inbound_stock":0,"stock_on_hold":0,"sold_today":0,"sales_last_days":2,"reserved_stock":0,"customer_returns":0,"warehouse_damage":0,"lost_in_post":0,"other_logs":0,"out_stock_days":0,"lost_sales":0,"has_location":false,"update_date":"2026-05-02T00:23:18","atum_locations":[],"atum_stock_status":"instock","restock_status":false,"low_stock_amount":"","sales_update_date":"2026-05-02T00:23:18","calc_backorders":null,"_links":{"self":[{"href":"https:\/\/www.berghoch.de\/en\/wp-json\/wp\/v2\/product\/63479","targetHints":{"allow":["GET"]}}],"collection":[{"href":"https:\/\/www.berghoch.de\/en\/wp-json\/wp\/v2\/product"}],"about":[{"href":"https:\/\/www.berghoch.de\/en\/wp-json\/wp\/v2\/types\/product"}],"version-history":[{"count":0,"href":"https:\/\/www.berghoch.de\/en\/wp-json\/wp\/v2\/product\/63479\/revisions"}],"wp:featuredmedia":[{"embeddable":true,"href":"https:\/\/www.berghoch.de\/en\/wp-json\/wp\/v2\/media\/63686"}],"wp:attachment":[{"href":"https:\/\/www.berghoch.de\/en\/wp-json\/wp\/v2\/media?parent=63479"}],"wp:term":[{"taxonomy":"product_brand","embeddable":true,"href":"https:\/\/www.berghoch.de\/en\/wp-json\/wp\/v2\/product_brand?post=63479"},{"taxonomy":"product_cat","embeddable":true,"href":"https:\/\/www.berghoch.de\/en\/wp-json\/wp\/v2\/product_cat?post=63479"},{"taxonomy":"product_tag","embeddable":true,"href":"https:\/\/www.berghoch.de\/en\/wp-json\/wp\/v2\/product_tag?post=63479"}],"curies":[{"name":"wp","href":"https:\/\/api.w.org\/{rel}","templated":true}]}}