{"id":63612,"date":"2025-10-16T18:50:01","date_gmt":"2025-10-16T16:50:01","guid":{"rendered":"https:\/\/www.berghoch.de\/?post_type=product&#038;p=63612"},"modified":"2026-04-17T13:56:30","modified_gmt":"2026-04-17T11:56:30","slug":"berghoch-poe-162-netzwerk-switch-fuer-poe-tuersprechanlage","status":"publish","type":"product","link":"https:\/\/www.berghoch.de\/en\/product\/berghoch-poe-162-netzwerk-switch-fuer-poe-tuersprechanlage\/","title":{"rendered":"BERGHOCH | POE | 16+2 Netzwerk Switch f\u00fcr POE-T\u00fcrsprechanlage"},"content":{"rendered":"<p><strong>Matching video distributor (POE network switch) for BERGHOCH door intercom systems<\/strong><\/p>\n<p>230V power supply through built-in power supply unit in the switch.<br \/>\nOnly suitable for BERGHOCH door intercom systems<br \/>\n250 Watt Leistung, empfohlen f\u00fcr gr\u00f6\u00dfere Installationen ab 4x Monitoren.<\/p>\n<p>The 16+2 POE switch features:<br \/>\n\u2013 (16x) POE-Ports<br \/>\n\u2013 (2x) uplink ports<\/p>\n<script language='javascript' type='text\/javascript'>function getWR360PopupSkin(){return 'light_clean';}<\/script>","protected":false},"excerpt":{"rendered":"<h3>Scope of Delivery<\/h3>\n<p>(1x) BERGHOCH 16+2 Netzwerk POE Switch f\u00fcr T\u00fcrsprechanlagen<\/p>","protected":false},"featured_media":47123,"template":"","meta":{"_glsr_average":0,"_glsr_ranking":0,"_glsr_reviews":0},"product_brand":[],"product_cat":[900,830],"product_tag":[],"class_list":{"0":"post-63612","1":"product","2":"type-product","3":"status-publish","4":"has-post-thumbnail","6":"product_cat-switch-zubehoer","7":"product_cat-tuersprechanlagen","9":"first","10":"instock","11":"taxable","12":"shipping-taxable","13":"purchasable","14":"product-type-simple"},"bundled_by":[],"bundle_stock_status":"instock","bundle_stock_quantity":null,"bundle_virtual":false,"bundle_layout":"","bundle_add_to_cart_form_location":"","bundle_editable_in_cart":false,"bundle_sold_individually_context":"","bundle_item_grouping":"","bundle_min_size":"","bundle_max_size":"","bundle_price":[],"bundled_items":[],"bundle_sell_ids":[],"supplier_id":null,"supplier_sku":"","barcode":null,"atum_controlled":false,"out_stock_date":null,"out_stock_threshold":null,"inheritable":false,"inbound_stock":null,"stock_on_hold":0,"sold_today":0,"sales_last_days":0,"reserved_stock":null,"customer_returns":null,"warehouse_damage":null,"lost_in_post":null,"other_logs":null,"out_stock_days":0,"lost_sales":0,"has_location":false,"update_date":"2026-04-21T00:15:16","atum_locations":[],"atum_stock_status":"instock","restock_status":false,"low_stock_amount":"","sales_update_date":"2026-04-21T00:15:16","calc_backorders":null,"_links":{"self":[{"href":"https:\/\/www.berghoch.de\/en\/wp-json\/wp\/v2\/product\/63612","targetHints":{"allow":["GET"]}}],"collection":[{"href":"https:\/\/www.berghoch.de\/en\/wp-json\/wp\/v2\/product"}],"about":[{"href":"https:\/\/www.berghoch.de\/en\/wp-json\/wp\/v2\/types\/product"}],"version-history":[{"count":0,"href":"https:\/\/www.berghoch.de\/en\/wp-json\/wp\/v2\/product\/63612\/revisions"}],"wp:featuredmedia":[{"embeddable":true,"href":"https:\/\/www.berghoch.de\/en\/wp-json\/wp\/v2\/media\/47123"}],"wp:attachment":[{"href":"https:\/\/www.berghoch.de\/en\/wp-json\/wp\/v2\/media?parent=63612"}],"wp:term":[{"taxonomy":"product_brand","embeddable":true,"href":"https:\/\/www.berghoch.de\/en\/wp-json\/wp\/v2\/product_brand?post=63612"},{"taxonomy":"product_cat","embeddable":true,"href":"https:\/\/www.berghoch.de\/en\/wp-json\/wp\/v2\/product_cat?post=63612"},{"taxonomy":"product_tag","embeddable":true,"href":"https:\/\/www.berghoch.de\/en\/wp-json\/wp\/v2\/product_tag?post=63612"}],"curies":[{"name":"wp","href":"https:\/\/api.w.org\/{rel}","templated":true}]}}